{"id":2470,"date":"2022-06-15T10:56:31","date_gmt":"2022-06-15T10:56:31","guid":{"rendered":"http:\/\/rainbowfitness.org\/cours-sur-mesure\/"},"modified":"2022-06-15T10:56:32","modified_gmt":"2022-06-15T10:56:32","slug":"cours-sur-mesure","status":"publish","type":"page","link":"https:\/\/rainbowfitness.org\/fr\/cours-sur-mesure\/","title":{"rendered":"Cours sur mesure"},"content":{"rendered":"[vc_row row_type=\u00a0\u00bbrow\u00a0\u00bb use_row_as_full_screen_section=\u00a0\u00bbno\u00a0\u00bb type=\u00a0\u00bbfull_width\u00a0\u00bb angled_section=\u00a0\u00bbno\u00a0\u00bb text_align=\u00a0\u00bbleft\u00a0\u00bb background_image_as_pattern=\u00a0\u00bbwithout_pattern\u00a0\u00bb css_animation=\u00a0\u00bb\u00a0\u00bb][vc_column css=\u00a0\u00bb.vc_custom_1466687919046{padding-top: 20px !important;padding-bottom: 40px !important;}\u00a0\u00bb][vc_column_text]\n<h1 style=\"text-align: center;\"><span style=\"color: #2c82c9;\">COURS SUR MESURE<\/span><\/h1>\n[\/vc_column_text][vc_separator type=\u00a0\u00bbsmall\u00a0\u00bb position=\u00a0\u00bbcenter\u00a0\u00bb color=\u00a0\u00bb#9365b8&Prime; thickness=\u00a0\u00bb5&Prime;][\/vc_column][\/vc_row][vc_row row_type=\u00a0\u00bbrow\u00a0\u00bb use_row_as_full_screen_section=\u00a0\u00bbno\u00a0\u00bb type=\u00a0\u00bbfull_width\u00a0\u00bb angled_section=\u00a0\u00bbno\u00a0\u00bb text_align=\u00a0\u00bbleft\u00a0\u00bb background_image_as_pattern=\u00a0\u00bbwithout_pattern\u00a0\u00bb css_animation=\u00a0\u00bb\u00a0\u00bb][vc_column css=\u00a0\u00bb.vc_custom_1469833704636{padding-bottom: 50px !important;}\u00a0\u00bb][vc_column_text css=\u00a0\u00bb.vc_custom_1469833932691{padding-bottom: 10px !important;}\u00a0\u00bb]<span style=\"font-size: 22px; color: #9365b8;\"><strong>Cours sur mesure ou PT en petit groupe&nbsp;:<\/strong><\/span>[\/vc_column_text][vc_column_text css=\u00a0\u00bb.vc_custom_1469866929594{padding-bottom: 10px !important;}\u00a0\u00bb]<img loading=\"lazy\" decoding=\"async\" class=\"size-full wp-image-2192 alignright\" src=\"http:\/\/rainbowfitness.org\/wp-content\/uploads\/2016\/07\/RELAX-AND-RELEASE-margin1_sl.jpg\" alt=\"D\u00c9TENDEZ-VOUS---margin(1)_sl\" width=\"247\" height=\"350\" srcset=\"https:\/\/rainbowfitness.org\/wp-content\/uploads\/2016\/07\/RELAX-AND-RELEASE-margin1_sl.jpg 301w, https:\/\/rainbowfitness.org\/wp-content\/uploads\/2016\/07\/RELAX-AND-RELEASE-margin1_sl-200x284.jpg 200w, https:\/\/rainbowfitness.org\/wp-content\/uploads\/2016\/07\/RELAX-AND-RELEASE-margin1_sl-211x300.jpg 211w\" sizes=\"auto, (max-width: 247px) 100vw, 247px\" \/>Si vous avez quelques amis avec qui vous aimeriez avoir un cours priv\u00e9 et sur mesure.[\/vc_column_text][vc_column_text css=\u00a0\u00bb.vc_custom_1469833742291{padding-bottom: 10px !important;}\u00a0\u00bb]Cela peut \u00eatre organis\u00e9 selon vos besoins :[\/vc_column_text][vc_column_text css=\u00a0\u00bb.vc_custom_1469833770937{padding-bottom: 10px !important;}\u00a0\u00bb]Flexibilit\u00e9 fitness, travail d&rsquo;endurance, technique, force, pad-work (kickboxing\u2026), circuits, nutrition. N&rsquo;importe lequel de ceux-ci peut \u00eatre int\u00e9gr\u00e9 dans une classe adapt\u00e9e \u00e0 votre groupe.[\/vc_column_text][vc_column_text css=\u00a0\u00bb.vc_custom_1470426434129{padding-bottom: 10px !important;}\u00a0\u00bb]\n<p>&nbsp;<\/p>\n<p>Veuillez <a href=\"https:\/\/rainbowfitness.org\/fr\/nous-contacter\/\">nous contacter<\/a> pour votre devis personnalis\u00e9.[\/vc_column_text][vc_column_text css=\u00a0\u00bb.vc_custom_1470426324171{padding-bottom: 10px !important;}\u00a0\u00bb]\n<p>&nbsp;<\/p>\n<p>Par exemple : Stretch &amp; Poise, cours de 30min dispens\u00e9 pendant votre lunch-time <strong>au travail avec des coll\u00e8gues<\/strong> ou <strong>\u00e0 la maison avec des amis<\/strong> , r\u00e9servez une prestation de s\u00e9ance Stretch &amp; Poise et soyez \u00e9nergis\u00e9 pour la seconde moiti\u00e9 de votre journ\u00e9e ![\/vc_column_text][\/vc_column][\/vc_row]\n","protected":false},"excerpt":{"rendered":"<p>[vc_row row_type=\u00a0\u00bbrow\u00a0\u00bb use_row_as_full_screen_section=\u00a0\u00bbno\u00a0\u00bb type=\u00a0\u00bbfull_width\u00a0\u00bb angled_section=\u00a0\u00bbno\u00a0\u00bb text_align=\u00a0\u00bbleft\u00a0\u00bb background_image_as_pattern=\u00a0\u00bbwithout_pattern\u00a0\u00bb css_animation=\u00a0\u00bb\u00a0\u00bb][vc_column css=\u00a0\u00bb.vc_custom_1466687919046{padding-top: 20px !important;padding-bottom: 40px !important;}\u00a0\u00bb][vc_column_text] COURS SUR MESURE [\/vc_column_text][vc_separator type=\u00a0\u00bbsmall\u00a0\u00bb position=\u00a0\u00bbcenter\u00a0\u00bb color=\u00a0\u00bb#9365b8&Prime; thickness=\u00a0\u00bb5&Prime;][\/vc_column][\/vc_row][vc_row row_type=\u00a0\u00bbrow\u00a0\u00bb use_row_as_full_screen_section=\u00a0\u00bbno\u00a0\u00bb type=\u00a0\u00bbfull_width\u00a0\u00bb angled_section=\u00a0\u00bbno\u00a0\u00bb text_align=\u00a0\u00bbleft\u00a0\u00bb background_image_as_pattern=\u00a0\u00bbwithout_pattern\u00a0\u00bb css_animation=\u00a0\u00bb\u00a0\u00bb][vc_column css=\u00a0\u00bb.vc_custom_1469833704636{padding-bottom: 50px !important;}\u00a0\u00bb][vc_column_text css=\u00a0\u00bb.vc_custom_1469833932691{padding-bottom: 10px !important;}\u00a0\u00bb]Cours sur mesure ou PT en petit groupe&nbsp;:[\/vc_column_text][vc_column_text css=\u00a0\u00bb.vc_custom_1469866929594{padding-bottom: 10px !important;}\u00a0\u00bb]Si vous&#8230;<\/p>\n","protected":false},"author":1,"featured_media":0,"parent":0,"menu_order":0,"comment_status":"closed","ping_status":"closed","template":"","meta":{"footnotes":""},"class_list":["post-2470","page","type-page","status-publish","hentry"],"_links":{"self":[{"href":"https:\/\/rainbowfitness.org\/fr\/wp-json\/wp\/v2\/pages\/2470","targetHints":{"allow":["GET"]}}],"collection":[{"href":"https:\/\/rainbowfitness.org\/fr\/wp-json\/wp\/v2\/pages"}],"about":[{"href":"https:\/\/rainbowfitness.org\/fr\/wp-json\/wp\/v2\/types\/page"}],"author":[{"embeddable":true,"href":"https:\/\/rainbowfitness.org\/fr\/wp-json\/wp\/v2\/users\/1"}],"replies":[{"embeddable":true,"href":"https:\/\/rainbowfitness.org\/fr\/wp-json\/wp\/v2\/comments?post=2470"}],"version-history":[{"count":1,"href":"https:\/\/rainbowfitness.org\/fr\/wp-json\/wp\/v2\/pages\/2470\/revisions"}],"predecessor-version":[{"id":2473,"href":"https:\/\/rainbowfitness.org\/fr\/wp-json\/wp\/v2\/pages\/2470\/revisions\/2473"}],"wp:attachment":[{"href":"https:\/\/rainbowfitness.org\/fr\/wp-json\/wp\/v2\/media?parent=2470"}],"curies":[{"name":"wp","href":"https:\/\/api.w.org\/{rel}","templated":true}]}}