{"id":2441,"date":"2022-06-15T10:56:27","date_gmt":"2022-06-15T10:56:27","guid":{"rendered":"http:\/\/rainbowfitness.org\/ou\/"},"modified":"2025-01-11T03:20:46","modified_gmt":"2025-01-11T03:20:46","slug":"ou","status":"publish","type":"page","link":"https:\/\/rainbowfitness.org\/fr\/ou\/","title":{"rendered":"O\u00f9?"},"content":{"rendered":"[vc_row css_animation=\u00a0\u00bb\u00a0\u00bb row_type=\u00a0\u00bbrow\u00a0\u00bb use_row_as_full_screen_section=\u00a0\u00bbno\u00a0\u00bb type=\u00a0\u00bbfull_width\u00a0\u00bb angled_section=\u00a0\u00bbno\u00a0\u00bb text_align=\u00a0\u00bbleft\u00a0\u00bb background_image_as_pattern=\u00a0\u00bbwithout_pattern\u00a0\u00bb][vc_column css=\u00a0\u00bb.vc_custom_1466687919046{padding-top: 20px !important;padding-bottom: 40px !important;}\u00a0\u00bb][vc_column_text]\n<h1 style=\"text-align: center;\"><span style=\"color: #2c82c9;\">O\u00d9<\/span><\/h1>\n[\/vc_column_text][vc_separator type=\u00a0\u00bbsmall\u00a0\u00bb position=\u00a0\u00bbcenter\u00a0\u00bb color=\u00a0\u00bb#9365b8&Prime; thickness=\u00a0\u00bb5&Prime;][\/vc_column][\/vc_row][vc_row css_animation=\u00a0\u00bb\u00a0\u00bb row_type=\u00a0\u00bbrow\u00a0\u00bb use_row_as_full_screen_section=\u00a0\u00bbno\u00a0\u00bb type=\u00a0\u00bbfull_width\u00a0\u00bb angled_section=\u00a0\u00bbno\u00a0\u00bb text_align=\u00a0\u00bbleft\u00a0\u00bb background_image_as_pattern=\u00a0\u00bbwithout_pattern\u00a0\u00bb][vc_column css=\u00a0\u00bb.vc_custom_1469782301185{padding-bottom: 50px !important;}\u00a0\u00bb][vc_column_text css=\u00a0\u00bb.vc_custom_1469780914748{padding-bottom: 10px !important;}\u00a0\u00bb]<span style=\"color: #9365b8;\"><strong>De chez vous.<\/strong><\/span><\/p>\n<p>Veuillez <strong><a href=\"\/?page_id=2246\">nous contacter<\/a><\/strong> pour un devis sur mesure.[\/vc_column_text][vc_column_text css=\u00a0\u00bb.vc_custom_1469781014341{padding-bottom: 10px !important;}\u00a0\u00bb]<span style=\"color: #9365b8;\"><strong>Sur votre lieu de travail.<\/strong><\/span><\/p>\n<p>Veuillez <strong><a href=\"\/?page_id=2246\">nous contacter<\/a><\/strong> pour un devis sur mesure.[\/vc_column_text][vc_column_text css=\u00a0\u00bb.vc_custom_1470622116186{padding-bottom: 10px !important;}\u00a0\u00bb]<span style=\"color: #9365b8;\"><strong>En plein air.<\/strong><\/span><\/p>\n<p><strong>Montauban, Monclar et leurs alentours<\/strong>\u00a0 -services mobiles-.[\/vc_column_text]\n<p><strong>En dehors de <a href=\"https:\/\/www.google.com\/maps\/place\/82000+Montauban,+France\/@44.0215484,1.0692301,11z\/data=!4m15!1m8!3m7!1s0x12ac12a9acb3e01f:0x306f69c2f3b2aa0!2sTarn-et-Garonne,+France!3b1!8m2!3d44.0126679!4d1.2891036!16zL20vMG1jYl8!3m5!1s0x12ac0de6de9463e9:0xc7fb153793253908!8m2!3d44.0221252!4d1.3529599!16zL20vMDU0ejc?hl=fr&amp;entry=ttu&amp;g_ep=EgoyMDI1MDEwOC4wIKXMDSoASAFQAw%3D%3D\" target=\"_blank\" rel=\"noopener\">Montauban<\/a><\/strong> Tarn et Garonne.<strong><br \/>\n<\/strong><\/p>\n<p>Veuillez <strong><a href=\"\/?page_id=2246\">nous contacter<\/a><\/strong> pour un devis sur mesure.<\/p>\n<p>&nbsp;<\/p>\n<p>&nbsp;<\/p>\n<p>S\u00e9ances en Ligne \/<strong>visio pour le reste de la France<\/strong> et l&rsquo;Europe-g\u00e9ographique.<\/p>\n<p>&nbsp;<\/p>\n<p>&nbsp;<\/p>\n<p>&nbsp;<\/p>\n[vc_gmaps link=\u00a0\u00bb#E-8_JTNDaWZyYW1lJTIwc3JjJTNEJTIyaHR0cHMlM0ElMkYlMkZ3d3cuZ29vZ2xlLmNvbSUyRm1hcHMlMkZlbWJlZCUzRnBiJTNEJTIxMW0xOCUyMTFtMTIlMjExbTMlMjExZDQ5NzAuMjAzNjUwNTkyNDczJTIxMmQtMi42MjQzODMyNjcwNjMwNzgyJTIxM2Q1MS40NzQ2NDUyMjA5MTg4OSUyMTJtMyUyMTFmMCUyMTJmMCUyMTNmMCUyMTNtMiUyMTFpMTAyNCUyMTJpNzY4JTIxNGYxMy4xJTIxM20zJTIxMW0yJTIxMXMweDQ4NzE4ZGVkN2FiZGU1ZDclMjUzQTB4NDgwM2VmNTczMDY5MjUzNCUyMTJzRHVyZGhhbSUyQkRvd24lMjE1ZTAlMjEzbTIlMjExc2VuJTIxMnN1ayUyMTR2MTQ3MDYxODYzMjg3MCUyMiUyMHdpZHRoJTNEJTIyMjAwJTIyJTIwaGVpZ2h0JTNEJTIyMTUwJTIyJTIwZnJhbWVib3JkZXIlM0QlMjIwJTIyJTIwc3R5bGUlM0QlMjJib3JkZXIlM0EwJTIyJTIwYWxsb3dmdWxsc2NyZWVuJTNEJTIyJTIyJTNFJTNDJTJGaWZyYW1lJTNF\u00a0\u00bb size=\u00a0\u00bbsmall\u00a0\u00bb][vc_column_text]\n<p><span style=\"text-decoration: underline;\">Pas de s\u00e9ances sur place<\/span> dans la r\u00e9gion de Bristol[\/vc_column_text][vc_column_text css=\u00a0\u00bb.vc_custom_1536427545932{padding-bottom: 10px !important;}\u00a0\u00bb]\n<p>&nbsp;<\/p>\n<p>&nbsp;<\/p>\n<p>&nbsp;<\/p>\n<p>&nbsp;<\/p>\n[\/vc_column_text][vc_column_text css=\u00a0\u00bb.vc_custom_1469782029507{padding-bottom: 10px !important;}\u00a0\u00bb]<span style=\"color: #9365b8; font-size: 22px;\"><strong>Salles de sport locales\u00a0:<\/strong><\/span>[\/vc_column_text][vc_column_text]<i class=\"qode_icon_font_awesome fa fa-location-arrow qode_iwt_icon_element\" style=\"color: #2c82c9;\"><\/i> <strong><span style=\"color: #ffffff;\"><a style=\"color: #ffffff;\" href=\"http:\/\/theexerciseclub.co.uk\/postural-restoration-optimal-flexibility\/\" target=\"_blank\" rel=\"noopener noreferrer\">Le club d&rsquo;exercice<\/a><\/span><\/strong>[\/vc_column_text][vc_column_text]<em><span style=\"color: #ffffff;\"><a style=\"color: #ffffff;\" href=\"https:\/\/www.google.com\/maps\/place\/The+Exercise+Club,+213+Whiteladies+Rd,+Bristol+BS8+2XS,+United+Kingdom\/@51.4700391,-2.6145327,17z\/data=!4m2!3m1!1s0x48718de94b27eb1f:0x82860894fc42b512?hl=en-US\" target=\"_blank\" rel=\"noopener noreferrer\"><span style=\"color: #3366ff;\">BS8 2XS<\/span> <span style=\"color: #cc99ff;\"><span style=\"color: #9365b8;\"><strong>213 Blanc Dames Route<\/strong><\/span><\/span><\/a><\/span><\/em>[\/vc_column_text][vc_column_text css=\u00a0\u00bb.vc_custom_1536428742352{padding-bottom: 10px !important;}\u00a0\u00bb]Stationnement s\u00e9curitaire sur rue et supports \u00e0 v\u00e9los (possible d&rsquo;apporter quelques v\u00e9los \u00e0 l&rsquo;int\u00e9rieur ou de verrouiller les v\u00e9los sur le c\u00f4t\u00e9 droit du b\u00e2timent).<\/p>\n<p>Vestiaires, douches et casiers (dames 2e \u00e9tage, messieurs 1er \u00e9tage).<\/p>\n<p>Le studio est situ\u00e9 au premier \u00e9tage : cage d&rsquo;escalier \u00e0 chaque extr\u00e9mit\u00e9 pour l&rsquo;acc\u00e8s par le b\u00e2timent.<\/p>\n<p>Rez-de-chauss\u00e9e avec un grand espace de r\u00e9ception, un ensemble tr\u00e8s complet de machines de musculation et deux salles de soins.[\/vc_column_text][vc_single_image image=\u00a0\u00bb2356&Prime; img_size=\u00a0\u00bbfull\u00a0\u00bb alignment=\u00a0\u00bbcenter\u00a0\u00bb qode_css_animation=\u00a0\u00bb\u00a0\u00bb css=\u00a0\u00bb.vc_custom_1537347933717{padding-bottom: 10px !important;}\u00a0\u00bb][vc_single_image image=\u00a0\u00bb2355&Prime; img_size=\u00a0\u00bb1360&#215;408&Prime; alignment=\u00a0\u00bbcenter\u00a0\u00bb qode_css_animation=\u00a0\u00bb\u00a0\u00bb css=\u00a0\u00bb.vc_custom_1536666102463{padding-bottom: 10px !important;}\u00a0\u00bb][vc_column_text css=\u00a0\u00bb.vc_custom_1470623211357{padding-bottom: 10px !important;}\u00a0\u00bb]<span style=\"color: #9365b8;\"><strong>Terre Rouge<\/strong><\/span>[\/vc_column_text][vc_column_text]<i class=\"qode_icon_font_awesome fa fa-location-arrow qode_iwt_icon_element\" style=\"color: #2c82c9;\"><\/i> <strong><span style=\"color: #ffffff;\"><a style=\"color: #ffffff;\" href=\"http:\/\/www.redlandgreen.co.uk\/contact-us.\/\" target=\"_blank\" rel=\"noopener noreferrer\">Club de tennis et de squash de Bristol<\/a><\/span><\/strong>[\/vc_column_text][vc_column_text]<em><span style=\"color: #ffffff;\"><a style=\"color: #ffffff;\" href=\"http:\/\/www.viamichelin.com\/web\/Maps?address=BS6%207HF\" target=\"_blank\" rel=\"noopener noreferrer\"><span style=\"color: #3366ff;\">BS6 7HF<\/span> <span style=\"color: #cc99ff;\"><span style=\"color: #9365b8;\"><strong>Vert<\/strong><\/span><\/span> Terre Rouge<\/a><\/span><\/em>[\/vc_column_text][vc_column_text css=\u00a0\u00bb.vc_custom_1536429000071{padding-bottom: 10px !important;}\u00a0\u00bb]Stationnement et supports \u00e0 v\u00e9los s\u00e9curitaires et gratuits. Installations sportives couvertes au rez-de-chauss\u00e9e :<\/p>\n<p>devant la r\u00e9ception, les vestiaires et les douches. Avec un \u00ab\u00a0bar des sports\u00a0\u00bb \u00e0 l&rsquo;\u00e9tage.<\/p>\n<p>Le studio est situ\u00e9 sur la gauche, au bout du couloir.<\/p>\n<p>La salle de sport \u00e9quip\u00e9e, se situe sur la droite, au bout du couloir.<\/p>\n[\/vc_column_text][vc_single_image image=\u00a0\u00bb2346&Prime; img_size=\u00a0\u00bbfull\u00a0\u00bb alignment=\u00a0\u00bbcenter\u00a0\u00bb qode_css_animation=\u00a0\u00bb\u00a0\u00bb css=\u00a0\u00bb.vc_custom_1536427632460{padding-bottom: 10px !important;}\u00a0\u00bb][vc_single_image image=\u00a0\u00bb2347&Prime; img_size=\u00a0\u00bbfull\u00a0\u00bb alignment=\u00a0\u00bbcenter\u00a0\u00bb qode_css_animation=\u00a0\u00bb\u00a0\u00bb css=\u00a0\u00bb.vc_custom_1536429837175{padding-bottom: 10px !important;}\u00a0\u00bb][vc_column_text]\n<p>&nbsp;<\/p>\n[\/vc_column_text][vc_row_inner row_type=\u00a0\u00bbrow\u00a0\u00bb type=\u00a0\u00bbfull_width\u00a0\u00bb text_align=\u00a0\u00bbleft\u00a0\u00bb css_animation=\u00a0\u00bb\u00a0\u00bb][vc_column_inner width=\u00a0\u00bb1\/2&Prime; css=\u00a0\u00bb.vc_custom_1468842391003{padding-bottom: 10px !important;}\u00a0\u00bb][vc_column_text css=\u00a0\u00bb.vc_custom_1470624169250{padding-bottom: 10px !important;}\u00a0\u00bb]<span style=\"font-size: 16px;\"><strong><span style=\"color: #9365b8;\">Centre-ville<\/span><\/strong><\/span>[\/vc_column_text][vc_column_text]<i class=\"qode_icon_font_awesome fa fa-location-arrow qode_iwt_icon_element\" style=\"color: #2c82c9;\"><\/i> <span style=\"color: #ffffff;\"><a style=\"color: #ffffff;\" href=\"http:\/\/wilderststudio.co.uk\/\" target=\"_blank\" rel=\"noopener noreferrer\">Studio de la rue Wilder<\/a><\/span>[\/vc_column_text][vc_column_text css=\u00a0\u00bb.vc_custom_1467047361613{padding-bottom: 10px !important;}\u00a0\u00bb]<i class=\"qode_icon_font_awesome fa fa-location-arrow qode_iwt_icon_element\" style=\"color: #2c82c9;\"><\/i> <span style=\"color: #ffffff;\"><a style=\"color: #ffffff;\" href=\"https:\/\/www.google.co.uk\/maps\/place\/Wilder+Studios\/@51.461494,-2.587881,14z\/data=!4m5!3m4!1s0x48718e73e93f1b85:0xdb9675f84bbf63bb!8m2!3d51.4610762!4d-2.5889172?hl=en\" target=\"_blank\" rel=\"noopener noreferrer\">St. Pauls BS2 8QA<\/a><\/span>[\/vc_column_text][vc_column_text css=\u00a0\u00bb.vc_custom_1536429303143{padding-bottom: 10px !important;}\u00a0\u00bb]S\u00e9ances priv\u00e9es possibles, merci de <strong><a href=\"\/?page_id=2246\">nous contacter<\/a><\/strong> pour un devis sur mesure.[\/vc_column_text][vc_single_image image=\u00a0\u00bb2337&Prime; img_size=\u00a0\u00bblarge\u00a0\u00bb qode_css_animation=\u00a0\u00bb\u00a0\u00bb][\/vc_column_inner][vc_column_inner width=\u00a0\u00bb1\/2&Prime; css=\u00a0\u00bb.vc_custom_1468842408573{padding-bottom: 10px !important;}\u00a0\u00bb][vc_column_text css=\u00a0\u00bb.vc_custom_1470623722569{padding-bottom: 10px !important;}\u00a0\u00bb]<span style=\"color: #9365b8; font-size: 16px;\"><strong>Bedminster et Kingswood<\/strong><\/span>[\/vc_column_text][vc_column_text]<span style=\"color: #ffffff; font-size: 16px;\"><span style=\"color: #ffffff;\">ou tout autre quartier de Bristol<\/span><br \/>\n<\/span>[\/vc_column_text][vc_column_text]<span style=\"color: #ffffff;\">nous essaierons d&rsquo;accommoder<\/span>[\/vc_column_text][vc_column_text css=\u00a0\u00bb.vc_custom_1469781974832{padding-bottom: 10px !important;}\u00a0\u00bb]Veuillez <strong><a href=\"\/?page_id=2246\">nous contacter<\/a><\/strong> pour un devis sur mesure.[\/vc_column_text][vc_single_image image=\u00a0\u00bb2187&Prime; img_size=\u00a0\u00bbmedium\u00a0\u00bb qode_css_animation=\u00a0\u00bb\u00a0\u00bb][\/vc_column_inner][\/vc_row_inner][vc_single_image image=\u00a0\u00bb2185&Prime; img_size=\u00a0\u00bbfull\u00a0\u00bb alignment=\u00a0\u00bbcenter\u00a0\u00bb qode_css_animation=\u00a0\u00bb\u00a0\u00bb css=\u00a0\u00bb.vc_custom_1470621886092{padding-bottom: 15px !important;}\u00a0\u00bb][\/vc_column][\/vc_row][vc_row css_animation=\u00a0\u00bb\u00a0\u00bb row_type=\u00a0\u00bbrow\u00a0\u00bb use_row_as_full_screen_section=\u00a0\u00bbno\u00a0\u00bb type=\u00a0\u00bbfull_width\u00a0\u00bb angled_section=\u00a0\u00bbno\u00a0\u00bb text_align=\u00a0\u00bbleft\u00a0\u00bb background_image_as_pattern=\u00a0\u00bbwithout_pattern\u00a0\u00bb][vc_column][\/vc_column][\/vc_row][vc_row css_animation=\u00a0\u00bb\u00a0\u00bb row_type=\u00a0\u00bbrow\u00a0\u00bb use_row_as_full_screen_section=\u00a0\u00bbno\u00a0\u00bb type=\u00a0\u00bbfull_width\u00a0\u00bb angled_section=\u00a0\u00bbno\u00a0\u00bb text_align=\u00a0\u00bbleft\u00a0\u00bb background_image_as_pattern=\u00a0\u00bbwithout_pattern\u00a0\u00bb][vc_column][\/vc_column][\/vc_row]\n","protected":false},"excerpt":{"rendered":"<p>[vc_row css_animation=\u00a0\u00bb\u00a0\u00bb row_type=\u00a0\u00bbrow\u00a0\u00bb use_row_as_full_screen_section=\u00a0\u00bbno\u00a0\u00bb type=\u00a0\u00bbfull_width\u00a0\u00bb angled_section=\u00a0\u00bbno\u00a0\u00bb text_align=\u00a0\u00bbleft\u00a0\u00bb background_image_as_pattern=\u00a0\u00bbwithout_pattern\u00a0\u00bb][vc_column css=\u00a0\u00bb.vc_custom_1466687919046{padding-top: 20px !important;padding-bottom: 40px !important;}\u00a0\u00bb][vc_column_text] O\u00d9 [\/vc_column_text][vc_separator type=\u00a0\u00bbsmall\u00a0\u00bb position=\u00a0\u00bbcenter\u00a0\u00bb color=\u00a0\u00bb#9365b8&Prime; thickness=\u00a0\u00bb5&Prime;][\/vc_column][\/vc_row][vc_row css_animation=\u00a0\u00bb\u00a0\u00bb row_type=\u00a0\u00bbrow\u00a0\u00bb use_row_as_full_screen_section=\u00a0\u00bbno\u00a0\u00bb type=\u00a0\u00bbfull_width\u00a0\u00bb angled_section=\u00a0\u00bbno\u00a0\u00bb text_align=\u00a0\u00bbleft\u00a0\u00bb background_image_as_pattern=\u00a0\u00bbwithout_pattern\u00a0\u00bb][vc_column css=\u00a0\u00bb.vc_custom_1469782301185{padding-bottom: 50px !important;}\u00a0\u00bb][vc_column_text css=\u00a0\u00bb.vc_custom_1469780914748{padding-bottom: 10px !important;}\u00a0\u00bb]De chez vous. Veuillez nous contacter pour un devis sur mesure.[\/vc_column_text][vc_column_text css=\u00a0\u00bb.vc_custom_1469781014341{padding-bottom: 10px !important;}\u00a0\u00bb]Sur&#8230;<\/p>\n","protected":false},"author":1,"featured_media":0,"parent":0,"menu_order":0,"comment_status":"closed","ping_status":"closed","template":"","meta":{"footnotes":""},"class_list":["post-2441","page","type-page","status-publish","hentry"],"_links":{"self":[{"href":"https:\/\/rainbowfitness.org\/fr\/wp-json\/wp\/v2\/pages\/2441","targetHints":{"allow":["GET"]}}],"collection":[{"href":"https:\/\/rainbowfitness.org\/fr\/wp-json\/wp\/v2\/pages"}],"about":[{"href":"https:\/\/rainbowfitness.org\/fr\/wp-json\/wp\/v2\/types\/page"}],"author":[{"embeddable":true,"href":"https:\/\/rainbowfitness.org\/fr\/wp-json\/wp\/v2\/users\/1"}],"replies":[{"embeddable":true,"href":"https:\/\/rainbowfitness.org\/fr\/wp-json\/wp\/v2\/comments?post=2441"}],"version-history":[{"count":4,"href":"https:\/\/rainbowfitness.org\/fr\/wp-json\/wp\/v2\/pages\/2441\/revisions"}],"predecessor-version":[{"id":2753,"href":"https:\/\/rainbowfitness.org\/fr\/wp-json\/wp\/v2\/pages\/2441\/revisions\/2753"}],"wp:attachment":[{"href":"https:\/\/rainbowfitness.org\/fr\/wp-json\/wp\/v2\/media?parent=2441"}],"curies":[{"name":"wp","href":"https:\/\/api.w.org\/{rel}","templated":true}]}}