{"id":2413,"date":"2022-06-15T10:56:25","date_gmt":"2022-06-15T10:56:25","guid":{"rendered":"http:\/\/rainbowfitness.org\/coupe-cardio\/"},"modified":"2022-06-15T10:56:29","modified_gmt":"2022-06-15T10:56:29","slug":"coupe-cardio","status":"publish","type":"page","link":"https:\/\/rainbowfitness.org\/fr\/coupe-cardio\/","title":{"rendered":"Coupe cardio"},"content":{"rendered":"[vc_row row_type=\u00a0\u00bbrow\u00a0\u00bb use_row_as_full_screen_section=\u00a0\u00bbno\u00a0\u00bb type=\u00a0\u00bbfull_width\u00a0\u00bb angled_section=\u00a0\u00bbno\u00a0\u00bb text_align=\u00a0\u00bbleft\u00a0\u00bb background_image_as_pattern=\u00a0\u00bbwithout_pattern\u00a0\u00bb css_animation=\u00a0\u00bb\u00a0\u00bb][vc_column css=\u00a0\u00bb.vc_custom_1466687919046{padding-top: 20px !important;padding-bottom: 40px !important;}\u00a0\u00bb][vc_column_text]\n<h1 style=\"text-align: center;\"><span style=\"color: #2c82c9;\">COUPE CARDIO<\/span><\/h1>\n[\/vc_column_text][vc_separator type=\u00a0\u00bbsmall\u00a0\u00bb position=\u00a0\u00bbcenter\u00a0\u00bb color=\u00a0\u00bb#9365b8&Prime; thickness=\u00a0\u00bb5&Prime;][\/vc_column][\/vc_row][vc_row row_type=\u00a0\u00bbrow\u00a0\u00bb use_row_as_full_screen_section=\u00a0\u00bbno\u00a0\u00bb type=\u00a0\u00bbfull_width\u00a0\u00bb anchor=\u00a0\u00bbcardio-fit-stamina\u00a0\u00bb angled_section=\u00a0\u00bbno\u00a0\u00bb text_align=\u00a0\u00bbleft\u00a0\u00bb background_image_as_pattern=\u00a0\u00bbwithout_pattern\u00a0\u00bb css_animation=\u00a0\u00bb\u00a0\u00bb][vc_column][vc_column_text css=\u00a0\u00bb.vc_custom_1467114698537{padding-bottom: 10px !important;}\u00a0\u00bb]<span style=\"font-size: 24px; color: #9365b8;\"><strong>CARDIO FIT \/ STAMINA&nbsp;: COURS DE COURSE ET COURS CARDIO FIT<\/strong> <\/span>[\/vc_column_text][vc_column_text css=\u00a0\u00bb.vc_custom_1467114731496{padding-bottom: 20px !important;}\u00a0\u00bb]<span style=\"font-size: 24px; color: #9365b8;\"><strong>Am\u00e9liorez et d\u00e9fiez vos techniques de course. Y compris les travaux de stabilit\u00e9 du noyau.<\/strong> <\/span>[\/vc_column_text][vc_column_text css=\u00a0\u00bb.vc_custom_1467114489129{padding-bottom: 10px !important;padding-left: 15px !important;}\u00a0\u00bb]\n<ul>\n<li>Tonifiez et sculptez-vous pour vous sculpter un corps plus fort.<\/li>\n<li>D\u00e9fiez votre zone de confort en toute s\u00e9curit\u00e9. O\u00f9 avanc\u00e9s et d\u00e9butants sont les bienvenus pour d\u00e9velopper leur force, leur endurance et leur flexibilit\u00e9. &gt;&gt;&gt; Trouvez quelque chose de nouveau dans votre routine d&rsquo;exercice.<\/li>\n<li>Fun : ambiance conviviale et d\u00e9contract\u00e9e, dynamique et vari\u00e9e. Vraiment bien s&rsquo;amuser avec des amis.<\/li>\n<li>Maintenez des habitudes actives, tout en am\u00e9liorant votre condition physique et votre technique en g\u00e9n\u00e9ral&nbsp;!<\/li>\n<li>Choisissez de vous entra\u00eener \u00e0 l&rsquo;int\u00e9rieur ou \u00e0 l&rsquo;ext\u00e9rieur.<\/li>\n<li>Br\u00fblez des calories et aidez au contr\u00f4le du poids.<\/li>\n<\/ul>\n[\/vc_column_text][vc_column_text css=\u00a0\u00bb.vc_custom_1467114801975{padding-bottom: 10px !important;}\u00a0\u00bb]<span style=\"color: #2c82c9;\"><strong>Cours Cardio Fit and Run :<\/strong><\/span>[\/vc_column_text][vc_column_text css=\u00a0\u00bb.vc_custom_1467114874024{padding-bottom: 20px !important;padding-left: 15px !important;}\u00a0\u00bb]\n<ul>\n<li><span style=\"color: #2c82c9;\"><strong>Course d&rsquo;endurance<\/strong><\/span> , adapt\u00e9e au niveau de la classe[some classes are aimed for all levels &#038; some for advanced] et les participants. Les cours de cardio Fit comprennent d&rsquo;autres exercices que la simple course \u00e0 pied : comment \u00e9viter les blessures, mais aussi d\u00e9velopper un rendement plus fort.<\/li>\n<li>Exercices techniques de <span style=\"color: #2c82c9;\"><strong>course<\/strong><\/span> \u00e0 <span style=\"color: #2c82c9;\"><strong>pied<\/strong><\/span> pour am\u00e9liorer vos performances.<\/li>\n<li><span style=\"color: #2c82c9;\"><strong>Travail de base<\/strong> ,<\/span> encore une fois pour am\u00e9liorer vos performances.<\/li>\n<li><span style=\"color: #2c82c9;\"><strong>Des \u00e9tirements collectifs<\/strong><\/span> de qualit\u00e9 pour r\u00e9tablir l&rsquo;\u00e9quilibre musculaire.<\/li>\n<\/ul>\n[\/vc_column_text][\/vc_column][\/vc_row]\n","protected":false},"excerpt":{"rendered":"<p>[vc_row row_type=\u00a0\u00bbrow\u00a0\u00bb use_row_as_full_screen_section=\u00a0\u00bbno\u00a0\u00bb type=\u00a0\u00bbfull_width\u00a0\u00bb angled_section=\u00a0\u00bbno\u00a0\u00bb text_align=\u00a0\u00bbleft\u00a0\u00bb background_image_as_pattern=\u00a0\u00bbwithout_pattern\u00a0\u00bb css_animation=\u00a0\u00bb\u00a0\u00bb][vc_column css=\u00a0\u00bb.vc_custom_1466687919046{padding-top: 20px !important;padding-bottom: 40px !important;}\u00a0\u00bb][vc_column_text] COUPE CARDIO [\/vc_column_text][vc_separator type=\u00a0\u00bbsmall\u00a0\u00bb position=\u00a0\u00bbcenter\u00a0\u00bb color=\u00a0\u00bb#9365b8&Prime; thickness=\u00a0\u00bb5&Prime;][\/vc_column][\/vc_row][vc_row row_type=\u00a0\u00bbrow\u00a0\u00bb use_row_as_full_screen_section=\u00a0\u00bbno\u00a0\u00bb type=\u00a0\u00bbfull_width\u00a0\u00bb anchor=\u00a0\u00bbcardio-fit-stamina\u00a0\u00bb angled_section=\u00a0\u00bbno\u00a0\u00bb text_align=\u00a0\u00bbleft\u00a0\u00bb background_image_as_pattern=\u00a0\u00bbwithout_pattern\u00a0\u00bb css_animation=\u00a0\u00bb\u00a0\u00bb][vc_column][vc_column_text css=\u00a0\u00bb.vc_custom_1467114698537{padding-bottom: 10px !important;}\u00a0\u00bb]CARDIO FIT \/ STAMINA&nbsp;: COURS DE COURSE ET COURS CARDIO FIT [\/vc_column_text][vc_column_text css=\u00a0\u00bb.vc_custom_1467114731496{padding-bottom: 20px !important;}\u00a0\u00bb]Am\u00e9liorez&#8230;<\/p>\n","protected":false},"author":1,"featured_media":0,"parent":0,"menu_order":0,"comment_status":"closed","ping_status":"closed","template":"","meta":{"footnotes":""},"class_list":["post-2413","page","type-page","status-publish","hentry"],"_links":{"self":[{"href":"https:\/\/rainbowfitness.org\/fr\/wp-json\/wp\/v2\/pages\/2413","targetHints":{"allow":["GET"]}}],"collection":[{"href":"https:\/\/rainbowfitness.org\/fr\/wp-json\/wp\/v2\/pages"}],"about":[{"href":"https:\/\/rainbowfitness.org\/fr\/wp-json\/wp\/v2\/types\/page"}],"author":[{"embeddable":true,"href":"https:\/\/rainbowfitness.org\/fr\/wp-json\/wp\/v2\/users\/1"}],"replies":[{"embeddable":true,"href":"https:\/\/rainbowfitness.org\/fr\/wp-json\/wp\/v2\/comments?post=2413"}],"version-history":[{"count":1,"href":"https:\/\/rainbowfitness.org\/fr\/wp-json\/wp\/v2\/pages\/2413\/revisions"}],"predecessor-version":[{"id":2423,"href":"https:\/\/rainbowfitness.org\/fr\/wp-json\/wp\/v2\/pages\/2413\/revisions\/2423"}],"wp:attachment":[{"href":"https:\/\/rainbowfitness.org\/fr\/wp-json\/wp\/v2\/media?parent=2413"}],"curies":[{"name":"wp","href":"https:\/\/api.w.org\/{rel}","templated":true}]}}