{"id":2395,"date":"2022-06-15T10:56:24","date_gmt":"2022-06-15T10:56:24","guid":{"rendered":"http:\/\/rainbowfitness.org\/formation-personnelle\/"},"modified":"2022-06-15T10:56:28","modified_gmt":"2022-06-15T10:56:28","slug":"formation-personnelle","status":"publish","type":"page","link":"https:\/\/rainbowfitness.org\/fr\/formation-personnelle\/","title":{"rendered":"Formation personnelle"},"content":{"rendered":"[vc_row row_type=\u00a0\u00bbrow\u00a0\u00bb use_row_as_full_screen_section=\u00a0\u00bbno\u00a0\u00bb type=\u00a0\u00bbfull_width\u00a0\u00bb angled_section=\u00a0\u00bbno\u00a0\u00bb text_align=\u00a0\u00bbleft\u00a0\u00bb background_image_as_pattern=\u00a0\u00bbwithout_pattern\u00a0\u00bb css_animation=\u00a0\u00bb\u00a0\u00bb][vc_column css=\u00a0\u00bb.vc_custom_1466687919046{padding-top: 20px !important;padding-bottom: 40px !important;}\u00a0\u00bb][vc_column_text]\n<h1 style=\"text-align: center;\"><span style=\"color: #2c82c9;\">FORMATION PERSONNELLE<\/span><\/h1>\n[\/vc_column_text][vc_separator type=\u00a0\u00bbsmall\u00a0\u00bb position=\u00a0\u00bbcenter\u00a0\u00bb color=\u00a0\u00bb#9365b8&Prime; thickness=\u00a0\u00bb5&Prime;][\/vc_column][\/vc_row][vc_row row_type=\u00a0\u00bbrow\u00a0\u00bb use_row_as_full_screen_section=\u00a0\u00bbno\u00a0\u00bb type=\u00a0\u00bbfull_width\u00a0\u00bb angled_section=\u00a0\u00bbno\u00a0\u00bb text_align=\u00a0\u00bbleft\u00a0\u00bb background_image_as_pattern=\u00a0\u00bbwithout_pattern\u00a0\u00bb css_animation=\u00a0\u00bb\u00a0\u00bb][vc_column css=\u00a0\u00bb.vc_custom_1467143373219{padding-bottom: 40px !important;}\u00a0\u00bb][vc_column_text css=\u00a0\u00bb.vc_custom_1536446166463{padding-bottom: 10px !important;}\u00a0\u00bb]<span style=\"color: #8a5eb5;\"><strong>Sp\u00e9cialis\u00e9 en Flexibilit\u00e9 &amp; activation musculaire<\/strong><\/span> . \u00e0 la fois pour am\u00e9liorer votre <em>bien-\u00eatre<\/em> mais aussi pour am\u00e9liorer vos <em>performances<\/em> physiques.<\/p>\n<p>Mon utilisation de&nbsp;: <em>Technique d&rsquo;activation musculaire<\/em>[m .a.t.] &amp; de <em>l&rsquo;\u00c9tirement Pr\u00e9alable<\/em> ; vous permet de tirer le meilleur parti de vos performances.<\/p>\n<p>Chacun vous aide \u00e0 : <em>Engager<\/em> le(s) bon(s) muscle(s) <em>\u00e0 pleine efficacit\u00e9<\/em> . <em>&lsquo;&amp;<\/em> \u00c9quilibrant votre amplitude de mouvement (muscles &amp; articulations), <em>acqu\u00e9rant plus d&rsquo;adaptation et de contr\u00f4le sur les extensions musculaires<\/em> (mouvements, \u00e9tirements&#8230;).<\/p>\n<p>&nbsp;<\/p>\n<p>Ces deux Sp\u00e9cialit\u00e9s vont \u00e9galement : Am\u00e9liorer votre bien-\u00eatre &amp; vos performances. Comme ils travaillent \u00ab\u00a0main dans la main\u00a0\u00bb.<\/p>\n<p style=\"padding-left: 30px;\">&#8211; Acqu\u00e9rir une meilleure compr\u00e9hension de l&rsquo;int\u00e9rieur, de votre corps; donc plus de contr\u00f4le sur : votre corps &amp; votre esprit (connexions neuro-musculaires, proprioception, introspection, \u00e9tirement-r\u00e9flexes&#8230;).<\/p>\n<p style=\"padding-left: 30px;\">&#8211; R\u00e9duire aussi beaucoup vos risques de blessures (en cas d&rsquo;utilisation incorrecte, d&rsquo;autres muscles : mauvais \u00ab\u00a0mouvement des muscles compensateurs\u00a0\u00bb) lors de la construction de vos aspects physiques, ainsi que de votre perception mentale des mouvements.<\/p>\n<p style=\"padding-left: 30px;\">&#8211; Une posture meilleure et plus forte.<\/p>\n<p style=\"text-align: center;\"><img loading=\"lazy\" decoding=\"async\" class=\"\" src=\"http:\/\/rainbowfitness.org\/wp-content\/uploads\/2018\/09\/Muscles_contraction-extension_.png\" alt=\"\" width=\"551\" height=\"231\"><\/p>\n[\/vc_column_text][vc_column_text css=\u00a0\u00bb.vc_custom_1536442768457{padding-bottom: 10px !important;}\u00a0\u00bb]<a href=\"\/?page_id=2250\" target=\"_blank\" rel=\"noopener\">T\u00e9moignages clients<\/a> .[\/vc_column_text][vc_column_text css=\u00a0\u00bb.vc_custom_1536437648441{padding-bottom: 10px !important;}\u00a0\u00bb]\n<p>Nos premiers axes sont la S\u00e9curit\u00e9 et la Qualit\u00e9 :[\/vc_column_text][vc_column_text css=\u00a0\u00bb.vc_custom_1536436587626{padding-bottom: 10px !important;padding-left: 15px !important;}\u00a0\u00bb]\n<ul>\n<li>Vous apprendrez \u00e0 vous entra\u00eener sans vous blesser au fil du temps et de la meilleure fa\u00e7on en fonction de votre \u00e9tat de sant\u00e9 personnel. Comprendre certains des nombreux \u00ab\u00a0besoins\u00a0\u00bb de votre corps.<\/li>\n<li>Malgr\u00e9 les diff\u00e9rents niveaux de condition physique de chacun, vous les travaillerez avec la meilleure qualit\u00e9 \u00e0 votre propre niveau&nbsp;: tirer le meilleur parti de chaque mouvement de votre entra\u00eenement&nbsp;!<\/li>\n<\/ul>\n[\/vc_column_text][vc_column_text css=\u00a0\u00bb.vc_custom_1536442786676{padding-bottom: 10px !important;}\u00a0\u00bb]Je me concentre \u00e9galement toujours sur la livraison&nbsp;: des sessions amusantes et professionnelles, avec beaucoup de motivation constructive.<\/p>\n<p>&nbsp;<\/p>\n[\/vc_column_text][vc_column_text css=\u00a0\u00bb.vc_custom_1468679348750{padding-bottom: 10px !important;}\u00a0\u00bb]<span style=\"color: #9365b8;\"><strong>Forfaits personnalis\u00e9s, notre flexibilit\u00e9 est un ingr\u00e9dient cl\u00e9.<\/strong><\/span>[\/vc_column_text][vc_column_text css=\u00a0\u00bb.vc_custom_1536439198705{padding-bottom: 10px !important;}\u00a0\u00bb]Je me ferai \u00e9galement un plaisir de simplement vous rencontrer, d&rsquo;\u00e9changer ensemble pour trouver les <strong>meilleurs moyens pour vous de<\/strong> <strong>Progresser<\/strong> , vos objectifs, avec Rainbow Fitness. Emball\u00e9 <strong>de mani\u00e8re r\u00e9aliste pour vous<\/strong> .<\/p>\n<p>Vous recevrez un devis gratuit pour <strong>un<\/strong> <strong>forfait enti\u00e8rement sur mesure, qui correspond \u00e9galement \u00e0 votre budget<\/strong> . Plus tard dans le temps, un forfait qui peut encore s&rsquo;adapter, \u00e0 votre situation donc ![\/vc_column_text][vc_column_text css=\u00a0\u00bb.vc_custom_1536446266382{padding-bottom: 10px !important;}\u00a0\u00bb]<span lang=\"EN-GB\">Tous les \u00e2ges et tous les niveaux de condition physique sont les bienvenus, <strong><a href=\"\/?page_id=2246\">envoyez-moi un message<\/a><\/strong> .<\/span>[\/vc_column_text][vc_column_text css=\u00a0\u00bb.vc_custom_1468844513504{padding-bottom: 10px !important;}\u00a0\u00bb]<span style=\"color: #9365b8;\"><strong>Adoptez un mode de vie sain qui vous ressemble !<\/strong><\/span>[\/vc_column_text][vc_single_image image=\u00a0\u00bb2190&Prime; img_size=\u00a0\u00bb688&#215;250&Prime; alignment=\u00a0\u00bbcenter\u00a0\u00bb qode_css_animation=\u00a0\u00bb\u00a0\u00bb css=\u00a0\u00bb.vc_custom_1468845197965{padding-bottom: 10px !important;}\u00a0\u00bb][vc_column_text css=\u00a0\u00bb.vc_custom_1536441686460{padding-bottom: 10px !important;}\u00a0\u00bb]Le fonctionnement de nos forfaits est simple <strong>: 1- il est d&rsquo;abord adapt\u00e9 autour de vous<\/strong> . Choisir la bonne combinaison de types de sessions. <strong>2- Plus vous prenez de s\u00e9ances, plus vous b\u00e9n\u00e9ficiez de r\u00e9ductions<\/strong> . Ainsi, pour <em>tous<\/em> <a href=\"https:\/\/rainbowfitness.org\/fr\/\" target=\"_blank\" rel=\"noopener\">nos services<\/a> que vous souhaitez inclure, plus vous choisissez d&rsquo;en prendre, moins vous payez&nbsp;! Chez Rainbow Fitness, nous sommes fiers de pouvoir nous adapter au mieux \u00e0 votre budget.<\/p>\n<p>Flexibilit\u00e9 suppl\u00e9mentaire&nbsp;: chaque mois (ou presque), nous pouvons examiner si vous souhaitez continuer ce forfait sur mesure&nbsp;; ou comment structurer et <strong>adapter votre package personnel pour des r\u00e9sultats r\u00e9alistes<\/strong> .[\/vc_column_text][vc_single_image image=\u00a0\u00bb2189&Prime; img_size=\u00a0\u00bb561&#215;250&Prime; alignment=\u00a0\u00bbcenter\u00a0\u00bb qode_css_animation=\u00a0\u00bb\u00a0\u00bb css=\u00a0\u00bb.vc_custom_1468844411859{padding-bottom: 10px !important;}\u00a0\u00bb][vc_column_text css=\u00a0\u00bb.vc_custom_1536446683244{padding-bottom: 10px !important;}\u00a0\u00bb]<strong>Alors maintenant<\/strong> , pensez \u00e0 quelques <strong><a href=\"\/?page_id=2242\" target=\"_blank\" rel=\"noopener\">objectifs<\/a> que vous souhaitez atteindre<\/strong> et <strong><a href=\"\/?page_id=2246\" target=\"_blank\" rel=\"noopener\">contactez-moi<\/a> pour atteindre vos objectifs souhait\u00e9s&nbsp;!<\/strong> <\/p>\n<p><strong><span style=\"color: #8e5bc2;\">Donner des r\u00e9sultats, dans une livraison r\u00e9aliste!<\/span><\/strong><\/p>\n<p>&nbsp;<\/p>\n<p style=\"text-align: center;\"><span style=\"color: #3366ff;\">Visitez Rainbow Fitness UK sur les m\u00e9dias en ligne ci-dessous<\/span><\/p>\n[\/vc_column_text][\/vc_column][\/vc_row]\n","protected":false},"excerpt":{"rendered":"<p>[vc_row row_type=\u00a0\u00bbrow\u00a0\u00bb use_row_as_full_screen_section=\u00a0\u00bbno\u00a0\u00bb type=\u00a0\u00bbfull_width\u00a0\u00bb angled_section=\u00a0\u00bbno\u00a0\u00bb text_align=\u00a0\u00bbleft\u00a0\u00bb background_image_as_pattern=\u00a0\u00bbwithout_pattern\u00a0\u00bb css_animation=\u00a0\u00bb\u00a0\u00bb][vc_column css=\u00a0\u00bb.vc_custom_1466687919046{padding-top: 20px !important;padding-bottom: 40px !important;}\u00a0\u00bb][vc_column_text] FORMATION PERSONNELLE [\/vc_column_text][vc_separator type=\u00a0\u00bbsmall\u00a0\u00bb position=\u00a0\u00bbcenter\u00a0\u00bb color=\u00a0\u00bb#9365b8&Prime; thickness=\u00a0\u00bb5&Prime;][\/vc_column][\/vc_row][vc_row row_type=\u00a0\u00bbrow\u00a0\u00bb use_row_as_full_screen_section=\u00a0\u00bbno\u00a0\u00bb type=\u00a0\u00bbfull_width\u00a0\u00bb angled_section=\u00a0\u00bbno\u00a0\u00bb text_align=\u00a0\u00bbleft\u00a0\u00bb background_image_as_pattern=\u00a0\u00bbwithout_pattern\u00a0\u00bb css_animation=\u00a0\u00bb\u00a0\u00bb][vc_column css=\u00a0\u00bb.vc_custom_1467143373219{padding-bottom: 40px !important;}\u00a0\u00bb][vc_column_text css=\u00a0\u00bb.vc_custom_1536446166463{padding-bottom: 10px !important;}\u00a0\u00bb]Sp\u00e9cialis\u00e9 en Flexibilit\u00e9 &amp; activation musculaire . \u00e0 la fois pour am\u00e9liorer votre&#8230;<\/p>\n","protected":false},"author":1,"featured_media":0,"parent":0,"menu_order":0,"comment_status":"closed","ping_status":"closed","template":"","meta":{"footnotes":""},"class_list":["post-2395","page","type-page","status-publish","hentry"],"_links":{"self":[{"href":"https:\/\/rainbowfitness.org\/fr\/wp-json\/wp\/v2\/pages\/2395","targetHints":{"allow":["GET"]}}],"collection":[{"href":"https:\/\/rainbowfitness.org\/fr\/wp-json\/wp\/v2\/pages"}],"about":[{"href":"https:\/\/rainbowfitness.org\/fr\/wp-json\/wp\/v2\/types\/page"}],"author":[{"embeddable":true,"href":"https:\/\/rainbowfitness.org\/fr\/wp-json\/wp\/v2\/users\/1"}],"replies":[{"embeddable":true,"href":"https:\/\/rainbowfitness.org\/fr\/wp-json\/wp\/v2\/comments?post=2395"}],"version-history":[{"count":2,"href":"https:\/\/rainbowfitness.org\/fr\/wp-json\/wp\/v2\/pages\/2395\/revisions"}],"predecessor-version":[{"id":2456,"href":"https:\/\/rainbowfitness.org\/fr\/wp-json\/wp\/v2\/pages\/2395\/revisions\/2456"}],"wp:attachment":[{"href":"https:\/\/rainbowfitness.org\/fr\/wp-json\/wp\/v2\/media?parent=2395"}],"curies":[{"name":"wp","href":"https:\/\/api.w.org\/{rel}","templated":true}]}}