{"id":2391,"date":"2022-06-15T10:56:24","date_gmt":"2022-06-15T10:56:24","guid":{"rendered":"http:\/\/rainbowfitness.org\/horaire\/"},"modified":"2024-01-15T20:36:10","modified_gmt":"2024-01-15T20:36:10","slug":"horaire","status":"publish","type":"page","link":"https:\/\/rainbowfitness.org\/fr\/horaire\/","title":{"rendered":"planning des cours"},"content":{"rendered":"[vc_row css_animation=\u00a0\u00bb\u00a0\u00bb row_type=\u00a0\u00bbrow\u00a0\u00bb use_row_as_full_screen_section=\u00a0\u00bbno\u00a0\u00bb type=\u00a0\u00bbfull_width\u00a0\u00bb angled_section=\u00a0\u00bbno\u00a0\u00bb text_align=\u00a0\u00bbleft\u00a0\u00bb background_image_as_pattern=\u00a0\u00bbwithout_pattern\u00a0\u00bb][vc_column css=\u00a0\u00bb.vc_custom_1466687919046{padding-top: 20px !important;padding-bottom: 40px !important;}\u00a0\u00bb][vc_column_text]\n<h1 style=\"text-align: center;\"><span style=\"color: #2c82c9;\">HORAIRE<\/span><\/h1>\n[\/vc_column_text][vc_separator type=\u00a0\u00bbsmall\u00a0\u00bb position=\u00a0\u00bbcenter\u00a0\u00bb color=\u00a0\u00bb#9365b8&Prime; thickness=\u00a0\u00bb5&Prime;][\/vc_column][\/vc_row][vc_row css_animation=\u00a0\u00bb\u00a0\u00bb row_type=\u00a0\u00bbrow\u00a0\u00bb use_row_as_full_screen_section=\u00a0\u00bbno\u00a0\u00bb type=\u00a0\u00bbfull_width\u00a0\u00bb angled_section=\u00a0\u00bbno\u00a0\u00bb text_align=\u00a0\u00bbleft\u00a0\u00bb background_image_as_pattern=\u00a0\u00bbwithout_pattern\u00a0\u00bb][vc_column css=\u00a0\u00bb.vc_custom_1469009478753{padding-bottom: 50px !important;}\u00a0\u00bb][vc_row_inner row_type=\u00a0\u00bbrow\u00a0\u00bb type=\u00a0\u00bbfull_width\u00a0\u00bb text_align=\u00a0\u00bbleft\u00a0\u00bb css_animation=\u00a0\u00bb\u00a0\u00bb][vc_column_inner width=\u00a0\u00bb1\/2&Prime; css=\u00a0\u00bb.vc_custom_1469045819158{padding-right: 10px !important;}\u00a0\u00bb][vc_column_text css=\u00a0\u00bb.vc_custom_1613502212753{padding-bottom: 10px !important;}\u00a0\u00bb]\n<div>AVIS IMPORTANT:<\/div>\n<div class=\"popmake-1233\"><span style=\"color: #2c82c9;\"><strong>\u00a0V\u00e9rifiez les modifications apport\u00e9es<\/strong> <span style=\"color: #ffffff;\">\u00e0<\/span> <strong>l&rsquo;horaire des cours<\/strong><\/span> . Ou <span style=\"color: #3366ff;\"><strong>connectez-<\/strong><\/span> vous maintenant.<\/div>\n[\/vc_column_text][vc_column_text css=\u00a0\u00bb.vc_custom_1613500144614{padding-bottom: 10px !important;}\u00a0\u00bb] Formation \u00ab\u00a0on the go\u00a0\u00bb : <strong>coaching en ligne<\/strong> avec <a href=\"https:\/\/zoom.us\/download#client_4meeting\" target=\"_blank\" rel=\"noopener noreferrer\">Zoom<\/a> sans frais suppl\u00e9mentaires.[\/vc_column_text][vc_column_text css=\u00a0\u00bb.vc_custom_1613502271337{padding-bottom: 10px !important;}\u00a0\u00bb] Tous les cours de conditionnement physique comprennent des routines d&rsquo;\u00e9tirement de qualit\u00e9 et appropri\u00e9es pour se d\u00e9tendre.<\/p>\n<p>Tonifiez-vous et fa\u00e7onnez-vous tout en vous sculptant un niveau de forme physique global plus fort.<\/p>\n<p>Des cours uniques et efficaces depuis votre domicile \u00e0 Bristol.[\/vc_column_text][\/vc_column_inner][vc_column_inner width=\u00a0\u00bb1\/2&Prime;][vc_column_text css=\u00a0\u00bb.vc_custom_1614375664536{padding-bottom: 30px !important;}\u00a0\u00bb]8\u20ac \/S\u00e9ance uniquement ! Core Galore &#8211; Body Burn &#8211; Cardiot Fit<br \/>\n12\u20ac \/S\u00e9ance P.R.O.Flex. (inclu dans Pack de cours) .[\/vc_column_text][vc_column_text css=\u00a0\u00bb.vc_custom_1614375518502{padding-bottom: 30px !important;}\u00a0\u00bb]<strong>Tarifs des Packs toutes classes<\/strong> [sessions pr\u00e9pay\u00e9es valables 1 an apr\u00e8s chaque achat] avec remises :<\/p>\n<p style=\"text-align: center;\">x16 cours \u00e0 \u00a0 \u20ac ! x4 cours \u00e0\u00a0 \u20ac !<\/p>\n<p style=\"text-align: center;\">x12 cours \u00e0 \u00a0 \u20ac ! x6 cours \u00e0 \u00a0 \u20ac !<\/p>\n[\/vc_column_text][vc_column_text css=\u00a0\u00bb.vc_custom_1569953671139{padding-bottom: 10px !important;}\u00a0\u00bb][\/vc_column_text][vc_column_text css=\u00a0\u00bb.vc_custom_1613500226223{padding-bottom: 30px !important;}\u00a0\u00bb]Pour r\u00e9server un cours maintenant :<\/p>\n<p>SMS\/t\u00e9l. : <strong><a href=\"tel:0626878059\">06 26 87 80 59<\/a><\/strong> E-mail : <strong><a href=\"mailto:neil@rainbowfitness.org\">neil@rainbowfitness.org<\/a><\/strong>[\/vc_column_text][\/vc_column_inner][\/vc_row_inner][vc_column_text css=\u00a0\u00bb.vc_custom_1569953884331{padding-bottom: 20px !important;}\u00a0\u00bb]\n<p style=\"text-align: center;\">\n<table id=\"tablepress-3\" class=\"tablepress tablepress-id-3\">\n<thead>\n<tr class=\"row-1 odd\">\n\t<th class=\"column-1\"><p style=\"text-align: center;\"><span style=\"font-size: 20px;\"><span style=\"color: #2c82c9;\">Lundi<\/span><\/span><\/p><\/th><th class=\"column-2\"><p style=\"text-align: center;\"><span style=\"font-size: 20px;\"><span style=\"color: #2c82c9;\">Mardi<\/span><\/span><\/p><\/th><th class=\"column-3\">\t<p style=\"text-align: center;\"><span style=\"font-size: 20px;\"><span style=\"color: #2c82c9;\">Mercredi<\/span><\/span><\/p><\/th><th class=\"column-4\">\t<p style=\"text-align: center;\"><span style=\"font-size: 20px;\"><span style=\"color: #2c82c9;\">Mercredi<\/span><\/span><\/p><\/th><th class=\"column-5\">\t<p style=\"text-align: center;\"><span style=\"font-size: 20px;\"><span style=\"color: #2c82c9;\">Jeudi<\/span><\/span><\/p><\/th><th class=\"column-6\">\t<p style=\"text-align: center;\"><span style=\"font-size: 20px;\"><span style=\"color: #2c82c9;\">Vendredi<\/span><\/span><\/p><\/th><th class=\"column-7\">\t<p style=\"text-align: center;\"><span style=\"font-size: 20px;\"><span style=\"color: #2c82c9;\">Samedi<\/span><\/span><\/p><\/th>\n<\/tr>\n<\/thead>\n<tbody class=\"row-hover\">\n<tr class=\"row-2 even\">\n\t<td class=\"column-1\"><\/td><td class=\"column-2\"><\/td><td class=\"column-3\"><p style=\"text-align: center;\"><span style=\"color: #2c82c9;\">11h10: 3\/4h<\/span> <em><span  style=\"color: #fc9807;\"> <br \/>\n<\/span><\/em><span<br \/>\n<\/span><\/p><div class=\"popmake-1421\" style=\"text-align: center;\"><span style=\"color: #2c82c9;\"><strong>Core Galore<\/strong><\/span><\/div><br \/>\n<p style=\"text-align: center;\"><span style=\"color: #2c82c9;\"><span style=\"color: #fc9807;\">Enligne<\/span><strong><br \/>\n<\/strong><strong><a style=\"color: #2c82c9;\" href=\"https:\/\/zoom.us\/signin\" target=\"_blank\" rel=\"noopener noreferrer\">Cours sur Zoom<\/a><\/strong><\/span><br \/>\n<span style=\"color: #fc9807;\"><em>R\u00e9sa conseill\u00e9e<\/em><\/span><\/p><\/td><td class=\"column-4\"><\/td><td class=\"column-5\"><\/td><td class=\"column-6\"><\/td><td class=\"column-7\"><p style=\"text-align: center;\"><span style=\"color: #2c82c9;\">09h45: 1h<\/span><br \/>\n<em><span  style=\"color: #fc9807;\">Nouveau <br \/>\n<\/span><\/em><span<br \/>\n<\/span><\/p><div class=\"popmake-681\" style=\"text-align: center;\"><span style=\"color: #2c82c9;\"><strong>PRO Flex<\/strong><\/span><\/div><br \/>\n<p style=\"text-align: center;\"><span style=\"color: #2c82c9;\"><em><span style=\"color: #fc9807;\">enLigne\/Visio<br \/>\n<\/span><\/em><span <span style=\"color: #fc9807;\"><\/span><strong> <\/strong><strong><a style=\"color: #2c82c9;\" href=\"http:\/\/https:\/\/zoom.us\/signin\" target=\"_blank\" rel=\"noopener noreferrer\">Cours sur Zoom<\/a><\/strong><\/span><span style=\"color: #2c82c9;\"><br \/>\n<span style=\"color: #fc9807;\"><em>R\u00e9sa obligaoire<\/em><\/span><\/p><\/td>\n<\/tr>\n<tr class=\"row-3 odd\">\n\t<td class=\"column-1\"><p style=\"text-align: center;\"><span style=\"color: #2c82c9;\">18:05: 1h<\/span> <br \/>\n<em><span style=\"color: #fc9807;\">Nouveau<br \/>\n<\/span> <\/em><span<br \/>\n<\/span><\/p><div class=\"popmake-1337\" style=\"text-align: center;\"><span style=\"color: #2c82c9;\"><strong>Core Galore<\/strong><\/span><\/div><br \/>\n<p style=\"text-align: center;\"><span style=\"color: #2c82c9;\"><span style=\"color: #fc9807;\">Montauban<\/span><strong><br \/>\n<\/strong><strong><a style=\"color: #2c82c9;\" href=\"https:\/\/zoom.us\/signin\" target=\"_blank\" rel=\"noopener noreferrer\">Cours sen int\u00e9rieur<\/a><\/strong><\/span><br \/>\n<span style=\"color: #fc9807;\"><em>    R\u00e9sa obligatoire <\/em><\/span><\/p><\/td><td class=\"column-2\"><p style=\"text-align: center;\"><span style=\"color: #2c82c9;\">16h05: 1h<\/span><br \/>\n<em><span style=\"color: #fc9807;\">Nouveau<br \/>\n<\/span> <\/em><span<br \/>\n<\/span><\/p><div class=\"popmake-668\" style=\"text-align: center;\"><span style=\"color: #2c82c9;\"><strong>PRO Flex<\/strong><\/span><\/div><br \/>\n<p style=\"text-align: center;\"><span style=\"color: #2c82c9;\"><span style=\"color: #fc9807;\">Montauban<\/span><strong><br \/>\n<\/strong><strong><a style=\"color: #2c82c9;\" href=\"https:\/\/zoom.us\/signin\" target=\"_blank\" rel=\"noopener noreferrer\">Cours en int\u00e9rieur<\/a><\/strong><\/span><br \/>\n<span style=\"color: #fc9807;\"><em>    R\u00e9sa obligatoire  <\/em><\/span><\/p><\/td><td class=\"column-3\"><p style=\"text-align: center;\"><span style=\"color: #2c82c9;\">12h00: 1h<br \/>\n<\/span><\/p><div class=\"popmake-1417\" style=\"text-align: center;\"><span style=\"color: #2c82c9;\"><strong>PRO Flex<\/strong><\/span><\/div><br \/>\n<p style=\"text-align: center;\"><span style=\"color: #2c82c9;\"><span style=\"color: #fc9807;\">EnLigne<\/span><strong><br \/>\n<\/strong><strong><a style=\"color: #2c82c9;\" href=\"https:\/\/zoom.us\/signin\" target=\"_blank\" rel=\"noopener noreferrer\">Cours sur  Zoom<\/a><\/strong><\/span><br \/>\n<span style=\"color: #fc9807;\"><em>    R\u00e9sa conseill\u00e9e   <\/em><\/span><\/p><\/td><td class=\"column-4\"><p style=\"text-align: center;\"><span style=\"color: #2c82c9;\">17h30: 3\/4h<\/span><br \/>\n<em><span style=\"color: #fc9807;\">Nouveau<br \/>\n<\/span> <\/p><div class=\"popmake-670\" style=\"text-align: center;\"><span style=\"color: #2c82c9;\"><strong>CardioFit<\/strong><\/span><\/div><br \/>\n<p style=\"text-align: center;\"><span style=\"color: #2c82c9;\"><span style=\"color: #fc9807;\">Ramierou Av.de L\u00e9ojac<\/span><strong><br \/>\n<\/strong><strong><a style=\"color: #2c82c9;\" href=\"https:\/\/zoom.us\/signin\" target=\"_blank\" rel=\"noopener noreferrer\">Cours en ext\u00e9rieur<\/a><\/strong><\/span><br \/>\n<span style=\"color: #fc9807;\"><em>    R\u00e9sa obligatoire   <\/em><\/span><\/p><\/td><td class=\"column-5\"><\/td><td class=\"column-6\"><p style=\"text-align: center;\"><span style=\"color: #2c82c9;\">12h15: 1\/2h <br \/>\n<\/span> <\/p><div class=\"popmake-1151\" style=\"text-align: center;\"><span style=\"color: #2c82c9;\"><strong>P.R.O.Flex.<\/strong><\/span><\/div><br \/>\n<p style=\"text-align: center;\"><span style=\"color: #2c82c9;\"><span style=\"color: #fc9807;\">EnLigne<\/span><strong><br \/>\n<\/strong><strong><a style=\"color: #2c82c9;\" href=\"https:\/\/zoom.us\/signin\" target=\"_blank\" rel=\"noopener noreferrer\">Cours sur Zoom<\/a><\/strong><\/span><br \/>\n<span style=\"color: #fc9807;\"><em>    R\u00e9sa obligatoire   <\/em><\/span><\/p><\/td><td class=\"column-7\"><p style=\"text-align: center;\"><span style=\"color: #2c82c9;\">11h00: 1h15<br \/>\n<\/span><\/p><div class=\"popmake-679\" style=\"text-align: center;\"><span style=\"color: #2c82c9;\"><strong>Body Burn Circuit<\/strong><\/span><\/div><br \/>\n<p style=\"text-align: center;\"><span style=\"color: #2c82c9;\"><span style=\"color: #fc9807;\">EnLigne<\/span><strong><br \/>\n<\/strong><strong><a style=\"color: #2c82c9;\" href=\"https:\/\/zoom.us\/signin\" target=\"_blank\" rel=\"noopener noreferrer\">Cours sur Zoom<\/a><\/strong><\/span><span style=\"color: #2c82c9;\"><strong><a style=\"color: #2c82c9;\" href=\"http:\/\/rainbowfitness.org\/wp-content\/uploads\/2016\/06\/Downs-RainbowSites_Main-outdoor-classes-site1.jpg\" target=\"_blank\" rel=\"noopener noreferrer\"><br \/>\n<\/a><\/strong><\/span><span style=\"color: #fc9807;\"><em>R\u00e9sa conseill\u00e9e <\/em><\/span><\/p><\/td>\n<\/tr>\n<\/tbody>\n<\/table>\n<!-- #tablepress-3 from cache -->\n[\/vc_column_text][\/vc_column][\/vc_row][vc_row css_animation=\u00a0\u00bb\u00a0\u00bb row_type=\u00a0\u00bbrow\u00a0\u00bb use_row_as_full_screen_section=\u00a0\u00bbno\u00a0\u00bb type=\u00a0\u00bbfull_width\u00a0\u00bb angled_section=\u00a0\u00bbno\u00a0\u00bb text_align=\u00a0\u00bbleft\u00a0\u00bb background_image_as_pattern=\u00a0\u00bbwithout_pattern\u00a0\u00bb][vc_column][vc_column_text]\n<p style=\"text-align: center;\" align=\"center\"><span style=\"font-family: Arial; color: #ffffff;\"> Toujours une option saine pour apporter au moins 0,5 L\/1 pt d&rsquo;eau chacun lors de l&rsquo;exercice pendant une heure.<\/span><\/p>\n<p style=\"text-align: center;\" align=\"center\"><span style=\"font-family: Arial; color: #ffffff;\">Cours en plein air : nous vous sugg\u00e9rons d&rsquo;apporter un haut chaud[Windproof or hoody] \u00e0 porter pendant le groupe-stretching.<\/span><\/p>\n[\/vc_column_text][vc_single_image image=\u00a0\u00bb2357&Prime; alignment=\u00a0\u00bbcenter\u00a0\u00bb onclick=\u00a0\u00bbcustom_link\u00a0\u00bb img_link_target=\u00a0\u00bb_blank\u00a0\u00bb qode_css_animation=\u00a0\u00bb\u00a0\u00bb qode_hover_animation=\u00a0\u00bbzoom_in\u00a0\u00bb link=\u00a0\u00bbhttp:%2F%2Fwelcome.movegb.com%2F%3Fcity%3Dbristol|\u00a0\u00bb][vc_column_text]\n<p align=\"center\"><span style=\"font-family: Arial; color: #ffffff;\">Rejoignez nos cours <em>hebdomadaires<\/em> , avec notre partenaire <strong><a style=\"color: #ffffff;\" href=\"https:\/\/welcome.movegb.com\/?city=bristol\" target=\"_blank\" rel=\"noopener noreferrer\">MoveGB<\/a><\/strong><br \/>\n<\/span><\/p>\n[\/vc_column_text][vc_row_inner row_type=\u00a0\u00bbrow\u00a0\u00bb type=\u00a0\u00bbfull_width\u00a0\u00bb text_align=\u00a0\u00bbleft\u00a0\u00bb css_animation=\u00a0\u00bb\u00a0\u00bb][vc_column_inner][vc_single_image image=\u00a0\u00bb2254&Prime; img_size=\u00a0\u00bblarge\u00a0\u00bb alignment=\u00a0\u00bbcenter\u00a0\u00bb style=\u00a0\u00bbvc_box_shadow_border\u00a0\u00bb qode_css_animation=\u00a0\u00bbelement_from_fade\u00a0\u00bb qode_hover_animation=\u00a0\u00bbzoom_in\u00a0\u00bb][\/vc_column_inner][\/vc_row_inner][vc_column_text css=\u00a0\u00bb.vc_custom_1571413210552{padding-bottom: 10px !important;}\u00a0\u00bb]Conservez une copie de\u00a0: <strong><a href=\"http:\/\/rainbowfitness.org\/wp-content\/uploads\/2019\/10\/Rainbow-Fitness_Group-exercise-time-table_Bristol_Winter_2019.png\" target=\"_blank\" rel=\"noopener noreferrer\">l&rsquo;horaire de la session de groupe de Bristol<\/a> .<\/strong>[\/vc_column_text][vc_column_text css=\u00a0\u00bb.vc_custom_1587953338282{padding-bottom: 30px !important;}\u00a0\u00bb]Combo cours du samedi 12 \u00a3 : Body Burn + PRO Flex&rsquo;30 = ( correction compl\u00e8te de la posture ).[\/vc_column_text][vc_column_text css=\u00a0\u00bb.vc_custom_1569953862639{padding-bottom: 30px !important;}\u00a0\u00bb]Combo de cours cons\u00e9cutifs 12 \u00a3 (correction compl\u00e8te de la posture): Core Galore + PRO Flex lundi apr\u00e8s-midi, mercredi matin.[\/vc_column_text][\/vc_column][\/vc_row]\n","protected":false},"excerpt":{"rendered":"<p>[vc_row css_animation=\u00a0\u00bb\u00a0\u00bb row_type=\u00a0\u00bbrow\u00a0\u00bb use_row_as_full_screen_section=\u00a0\u00bbno\u00a0\u00bb type=\u00a0\u00bbfull_width\u00a0\u00bb angled_section=\u00a0\u00bbno\u00a0\u00bb text_align=\u00a0\u00bbleft\u00a0\u00bb background_image_as_pattern=\u00a0\u00bbwithout_pattern\u00a0\u00bb][vc_column css=\u00a0\u00bb.vc_custom_1466687919046{padding-top: 20px !important;padding-bottom: 40px !important;}\u00a0\u00bb][vc_column_text] HORAIRE [\/vc_column_text][vc_separator type=\u00a0\u00bbsmall\u00a0\u00bb position=\u00a0\u00bbcenter\u00a0\u00bb color=\u00a0\u00bb#9365b8&Prime; thickness=\u00a0\u00bb5&Prime;][\/vc_column][\/vc_row][vc_row css_animation=\u00a0\u00bb\u00a0\u00bb row_type=\u00a0\u00bbrow\u00a0\u00bb use_row_as_full_screen_section=\u00a0\u00bbno\u00a0\u00bb type=\u00a0\u00bbfull_width\u00a0\u00bb angled_section=\u00a0\u00bbno\u00a0\u00bb text_align=\u00a0\u00bbleft\u00a0\u00bb background_image_as_pattern=\u00a0\u00bbwithout_pattern\u00a0\u00bb][vc_column css=\u00a0\u00bb.vc_custom_1469009478753{padding-bottom: 50px !important;}\u00a0\u00bb][vc_row_inner row_type=\u00a0\u00bbrow\u00a0\u00bb type=\u00a0\u00bbfull_width\u00a0\u00bb text_align=\u00a0\u00bbleft\u00a0\u00bb css_animation=\u00a0\u00bb\u00a0\u00bb][vc_column_inner width=\u00a0\u00bb1\/2&Prime; css=\u00a0\u00bb.vc_custom_1469045819158{padding-right: 10px !important;}\u00a0\u00bb][vc_column_text css=\u00a0\u00bb.vc_custom_1613502212753{padding-bottom: 10px !important;}\u00a0\u00bb] AVIS IMPORTANT: \u00a0V\u00e9rifiez les modifications&#8230;<\/p>\n","protected":false},"author":1,"featured_media":0,"parent":0,"menu_order":0,"comment_status":"closed","ping_status":"closed","template":"","meta":{"footnotes":""},"class_list":["post-2391","page","type-page","status-publish","hentry"],"_links":{"self":[{"href":"https:\/\/rainbowfitness.org\/fr\/wp-json\/wp\/v2\/pages\/2391","targetHints":{"allow":["GET"]}}],"collection":[{"href":"https:\/\/rainbowfitness.org\/fr\/wp-json\/wp\/v2\/pages"}],"about":[{"href":"https:\/\/rainbowfitness.org\/fr\/wp-json\/wp\/v2\/types\/page"}],"author":[{"embeddable":true,"href":"https:\/\/rainbowfitness.org\/fr\/wp-json\/wp\/v2\/users\/1"}],"replies":[{"embeddable":true,"href":"https:\/\/rainbowfitness.org\/fr\/wp-json\/wp\/v2\/comments?post=2391"}],"version-history":[{"count":5,"href":"https:\/\/rainbowfitness.org\/fr\/wp-json\/wp\/v2\/pages\/2391\/revisions"}],"predecessor-version":[{"id":2631,"href":"https:\/\/rainbowfitness.org\/fr\/wp-json\/wp\/v2\/pages\/2391\/revisions\/2631"}],"wp:attachment":[{"href":"https:\/\/rainbowfitness.org\/fr\/wp-json\/wp\/v2\/media?parent=2391"}],"curies":[{"name":"wp","href":"https:\/\/api.w.org\/{rel}","templated":true}]}}