{"id":2376,"date":"2022-06-15T10:56:23","date_gmt":"2022-06-15T10:56:23","guid":{"rendered":"http:\/\/rainbowfitness.org\/categories-corporatives\/"},"modified":"2022-06-15T11:31:24","modified_gmt":"2022-06-15T11:31:24","slug":"categories-corporatives","status":"publish","type":"page","link":"https:\/\/rainbowfitness.org\/fr\/categories-corporatives\/","title":{"rendered":"Cours d&rsquo;entreprises"},"content":{"rendered":"[vc_row row_type=\u00a0\u00bbrow\u00a0\u00bb use_row_as_full_screen_section=\u00a0\u00bbno\u00a0\u00bb type=\u00a0\u00bbfull_width\u00a0\u00bb angled_section=\u00a0\u00bbno\u00a0\u00bb text_align=\u00a0\u00bbleft\u00a0\u00bb background_image_as_pattern=\u00a0\u00bbwithout_pattern\u00a0\u00bb css_animation=\u00a0\u00bb\u00a0\u00bb][vc_column css=\u00a0\u00bb.vc_custom_1466687919046{padding-top: 20px !important;padding-bottom: 40px !important;}\u00a0\u00bb][vc_column_text]\n<h1 style=\"text-align: center;\"><span style=\"color: #2c82c9;\">COURS D&rsquo;ENTREPRISE<\/span><\/h1>\n[\/vc_column_text][vc_separator type=\u00a0\u00bbsmall\u00a0\u00bb position=\u00a0\u00bbcenter\u00a0\u00bb color=\u00a0\u00bb#9365b8&Prime; thickness=\u00a0\u00bb5&Prime;][\/vc_column][\/vc_row][vc_row row_type=\u00a0\u00bbrow\u00a0\u00bb use_row_as_full_screen_section=\u00a0\u00bbno\u00a0\u00bb type=\u00a0\u00bbfull_width\u00a0\u00bb angled_section=\u00a0\u00bbno\u00a0\u00bb text_align=\u00a0\u00bbleft\u00a0\u00bb background_image_as_pattern=\u00a0\u00bbwithout_pattern\u00a0\u00bb css_animation=\u00a0\u00bb\u00a0\u00bb][vc_column css=\u00a0\u00bb.vc_custom_1469788630976{padding-bottom: 50px !important;}\u00a0\u00bb][vc_column_text css=\u00a0\u00bb.vc_custom_1469788721732{padding-bottom: 10px !important;}\u00a0\u00bb]<span style=\"font-size: 22px; color: #9365b8;\"><strong>Formation en entreprise et formation d&rsquo;\u00e9quipe sportive<\/strong><\/span>[\/vc_column_text][vc_column_text css=\u00a0\u00bb.vc_custom_1470626138286{padding-bottom: 10px !important;}\u00a0\u00bb]Le travail d&rsquo;\u00e9quipe est essentiel dans les deux cas. <img loading=\"lazy\" decoding=\"async\" class=\"wp-image-2294 alignright\" src=\"http:\/\/rainbowfitness.org\/wp-content\/uploads\/2016\/06\/balance.jpg\" alt=\"\u00e9quilibre\" width=\"245\" height=\"163\" srcset=\"https:\/\/rainbowfitness.org\/wp-content\/uploads\/2016\/06\/balance.jpg 1600w, https:\/\/rainbowfitness.org\/wp-content\/uploads\/2016\/06\/balance-200x133.jpg 200w, https:\/\/rainbowfitness.org\/wp-content\/uploads\/2016\/06\/balance-300x200.jpg 300w, https:\/\/rainbowfitness.org\/wp-content\/uploads\/2016\/06\/balance-768x512.jpg 768w, https:\/\/rainbowfitness.org\/wp-content\/uploads\/2016\/06\/balance-1024x682.jpg 1024w, https:\/\/rainbowfitness.org\/wp-content\/uploads\/2016\/06\/balance-700x466.jpg 700w\" sizes=\"auto, (max-width: 245px) 100vw, 245px\" \/><\/p>\n<p>L&rsquo;efficacit\u00e9 de l&rsquo;\u00e9quipe est am\u00e9lior\u00e9e par sa sant\u00e9 et en travaillant ensemble.[\/vc_column_text][vc_column_text css=\u00a0\u00bb.vc_custom_1470625855318{padding-bottom: 10px !important;}\u00a0\u00bb]C&rsquo;est l\u00e0 que Rainbow Fitness peut organiser une session d&rsquo;entreprise sur mesure autour de vous.[\/vc_column_text][vc_column_text css=\u00a0\u00bb.vc_custom_1470626411748{padding-bottom: 10px !important;}\u00a0\u00bb]Ajoutez aux s\u00e9ances d&rsquo;entra\u00eenement de votre \u00e9quipe sportive, des entra\u00eenements de conditionnement sp\u00e9cifique (aux besoins de votre \u00e9quipe).[\/vc_column_text][vc_column_text css=\u00a0\u00bb.vc_custom_1470626211248{padding-bottom: 10px !important;}\u00a0\u00bb]Veuillez <strong><a href=\"\/?page_id=2246\">nous contacter<\/a><\/strong> pour discuter du type de sessions sur mesure et des tarifs sp\u00e9ciaux que nous pouvons vous proposer.[\/vc_column_text][\/vc_column][\/vc_row]\n","protected":false},"excerpt":{"rendered":"<p>[vc_row row_type=\u00a0\u00bbrow\u00a0\u00bb use_row_as_full_screen_section=\u00a0\u00bbno\u00a0\u00bb type=\u00a0\u00bbfull_width\u00a0\u00bb angled_section=\u00a0\u00bbno\u00a0\u00bb text_align=\u00a0\u00bbleft\u00a0\u00bb background_image_as_pattern=\u00a0\u00bbwithout_pattern\u00a0\u00bb css_animation=\u00a0\u00bb\u00a0\u00bb][vc_column css=\u00a0\u00bb.vc_custom_1466687919046{padding-top: 20px !important;padding-bottom: 40px !important;}\u00a0\u00bb][vc_column_text] COURS D&rsquo;ENTREPRISE [\/vc_column_text][vc_separator type=\u00a0\u00bbsmall\u00a0\u00bb position=\u00a0\u00bbcenter\u00a0\u00bb color=\u00a0\u00bb#9365b8&Prime; thickness=\u00a0\u00bb5&Prime;][\/vc_column][\/vc_row][vc_row row_type=\u00a0\u00bbrow\u00a0\u00bb use_row_as_full_screen_section=\u00a0\u00bbno\u00a0\u00bb type=\u00a0\u00bbfull_width\u00a0\u00bb angled_section=\u00a0\u00bbno\u00a0\u00bb text_align=\u00a0\u00bbleft\u00a0\u00bb background_image_as_pattern=\u00a0\u00bbwithout_pattern\u00a0\u00bb css_animation=\u00a0\u00bb\u00a0\u00bb][vc_column css=\u00a0\u00bb.vc_custom_1469788630976{padding-bottom: 50px !important;}\u00a0\u00bb][vc_column_text css=\u00a0\u00bb.vc_custom_1469788721732{padding-bottom: 10px !important;}\u00a0\u00bb]Formation en entreprise et formation d&rsquo;\u00e9quipe sportive[\/vc_column_text][vc_column_text css=\u00a0\u00bb.vc_custom_1470626138286{padding-bottom: 10px !important;}\u00a0\u00bb]Le travail d&rsquo;\u00e9quipe est&#8230;<\/p>\n","protected":false},"author":1,"featured_media":0,"parent":0,"menu_order":0,"comment_status":"closed","ping_status":"closed","template":"","meta":{"footnotes":""},"class_list":["post-2376","page","type-page","status-publish","hentry"],"_links":{"self":[{"href":"https:\/\/rainbowfitness.org\/fr\/wp-json\/wp\/v2\/pages\/2376","targetHints":{"allow":["GET"]}}],"collection":[{"href":"https:\/\/rainbowfitness.org\/fr\/wp-json\/wp\/v2\/pages"}],"about":[{"href":"https:\/\/rainbowfitness.org\/fr\/wp-json\/wp\/v2\/types\/page"}],"author":[{"embeddable":true,"href":"https:\/\/rainbowfitness.org\/fr\/wp-json\/wp\/v2\/users\/1"}],"replies":[{"embeddable":true,"href":"https:\/\/rainbowfitness.org\/fr\/wp-json\/wp\/v2\/comments?post=2376"}],"version-history":[{"count":11,"href":"https:\/\/rainbowfitness.org\/fr\/wp-json\/wp\/v2\/pages\/2376\/revisions"}],"predecessor-version":[{"id":2568,"href":"https:\/\/rainbowfitness.org\/fr\/wp-json\/wp\/v2\/pages\/2376\/revisions\/2568"}],"wp:attachment":[{"href":"https:\/\/rainbowfitness.org\/fr\/wp-json\/wp\/v2\/media?parent=2376"}],"curies":[{"name":"wp","href":"https:\/\/api.w.org\/{rel}","templated":true}]}}