{"id":2364,"date":"2022-06-15T10:51:24","date_gmt":"2022-06-15T10:51:24","guid":{"rendered":"http:\/\/rainbowfitness.org\/specialiste-de-la-flexibilite\/"},"modified":"2024-02-02T20:06:14","modified_gmt":"2024-02-02T20:06:14","slug":"specialiste-de-la-flexibilite","status":"publish","type":"page","link":"https:\/\/rainbowfitness.org\/fr\/specialiste-de-la-flexibilite\/","title":{"rendered":"Sp\u00e9cialiste de la flexibilit\u00e9"},"content":{"rendered":"[vc_row row_type=\u00a0\u00bbrow\u00a0\u00bb use_row_as_full_screen_section=\u00a0\u00bbno\u00a0\u00bb type=\u00a0\u00bbfull_width\u00a0\u00bb angled_section=\u00a0\u00bbno\u00a0\u00bb text_align=\u00a0\u00bbleft\u00a0\u00bb background_image_as_pattern=\u00a0\u00bbwithout_pattern\u00a0\u00bb css_animation=\u00a0\u00bb\u00a0\u00bb][vc_column css=\u00a0\u00bb.vc_custom_1466687919046{padding-top: 20px !important;padding-bottom: 40px !important;}\u00a0\u00bb][vc_column_text]\n<h1 style=\"text-align: center;\"><span style=\"color: #2c82c9;\">SP\u00c9CIALISTE DE LA FLEXIBILIT\u00c9<\/span><\/h1>\n[\/vc_column_text][vc_separator type=\u00a0\u00bbsmall\u00a0\u00bb position=\u00a0\u00bbcenter\u00a0\u00bb color=\u00a0\u00bb#9365b8&Prime; thickness=\u00a0\u00bb5&Prime;][\/vc_column][\/vc_row][vc_row row_type=\u00a0\u00bbrow\u00a0\u00bb use_row_as_full_screen_section=\u00a0\u00bbno\u00a0\u00bb type=\u00a0\u00bbfull_width\u00a0\u00bb angled_section=\u00a0\u00bbno\u00a0\u00bb text_align=\u00a0\u00bbleft\u00a0\u00bb background_image_as_pattern=\u00a0\u00bbwithout_pattern\u00a0\u00bb css_animation=\u00a0\u00bb\u00a0\u00bb][vc_column css=\u00a0\u00bb.vc_custom_1467109677995{padding-bottom: 50px !important;}\u00a0\u00bb][vc_column_text]\n<h1 style=\"text-align: center;\"><span style=\"color: #2c82c9;\">S\u00e9ances de relaxation et de lib\u00e9ration<\/span><\/h1>\n[\/vc_column_text][vc_column_text css=\u00a0\u00bb.vc_custom_1468594960433{padding-bottom: 10px !important;}\u00a0\u00bb]<img loading=\"lazy\" decoding=\"async\" class=\"size-medium wp-image-2171 alignright\" src=\"http:\/\/rainbowfitness.org\/wp-content\/uploads\/2016\/07\/even-it-out_-300x191.png\" alt=\"\u00e9galiser_\" width=\"300\" height=\"191\" srcset=\"https:\/\/rainbowfitness.org\/wp-content\/uploads\/2016\/07\/even-it-out_-300x191.png 300w, https:\/\/rainbowfitness.org\/wp-content\/uploads\/2016\/07\/even-it-out_-200x127.png 200w, https:\/\/rainbowfitness.org\/wp-content\/uploads\/2016\/07\/even-it-out_.png 388w\" sizes=\"auto, (max-width: 300px) 100vw, 300px\" \/><strong>D\u00e9tendez<\/strong> -vous avec une gamme d&rsquo;\u00e9tirements effectu\u00e9s pour vous par un sp\u00e9cialiste.[\/vc_column_text][vc_column_text css=\u00a0\u00bb.vc_custom_1468594423062{padding-bottom: 10px !important;}\u00a0\u00bb]Convient pour :<br \/>\n&#8211; La r\u00e9\u00e9ducation et la pr\u00e9habilitation m\u00e9dicales; ainsi que la pr\u00e9-habilitation de blessures: \u00e9duquer \u00e0 \u00e9viter les blessures.<br \/>\n&#8211; Apaiser les douleurs musculaires apr\u00e8s l&rsquo;exercice, aide \u00e0 la croissance musculaire.<br \/>\n&#8211; Atteindre \u00e9galement un niveau et une qualit\u00e9 d&rsquo;\u00e9tirement plus \u00e9lev\u00e9s qui ne sont pas possibles lors de l&rsquo;auto-\u00e9tirement.[\/vc_column_text][vc_column_text css=\u00a0\u00bb.vc_custom_1468594475889{padding-bottom: 10px !important;}\u00a0\u00bb]Ce produit a \u00e9t\u00e9 con\u00e7u pour les clients qui souhaitent se d\u00e9tendre; ainsi que de travailler leurs tiraillements ou douleurs corporelles. S\u00e9ances, toujours adapt\u00e9es, \u00e0 chaque client![\/vc_column_text][vc_column_text css=\u00a0\u00bb.vc_custom_1468594490282{padding-bottom: 10px !important;}\u00a0\u00bb]\nParfaitement s\u00fbr pour femmes Pr\u00e9 et Post natal. Cela aide, contre de nombreuxs de soucis physiques li\u00e9s aux grossesses. S\u00e9ances en toute s\u00e9curit\u00e9, selon les lignes de conduite s\u00e9curit\u00e9 officielles pour l&rsquo;enfant et la m\u00e8re. [\/vc_column_text][vc_column_text css=\u00a0\u00bb.vc_custom_1468594490282{padding-bottom: 10px !important;}\u00a0\u00bb]\n<strong>Id\u00e9al pour<\/strong> : se d\u00e9tendre, \u00e9liminer les douleurs musculaires ou m\u00eame am\u00e9liorer votre flexibilit\u00e9 et votre amplitude de mouvement.[\/vc_column_text][vc_column_text css=\u00a0\u00bb.vc_custom_1468594538998{padding-bottom: 10px !important;}\u00a0\u00bb]S\u00e9ances Relax et Rel\u00e2che, \u00e9quilibrez votre flexibilit\u00e9.[\/vc_column_text][vc_column_text css=\u00a0\u00bb.vc_custom_1536450923935{padding-bottom: 10px !important;}\u00a0\u00bb][\/vc_column_text][vc_column_text css=\u00a0\u00bb.vc_custom_1468594692479{padding-bottom: 10px !important;}\u00a0\u00bb]<span style=\"color: #9365b8; font-size: 18px;\"><strong>Il est structur\u00e9 en trois parties :<\/strong><\/span>[\/vc_column_text][vc_column_text css=\u00a0\u00bb.vc_custom_1468594659816{padding-bottom: 10px !important;padding-left: 15px !important;}\u00a0\u00bb]\n<ul>\n<li>Un \u00e9tirement dynamique facile et \u00e0 faible impact pour \u00e9chauffer vos muscles et les pr\u00e9parer pour le reste de la s\u00e9ance.<\/li>\n<li>Une <strong>routine d&rsquo;\u00e9tirements assist\u00e9s de qualit\u00e9<\/strong> pour d\u00e9tendre chaque muscle un par un, travailler votre souplesse et atteindre un niveau d&rsquo;\u00e9tirement sup\u00e9rieur.<\/li>\n<li>Cette technique particuli\u00e8re <strong>vous permettra de soulager les douleurs articulaires<\/strong> caus\u00e9es par une tension musculaire irr\u00e9guli\u00e8re. De plus, ce sera tr\u00e8s relaxant car tout ce que vous avez \u00e0 faire est de vous allonger et de vous laisser aller.<\/li>\n<li>Un massage doux (facultatif) pour aider \u00e0 rel\u00e2cher davantage les tensions musculaires.<\/li>\n<\/ul>\n[\/vc_column_text][vc_column_text css=\u00a0\u00bb.vc_custom_1468594680283{padding-bottom: 10px !important;}\u00a0\u00bb]Fonctionnalit\u00e9s optionnelles de ce service\u00a0:<br \/>\nmusique relaxante, ambiance parfum\u00e9e aux huiles essentielles, routine d&rsquo;auto-\u00e9tirement sur mesure.[\/vc_column_text][vc_column_text css=\u00a0\u00bb.vc_custom_1468595194433{padding-bottom: 10px !important;}\u00a0\u00bb]<span style=\"color: #9365b8; font-size: 18px;\"><strong>Ce produit a trois objectifs :<\/strong><\/span>[\/vc_column_text][vc_column_text css=\u00a0\u00bb.vc_custom_1467115378087{padding-bottom: 10px !important;padding-left: 15px !important;}\u00a0\u00bb]\n<ul>\n<li><span style=\"color: #2c82c9;\"><strong>Une exp\u00e9rience cocooning et relaxante<\/strong><\/span> qui soulage les douleurs musculaires.<\/li>\n<li><span style=\"color: #2c82c9;\"><strong>R\u00e9duire<\/strong><\/span> , voire bannir <span style=\"color: #2c82c9;\"><strong>les envol\u00e9es des articulations<\/strong><\/span> (dos, genou etc&#8230;)<\/li>\n<li><span style=\"color: #2c82c9;\"><strong>Performances sportives<\/strong><\/span> am\u00e9lior\u00e9es\u00a0: am\u00e9liorez et \u00e9quilibrez l&rsquo;amplitude des mouvements\u00a0; enfin gagner plus de contr\u00f4le sur chaque muscle individuellement.<\/li>\n<\/ul>\n[\/vc_column_text][vc_column_text css=\u00a0\u00bb.vc_custom_1468595293548{padding-bottom: 10px !important;}\u00a0\u00bb]Pendant la s\u00e9ance, le client a bien s\u00fbr un contr\u00f4le total sur la profondeur d&rsquo;application de chaque \u00e9tirement. Ce service est vraiment s\u00fbr et ne causera aucune blessure (ou aucune aggravation \u00e0 vos blessures actuelles).[\/vc_column_text][vc_column_text css=\u00a0\u00bb.vc_custom_1536451295836{padding-bottom: 10px !important;}\u00a0\u00bb]Le th\u00e9rapeute est pleinement qualifi\u00e9, assur\u00e9, habile et tr\u00e8s exp\u00e9riment\u00e9.[\/vc_column_text][vc_column_text css=\u00a0\u00bb.vc_custom_1536451230224{padding-bottom: 10px !important;}\u00a0\u00bb]\n<p style=\"text-align: center;\"><img loading=\"lazy\" decoding=\"async\" class=\"\" src=\"http:\/\/rainbowfitness.org\/wp-content\/uploads\/2018\/09\/as_MW2017_c.png\" alt=\"\" width=\"498\" height=\"199\" \/><\/p>\n[\/vc_column_text][vc_column_text css=\u00a0\u00bb.vc_custom_1468595356503{padding-bottom: 10px !important;}\u00a0\u00bb]<span style=\"color: #9365b8; font-size: 18px;\"><strong>Avantages suppl\u00e9mentaires au service :<\/strong><\/span>[\/vc_column_text][vc_column_text css=\u00a0\u00bb.vc_custom_1468595468527{padding-bottom: 10px !important;padding-left: 15px !important;}\u00a0\u00bb]\n<ul>\n<li>Apprendre de nouveaux \u00e9tirements pour ajouter de la vari\u00e9t\u00e9.<\/li>\n<li>Apprendre des auto-\u00e9tirements qui fonctionnent vraiment pour chaque individu diff\u00e9rent.<\/li>\n<li>Un suivi \u00e9ventuel avec support educatif (feuilles ou vid\u00e9os, matrices d&rsquo;\u00e9tirements&#8230;), afin que les \u00e9tirements enseign\u00e9s soient adapt\u00e9s au mode de vie\/programme d&rsquo;exercices du client(e).<\/li>\n<li>Apprendre \u00e0 s&rsquo;\u00e9tirer correctement et efficacement.<\/li>\n<li>Aide au travail de r\u00e9adaptation apr\u00e8s une blessure.<\/li>\n<\/ul>\n[\/vc_column_text][vc_column_text css=\u00a0\u00bb.vc_custom_1467115525061{padding-bottom: 10px !important;padding-left: 15px !important;}\u00a0\u00bb]Des prix:[\/vc_column_text][vc_column_text css=\u00a0\u00bb.vc_custom_1519958550535{padding-bottom: 10px !important;padding-left: 15px !important;}\u00a0\u00bb]<span style=\"color: #fc9807;\"><strong>42 \u20ac pour 45 minutes<\/strong><\/span><\/p>\n<p><span style=\"color: #fc9807;\"><strong>70 \u20ac pour 1,5 heure<\/strong><\/span>[\/vc_column_text][vc_column_text css=\u00a0\u00bb.vc_custom_1467115591151{padding-bottom: 10px !important;padding-left: 15px !important;}\u00a0\u00bb]Livraison : \u00e0 votre domicile (Montauban et ses alentours proches), 1ou2 personnes. Appelez-nous pour un devis.[\/vc_column_text][vc_column_text css=\u00a0\u00bb.vc_custom_1467115613002{padding-bottom: 10px !important;padding-left: 15px !important;}\u00a0\u00bb]Salle de traitement au : \u00e0 venir, Montauban.. .[\/vc_column_text][vc_column_text css=\u00a0\u00bb.vc_custom_1536451025604{padding-bottom: 10px !important;padding-left: 15px !important;}\u00a0\u00bb]Des <a href=\"https:\/\/rainbowfitness.org\/fr\/nous-contacter\/\" target=\"_blank\" rel=\"noopener\">r\u00e9servations<\/a> en bloc peuvent \u00eatre convenues avec le th\u00e9rapeute.[\/vc_column_text][vc_column_text css=\u00a0\u00bb.vc_custom_1467115643799{padding-bottom: 20px !important;padding-left: 15px !important;}\u00a0\u00bb]Exp\u00e9rience \u00e9difiante originale et unique en Occitanie.[\/vc_column_text][vc_single_image image=\u00a0\u00bb2191&Prime; img_size=\u00a0\u00bb814&#215;200&Prime; alignment=\u00a0\u00bbcenter\u00a0\u00bb qode_css_animation=\u00a0\u00bbelement_from_fade\u00a0\u00bb][\/vc_column][\/vc_row]\n","protected":false},"excerpt":{"rendered":"<p>[vc_row row_type=\u00a0\u00bbrow\u00a0\u00bb use_row_as_full_screen_section=\u00a0\u00bbno\u00a0\u00bb type=\u00a0\u00bbfull_width\u00a0\u00bb angled_section=\u00a0\u00bbno\u00a0\u00bb text_align=\u00a0\u00bbleft\u00a0\u00bb background_image_as_pattern=\u00a0\u00bbwithout_pattern\u00a0\u00bb css_animation=\u00a0\u00bb\u00a0\u00bb][vc_column css=\u00a0\u00bb.vc_custom_1466687919046{padding-top: 20px !important;padding-bottom: 40px !important;}\u00a0\u00bb][vc_column_text] SP\u00c9CIALISTE DE LA FLEXIBILIT\u00c9 [\/vc_column_text][vc_separator type=\u00a0\u00bbsmall\u00a0\u00bb position=\u00a0\u00bbcenter\u00a0\u00bb color=\u00a0\u00bb#9365b8&Prime; thickness=\u00a0\u00bb5&Prime;][\/vc_column][\/vc_row][vc_row row_type=\u00a0\u00bbrow\u00a0\u00bb use_row_as_full_screen_section=\u00a0\u00bbno\u00a0\u00bb type=\u00a0\u00bbfull_width\u00a0\u00bb angled_section=\u00a0\u00bbno\u00a0\u00bb text_align=\u00a0\u00bbleft\u00a0\u00bb background_image_as_pattern=\u00a0\u00bbwithout_pattern\u00a0\u00bb css_animation=\u00a0\u00bb\u00a0\u00bb][vc_column css=\u00a0\u00bb.vc_custom_1467109677995{padding-bottom: 50px !important;}\u00a0\u00bb][vc_column_text] S\u00e9ances de relaxation et de lib\u00e9ration [\/vc_column_text][vc_column_text css=\u00a0\u00bb.vc_custom_1468594960433{padding-bottom: 10px !important;}\u00a0\u00bb]D\u00e9tendez -vous avec une&#8230;<\/p>\n","protected":false},"author":1,"featured_media":0,"parent":0,"menu_order":0,"comment_status":"closed","ping_status":"closed","template":"","meta":{"footnotes":""},"class_list":["post-2364","page","type-page","status-publish","hentry"],"_links":{"self":[{"href":"https:\/\/rainbowfitness.org\/fr\/wp-json\/wp\/v2\/pages\/2364","targetHints":{"allow":["GET"]}}],"collection":[{"href":"https:\/\/rainbowfitness.org\/fr\/wp-json\/wp\/v2\/pages"}],"about":[{"href":"https:\/\/rainbowfitness.org\/fr\/wp-json\/wp\/v2\/types\/page"}],"author":[{"embeddable":true,"href":"https:\/\/rainbowfitness.org\/fr\/wp-json\/wp\/v2\/users\/1"}],"replies":[{"embeddable":true,"href":"https:\/\/rainbowfitness.org\/fr\/wp-json\/wp\/v2\/comments?post=2364"}],"version-history":[{"count":11,"href":"https:\/\/rainbowfitness.org\/fr\/wp-json\/wp\/v2\/pages\/2364\/revisions"}],"predecessor-version":[{"id":2736,"href":"https:\/\/rainbowfitness.org\/fr\/wp-json\/wp\/v2\/pages\/2364\/revisions\/2736"}],"wp:attachment":[{"href":"https:\/\/rainbowfitness.org\/fr\/wp-json\/wp\/v2\/media?parent=2364"}],"curies":[{"name":"wp","href":"https:\/\/api.w.org\/{rel}","templated":true}]}}