{"id":2320,"date":"2022-06-15T10:50:27","date_gmt":"2022-06-15T10:50:27","guid":{"rendered":"http:\/\/rainbowfitness.org\/a-propos-de-neil-fitness\/"},"modified":"2024-01-23T21:39:12","modified_gmt":"2024-01-23T21:39:12","slug":"a-propos-de-neil-fitness","status":"publish","type":"page","link":"https:\/\/rainbowfitness.org\/fr\/a-propos-de-neil-fitness\/","title":{"rendered":"\u00c0 propos de Neil &amp; Fitness"},"content":{"rendered":"[vc_row css_animation=\u00a0\u00bb\u00a0\u00bb row_type=\u00a0\u00bbrow\u00a0\u00bb use_row_as_full_screen_section=\u00a0\u00bbno\u00a0\u00bb type=\u00a0\u00bbfull_width\u00a0\u00bb angled_section=\u00a0\u00bbno\u00a0\u00bb text_align=\u00a0\u00bbleft\u00a0\u00bb background_image_as_pattern=\u00a0\u00bbwithout_pattern\u00a0\u00bb][vc_column css=\u00a0\u00bb.vc_custom_1466687919046{padding-top: 20px !important;padding-bottom: 40px !important;}\u00a0\u00bb][vc_column_text]\n<h1 style=\"text-align: center;\"><span style=\"color: #2c82c9;\">\u00c0 PROPOS DE MOI<\/span><\/h1>\n[\/vc_column_text][vc_separator type=\u00a0\u00bbsmall\u00a0\u00bb position=\u00a0\u00bbcenter\u00a0\u00bb color=\u00a0\u00bb#9365b8&Prime; thickness=\u00a0\u00bb5&Prime;][\/vc_column][\/vc_row][vc_row css_animation=\u00a0\u00bb\u00a0\u00bb row_type=\u00a0\u00bbrow\u00a0\u00bb use_row_as_full_screen_section=\u00a0\u00bbno\u00a0\u00bb type=\u00a0\u00bbfull_width\u00a0\u00bb angled_section=\u00a0\u00bbno\u00a0\u00bb text_align=\u00a0\u00bbleft\u00a0\u00bb background_image_as_pattern=\u00a0\u00bbwithout_pattern\u00a0\u00bb][vc_column css=\u00a0\u00bb.vc_custom_1466690227514{padding-bottom: 40px !important;}\u00a0\u00bb][vc_column_text css=\u00a0\u00bb.vc_custom_1569943630370{padding-bottom: 15px !important;}\u00a0\u00bb]<img loading=\"lazy\" decoding=\"async\" class=\"alignright wp-image-2179 \" src=\"http:\/\/rainbowfitness.org\/wp-content\/uploads\/2016\/06\/nil.png\" alt=\"n\u00e9ant\" width=\"453\" height=\"301\" srcset=\"https:\/\/rainbowfitness.org\/wp-content\/uploads\/2016\/06\/nil.png 376w, https:\/\/rainbowfitness.org\/wp-content\/uploads\/2016\/06\/nil-200x133.png 200w, https:\/\/rainbowfitness.org\/wp-content\/uploads\/2016\/06\/nil-300x199.png 300w\" sizes=\"auto, (max-width: 453px) 100vw, 453px\" \/>Bonjour, je suis Neil-Olivier MacSween.[\/vc_column_text][vc_column_text css=\u00a0\u00bb.vc_custom_1569941958666{padding-bottom: 15px !important;}\u00a0\u00bb]Voici quelques informations sur moi et certaines des choses que j&rsquo;aime faire. Ainsi, vous pouvez comprendre ma passion personnelle et mes id\u00e9es derri\u00e8re mes programmes d&rsquo;entra\u00eenement. Plus ma motivation sur la forme physique de flexibilit\u00e9.[\/vc_column_text][vc_column_text css=\u00a0\u00bb.vc_custom_1569939893274{padding-bottom: 15px !important;}\u00a0\u00bb]J&rsquo;ai grandi et v\u00e9cu de nombreuses ann\u00e9es en France; v\u00e9cu \u00e0 Bristol pendant 15ans: une ville dynamique et sportive, o\u00f9 est na\u00eet Rainbow Fitness. Comme la Vie, avec tant \u00e0 offrir![\/vc_column_text][vc_column_text css=\u00a0\u00bb.vc_custom_1569941252464{padding-bottom: 15px !important;}\u00a0\u00bb]Ce que j&rsquo;aime d\u00e9couvrir chez mes clients, c&rsquo;est leur ambition et leur dynamisme. Je suis tr\u00e8s sociable. Nous sommes tous uniques et diff\u00e9rents \u00e0 notre mani\u00e8re. Donc je cherche les aspects positifs chez les gens, les comprendre aussi est important. S&rsquo;ils ont des ambitions, des objectifs ou m\u00eame des peurs. Je veux essayer de les aider avec leur objectif choisi. <strong>Tout est possible!<\/strong>[\/vc_column_text][vc_column_text css=\u00a0\u00bb.vc_custom_1466689616396{padding-bottom: 15px !important;}\u00a0\u00bb]Je m&rsquo;\u00e9panouis en \u00e9tant occup\u00e9 et aussi actif que possible. Ma plus grande passion r\u00e9side dans la compr\u00e9hension et la communication avec des personnes de diff\u00e9rents horizons.[\/vc_column_text][vc_column_text css=\u00a0\u00bb.vc_custom_1569943782984{padding-bottom: 15px !important;}\u00a0\u00bb]<img loading=\"lazy\" decoding=\"async\" class=\"alignleft wp-image-2180\" src=\"http:\/\/rainbowfitness.org\/wp-content\/uploads\/2016\/06\/about.jpg\" alt=\"sur la forme physique\" width=\"462\" height=\"280\" srcset=\"https:\/\/rainbowfitness.org\/wp-content\/uploads\/2016\/06\/about.jpg 412w, https:\/\/rainbowfitness.org\/wp-content\/uploads\/2016\/06\/about-200x121.jpg 200w, https:\/\/rainbowfitness.org\/wp-content\/uploads\/2016\/06\/about-300x182.jpg 300w\" sizes=\"auto, (max-width: 462px) 100vw, 462px\" \/><\/p>\n<p>Je pratique les arts martiaux depuis de nombreuses ann\u00e9es. La principale raison pour laquelle je continue \u00e0 le faire, c&rsquo;est parce que j&rsquo;aime pousser mon corps dur et travailler mon esprit en m\u00eame temps. Ils ont de nombreux avantages que je recherche\u00a0: <strong>force et contr\u00f4le, respect d&rsquo;un code de conduite et apprentissage du respect<\/strong> et am\u00e9lioration de la condition physique g\u00e9n\u00e9rale. Aussi pratique, si n\u00e9cessaire, est la s\u00e9curit\u00e9 suppl\u00e9mentaire de l&rsquo;autod\u00e9fense &#8230;<\/p>\n<p>Je cherche constamment \u00e0 am\u00e9liorer mes connaissances et mon expertise. Pendant de nombreuses ann\u00e9es, j&rsquo;ai pratiqu\u00e9 le judo (1er.Dan ) et Ju-Jitsu, puis le Kung Fu et le Kickboxing . Je me d\u00e9lecte \u00e0 participer \u00e0 <strong>d&rsquo;autres activit\u00e9s<\/strong> telles que le v\u00e9lo, la course \u00e0 pied, le squash, je favorise\u00a0\u00bbparticiper \u00e0 tous les sports\u00a0\u00bb, la plong\u00e9e sous-marine ( PADI ), paintball, snowboard et sports plus conventionnels.[\/vc_column_text][vc_column_text css=\u00a0\u00bb.vc_custom_1569941544292{padding-bottom: 15px !important;}\u00a0\u00bb]J&rsquo;ai soif d&rsquo;apprendre et j&rsquo;aime am\u00e9liorer mes connaissances. Anatomie, physiologie, bien-\u00eatre, gu\u00e9rison, technique et arts martiaux. Je travaille toujours \u00e0 am\u00e9liorer mes performances pour atteindre un record personnel. Ou au moins rester proche de ce \u00ab\u00a0PB\u00a0\u00bb\u00a0\u00bbrecord personnel\u00a0\u00bb[\/vc_column_text][vc_column_text css=\u00a0\u00bb.vc_custom_1569956074764{padding-bottom: 15px !important;}\u00a0\u00bb]\n<p>Fondateur des \u00ab classes <a href=\"http:\/\/rainbowfitness.org\/different-fitness-classes-description\/\" target=\"_blank\" rel=\"noopener noreferrer\">PRO Flex<\/a> \u00bb. Au d\u00e9but, ce cours a \u00e9t\u00e9 cr\u00e9\u00e9 pour combler une partie manquante de la forme physique : la forme physique de flexibilit\u00e9. Il comble encore cette lacune dans le spectre de toutes les classes. En d\u00e9pit d&rsquo;\u00eatre unique, cette classe int\u00e8gre de nombreux \u00e9l\u00e9ments. Qui sont:<\/p>\n<p>-\u00c2ges mixtes et niveaux de flexibilit\u00e9. Un ordre bien pr\u00e9cis &amp; un choix d&rsquo;\u00e9tirements pour un r\u00e9sultat r\u00e9aliste. Progression hebdomadaire des m\u00eames \u00e9tirements ( peu incorporer des variantes d&rsquo;un \u00e9tirement de la &lsquo;fois d&rsquo;avant&rsquo; ).<br \/>\n-De plus, introduire de la vari\u00e9t\u00e9 avec diff\u00e9rents \u00e9tirements chaque semaine. Toujours: \u00e9tirer <strong>tous<\/strong> les muscles <span style=\"text-decoration: underline;\">du corps<\/span>. \u00c9quilibrer l&rsquo;intensit\u00e9 des \u00e9tirements des c\u00f4t\u00e9s oppos\u00e9s.<br \/>\n-La liste ne s&rsquo;arr\u00eate pas l\u00e0, expl : tous les \u00e9tirements effectu\u00e9s doivent \u00eatre effectu\u00e9s avec un minimum d&rsquo;effort physique. L&rsquo;utilisation d&rsquo;une bonne posture mais minutieuse&#8230;[\/vc_column_text][vc_column_text css=\u00a0\u00bb.vc_custom_1569941727291{padding-bottom: 15px !important;}\u00a0\u00bb]<strong>\u00c0 chaque s\u00e9ance, je vise \u00e0 rendre chaque moment unique et agr\u00e9able pour mes clients :<br \/>\n-Un espace pour vider leur esprit. Se recharger en \u00e9nergie et positivit\u00e9.<br \/>\n-Une de mes priorit\u00e9s est la haute qualit\u00e9 et finesse des techniques. S&rsquo;assurer que les clients s&rsquo;exercent en toute s\u00e9curit\u00e9, mais <\/strong><em><span style=\"text-decoration: underline;\">pleinement dans leurs capacit\u00e9s propres et actuelles<\/span><\/em><strong>.<\/strong><\/p>\n<p><strong> En plus de se sentir bien, avec n\u00e9anmoins un r\u00e9el sentiment d&rsquo;accomplissement.<\/strong><\/p>\n<p style=\"padding-left: 30px;\">Essayez <em>un corps et un mode de vie plus sains <a href=\"\/?page_id=2242\"><strong>qui vous conviennent\u00a0!<\/strong><\/a><\/em><\/p>\n[\/vc_column_text][\/vc_column][\/vc_row]\n","protected":false},"excerpt":{"rendered":"<p>[vc_row css_animation=\u00a0\u00bb\u00a0\u00bb row_type=\u00a0\u00bbrow\u00a0\u00bb use_row_as_full_screen_section=\u00a0\u00bbno\u00a0\u00bb type=\u00a0\u00bbfull_width\u00a0\u00bb angled_section=\u00a0\u00bbno\u00a0\u00bb text_align=\u00a0\u00bbleft\u00a0\u00bb background_image_as_pattern=\u00a0\u00bbwithout_pattern\u00a0\u00bb][vc_column css=\u00a0\u00bb.vc_custom_1466687919046{padding-top: 20px !important;padding-bottom: 40px !important;}\u00a0\u00bb][vc_column_text] \u00c0 PROPOS DE MOI [\/vc_column_text][vc_separator type=\u00a0\u00bbsmall\u00a0\u00bb position=\u00a0\u00bbcenter\u00a0\u00bb color=\u00a0\u00bb#9365b8&Prime; thickness=\u00a0\u00bb5&Prime;][\/vc_column][\/vc_row][vc_row css_animation=\u00a0\u00bb\u00a0\u00bb row_type=\u00a0\u00bbrow\u00a0\u00bb use_row_as_full_screen_section=\u00a0\u00bbno\u00a0\u00bb type=\u00a0\u00bbfull_width\u00a0\u00bb angled_section=\u00a0\u00bbno\u00a0\u00bb text_align=\u00a0\u00bbleft\u00a0\u00bb background_image_as_pattern=\u00a0\u00bbwithout_pattern\u00a0\u00bb][vc_column css=\u00a0\u00bb.vc_custom_1466690227514{padding-bottom: 40px !important;}\u00a0\u00bb][vc_column_text css=\u00a0\u00bb.vc_custom_1569943630370{padding-bottom: 15px !important;}\u00a0\u00bb]Bonjour, je suis Neil-Olivier MacSween.[\/vc_column_text][vc_column_text css=\u00a0\u00bb.vc_custom_1569941958666{padding-bottom: 15px !important;}\u00a0\u00bb]Voici quelques informations sur&#8230;<\/p>\n","protected":false},"author":1,"featured_media":0,"parent":0,"menu_order":0,"comment_status":"closed","ping_status":"closed","template":"","meta":{"footnotes":""},"class_list":["post-2320","page","type-page","status-publish","hentry"],"_links":{"self":[{"href":"https:\/\/rainbowfitness.org\/fr\/wp-json\/wp\/v2\/pages\/2320","targetHints":{"allow":["GET"]}}],"collection":[{"href":"https:\/\/rainbowfitness.org\/fr\/wp-json\/wp\/v2\/pages"}],"about":[{"href":"https:\/\/rainbowfitness.org\/fr\/wp-json\/wp\/v2\/types\/page"}],"author":[{"embeddable":true,"href":"https:\/\/rainbowfitness.org\/fr\/wp-json\/wp\/v2\/users\/1"}],"replies":[{"embeddable":true,"href":"https:\/\/rainbowfitness.org\/fr\/wp-json\/wp\/v2\/comments?post=2320"}],"version-history":[{"count":17,"href":"https:\/\/rainbowfitness.org\/fr\/wp-json\/wp\/v2\/pages\/2320\/revisions"}],"predecessor-version":[{"id":2700,"href":"https:\/\/rainbowfitness.org\/fr\/wp-json\/wp\/v2\/pages\/2320\/revisions\/2700"}],"wp:attachment":[{"href":"https:\/\/rainbowfitness.org\/fr\/wp-json\/wp\/v2\/media?parent=2320"}],"curies":[{"name":"wp","href":"https:\/\/api.w.org\/{rel}","templated":true}]}}