{"id":2309,"date":"2022-06-15T10:50:26","date_gmt":"2022-06-15T10:50:26","guid":{"rendered":"http:\/\/rainbowfitness.org\/autres-services\/"},"modified":"2022-06-15T10:50:28","modified_gmt":"2022-06-15T10:50:28","slug":"autres-services","status":"publish","type":"page","link":"https:\/\/rainbowfitness.org\/fr\/autres-services\/","title":{"rendered":"Autres services"},"content":{"rendered":"[vc_row row_type=\u00a0\u00bbrow\u00a0\u00bb use_row_as_full_screen_section=\u00a0\u00bbno\u00a0\u00bb type=\u00a0\u00bbfull_width\u00a0\u00bb angled_section=\u00a0\u00bbno\u00a0\u00bb text_align=\u00a0\u00bbleft\u00a0\u00bb background_image_as_pattern=\u00a0\u00bbwithout_pattern\u00a0\u00bb css_animation=\u00a0\u00bb\u00a0\u00bb][vc_column css=\u00a0\u00bb.vc_custom_1466687919046{padding-top: 20px !important;padding-bottom: 40px !important;}\u00a0\u00bb][vc_column_text]\n<h1 style=\"text-align: center;\"><span style=\"color: #2c82c9;\">AUTRES SERVICES<br \/>\n<\/span><\/h1>\n[\/vc_column_text][vc_separator type=\u00a0\u00bbsmall\u00a0\u00bb position=\u00a0\u00bbcenter\u00a0\u00bb color=\u00a0\u00bb#9365b8&Prime; thickness=\u00a0\u00bb5&Prime;][\/vc_column][\/vc_row][vc_row row_type=\u00a0\u00bbrow\u00a0\u00bb use_row_as_full_screen_section=\u00a0\u00bbno\u00a0\u00bb type=\u00a0\u00bbfull_width\u00a0\u00bb angled_section=\u00a0\u00bbno\u00a0\u00bb text_align=\u00a0\u00bbleft\u00a0\u00bb background_image_as_pattern=\u00a0\u00bbwithout_pattern\u00a0\u00bb css_animation=\u00a0\u00bb\u00a0\u00bb][vc_column][vc_separator type=\u00a0\u00bbnormal\u00a0\u00bb][vc_separator type=\u00a0\u00bbtransparent\u00a0\u00bb up=\u00a0\u00bb30&Prime;][vc_single_image image=\u00a0\u00bb2171&Prime; img_size=\u00a0\u00bb350&#215;180&Prime; alignment=\u00a0\u00bbcenter\u00a0\u00bb qode_css_animation=\u00a0\u00bb\u00a0\u00bb css=\u00a0\u00bb.vc_custom_1536428093499{padding-bottom: 10px !important;}\u00a0\u00bb][vc_column_text css=\u00a0\u00bb.vc_custom_1536429677355{padding-bottom: 10px !important;}\u00a0\u00bb]<span style=\"color: #9365b8; font-size: 22px;\"><strong> <\/strong><\/span><\/p>\n<p style=\"text-align: center;\"><span style=\"color: #9365b8; font-size: 22px;\"><strong> Bien-\u00eatre Personnel &#8211; Nutrition &#8211; Massage \u00e9nerg\u00e9tique Rei-ki &#8211;<br \/>\n<\/strong><\/span><\/p>\n<p style=\"text-align: center;\"><span style=\"color: #9365b8; font-size: 22px;\"><strong>Entra\u00eenement aux arts martiaux &#8211; Coaching et \u00e9tablissement d&rsquo;objectifs &#8211; M\u00e9ditation.<br \/>\n<\/strong><\/span><\/p>\n[\/vc_column_text][vc_separator type=\u00a0\u00bbnormal\u00a0\u00bb][vc_column_text]\n[\/vc_column_text][vc_column_text css=\u00a0\u00bb.vc_custom_1470063692767{padding-bottom: 10px !important;}\u00a0\u00bb]<span style=\"color: #9365b8; font-size: 22px;\"><strong><img loading=\"lazy\" decoding=\"async\" class=\"size-full wp-image-2205 alignleft\" src=\"http:\/\/rainbowfitness.org\/wp-content\/uploads\/2016\/07\/wellbeing.jpg\" alt=\"bien-\u00eatre\" width=\"224\" height=\"300\" srcset=\"https:\/\/rainbowfitness.org\/wp-content\/uploads\/2016\/07\/wellbeing.jpg 305w, https:\/\/rainbowfitness.org\/wp-content\/uploads\/2016\/07\/wellbeing-200x268.jpg 200w, https:\/\/rainbowfitness.org\/wp-content\/uploads\/2016\/07\/wellbeing-224x300.jpg 224w\" sizes=\"auto, (max-width: 224px) 100vw, 224px\" \/>Bien-\u00eatre:<\/strong><\/span>[\/vc_column_text][vc_column_text css=\u00a0\u00bb.vc_custom_1470063702342{padding-bottom: 10px !important;}\u00a0\u00bb]<strong>Acc\u00e9dez simplement au bien-\u00eatre :<\/strong>[\/vc_column_text][vc_column_text css=\u00a0\u00bb.vc_custom_1470063712860{padding-bottom: 10px !important;}\u00a0\u00bb]D\u00e9veloppez une nouvelle routine qui vous ressemble ![\/vc_column_text][vc_column_text css=\u00a0\u00bb.vc_custom_1470063721788{padding-bottom: 10px !important;}\u00a0\u00bb]Utilisez des m\u00e9thodes et des produits naturels.[\/vc_column_text][vc_column_text css=\u00a0\u00bb.vc_custom_1536414362592{padding-bottom: 10px !important;}\u00a0\u00bb]Une Introspection plus proche de votre Soi Physique, une meilleure compr\u00e9hension (et contr\u00f4le) de votre corps.<br \/>\nAugmentez \u00e0 la fois votre d\u00e9tente et vos performances&nbsp;![\/vc_column_text][vc_column_text]\n<p>&nbsp;<\/p>\n[\/vc_column_text][vc_column_text]\n<p>&nbsp;<\/p>\n[\/vc_column_text][vc_column_text css=\u00a0\u00bb.vc_custom_1536425823737{padding-bottom: 10px !important;}\u00a0\u00bb]\n<p>&nbsp;<\/p>\n[\/vc_column_text][vc_separator type=\u00a0\u00bbnormal\u00a0\u00bb][vc_column_text css=\u00a0\u00bb.vc_custom_1470453849443{padding-bottom: 10px !important;}\u00a0\u00bb]<span style=\"color: #9365b8; font-size: 22px;\"><strong><img loading=\"lazy\" decoding=\"async\" class=\"size-full wp-image-2204 alignright\" src=\"http:\/\/rainbowfitness.org\/wp-content\/uploads\/2016\/07\/time-progress.jpg\" alt=\"progression dans le temps\" width=\"385\" height=\"235\" srcset=\"https:\/\/rainbowfitness.org\/wp-content\/uploads\/2016\/07\/time-progress.jpg 529w, https:\/\/rainbowfitness.org\/wp-content\/uploads\/2016\/07\/time-progress-200x122.jpg 200w, https:\/\/rainbowfitness.org\/wp-content\/uploads\/2016\/07\/time-progress-300x183.jpg 300w\" sizes=\"auto, (max-width: 385px) 100vw, 385px\" \/><\/strong><\/span><\/p>\n<p>&nbsp;<\/p>\n<p><span style=\"color: #9365b8; font-size: 22px;\"><strong>Coaching de style de vie et gestion des objectifs&nbsp;:<\/strong><\/span>[\/vc_column_text][vc_column_text css=\u00a0\u00bb.vc_custom_1470063998367{padding-bottom: 10px !important;}\u00a0\u00bb]Bien s\u00fbr, il est plus difficile de changer tout seul. L&rsquo;attitude et l&rsquo;\u00e9tat d&rsquo;esprit gagnant sont essentiels pour atteindre vos objectifs, <a href=\"\/?page_id=2246\">contactez-nous<\/a> pour un devis sur mesure. Coaching \u00e9tape par \u00e9tape, vers un mode de vie plus sain qui vous correspond.[\/vc_column_text][vc_column_text css=\u00a0\u00bb.vc_custom_1536420890807{padding-bottom: 10px !important;}\u00a0\u00bb]\u00a0[\/vc_column_text][vc_column_text]\n<p>&nbsp;<\/p>\n[\/vc_column_text][vc_column_text]\n<p>&nbsp;<\/p>\n[\/vc_column_text][vc_column_text]\n[\/vc_column_text][vc_separator type=\u00a0\u00bbnormal\u00a0\u00bb][\/vc_column][\/vc_row][vc_row row_type=\u00a0\u00bbrow\u00a0\u00bb use_row_as_full_screen_section=\u00a0\u00bbno\u00a0\u00bb type=\u00a0\u00bbfull_width\u00a0\u00bb angled_section=\u00a0\u00bbno\u00a0\u00bb text_align=\u00a0\u00bbleft\u00a0\u00bb background_image_as_pattern=\u00a0\u00bbwithout_pattern\u00a0\u00bb css_animation=\u00a0\u00bb\u00a0\u00bb][vc_column css=\u00a0\u00bb.vc_custom_1470064296499{padding-bottom: 50px !important;}\u00a0\u00bb][vc_column_text css=\u00a0\u00bb.vc_custom_1536418412334{padding-bottom: 10px !important;}\u00a0\u00bb]<span style=\"color: #9365b8; font-size: 22px;\"><strong><img loading=\"lazy\" decoding=\"async\" class=\" wp-image-2205 alignleft\" src=\"http:\/\/rainbowfitness.org\/wp-content\/uploads\/2018\/09\/reiki.jpg\" alt=\"bien-\u00eatre\" width=\"235\" height=\"209\">D\u00e9tente &amp; ReiKi : Massage \u00e9nerg\u00e9tique.<br \/>\n<\/strong><\/span>[\/vc_column_text][vc_column_text css=\u00a0\u00bb.vc_custom_1536419837123{padding-bottom: 10px !important;}\u00a0\u00bb]Relaxation et restauration de votre corps&nbsp;; paisible et apaisant pour l&rsquo;esprit.<\/p>\n<p><a href=\"\/?page_id=2246\" target=\"_blank\" rel=\"noopener\">R\u00e9servez-vous<\/a> une s\u00e9ance.[\/vc_column_text][vc_column_text]Th\u00e9rapeute praticien pleinement qualifi\u00e9 et ma\u00eetre.<\/p>\n<p><a href=\"https:\/\/www.reikifed.co.uk\/reiki-near-you-advanced-search\/22742\/neil-macsween\/\" target=\"_blank\" rel=\"noopener\">Licenci\u00e9<\/a> avec la <a href=\"https:\/\/www.reikifed.co.uk\/\" target=\"_blank\" rel=\"noopener\">F\u00e9d\u00e9ration britannique de ReiKi<\/a> .[\/vc_column_text][vc_column_text]\n<p>&nbsp;<\/p>\n[\/vc_column_text][vc_column_text]\n<p>&nbsp;<\/p>\n[\/vc_column_text][vc_column_text css=\u00a0\u00bb.vc_custom_1536425810630{padding-bottom: 10px !important;}\u00a0\u00bb]\n<p>&nbsp;<\/p>\n[\/vc_column_text][vc_separator type=\u00a0\u00bbnormal\u00a0\u00bb][vc_column_text css=\u00a0\u00bb.vc_custom_1536429464498{padding-bottom: 10px !important;}\u00a0\u00bb]\n<p style=\"text-align: center;\"><span style=\"color: #9365b8; font-size: 22px;\"><strong> Tous les objectifs d&rsquo;entra\u00eenement de sant\u00e9 et de fitness sont les bienvenus chez Rainbow Fitness&nbsp;: <\/strong><\/span><\/p>\n<p style=\"text-align: center;\"><span style=\"color: #9365b8; font-size: 22px;\"><strong>Je vais enti\u00e8rement adapter les s\u00e9ances \u00e0 vous, m&rsquo;int\u00e9grant \u00e0 un vous plus sain!<\/strong><\/span><\/p>\n<p style=\"text-align: justify;\">Entrons <a href=\"\/?page_id=2246\">en contact<\/a> .<\/p>\n[\/vc_column_text][vc_separator type=\u00a0\u00bbnormal\u00a0\u00bb][vc_column_text css=\u00a0\u00bb.vc_custom_1469867634236{padding-bottom: 10px !important;}\u00a0\u00bb]<span style=\"color: #9365b8; font-size: 22px;\"><strong>La nutrition:<\/strong><\/span>[\/vc_column_text][vc_column_text css=\u00a0\u00bb.vc_custom_1469867724832{padding-bottom: 10px !important;padding-left: 15px !important;}\u00a0\u00bb]\n<ul>\n<li>Trouvez de l&rsquo;aide, des conseils et des informations <strong>pour mieux comprendre et g\u00e9rer votre nutrition<\/strong> . B\u00e9n\u00e9fique pour vous et toute la famille.<\/li>\n<\/ul>\n[\/vc_column_text][vc_column_text css=\u00a0\u00bb.vc_custom_1469867687366{padding-bottom: 10px !important;}\u00a0\u00bb]Informations pratiques sur la m\u00e9canique entre les aliments et notre corps : consultations nutritionnelles.<\/p>\n<p>Peut m\u00eame inclure une \u00ab\u00a0visite de supermarch\u00e9 saine\u00a0\u00bb, un calcul de calories \u00ab\u00a0journal alimentaire\u00a0\u00bb de vos apports alimentaires hebdomadaires.[\/vc_column_text][vc_single_image image=\u00a0\u00bb2203&Prime; img_size=\u00a0\u00bb650&#215;180&Prime; alignment=\u00a0\u00bbcenter\u00a0\u00bb qode_css_animation=\u00a0\u00bb\u00a0\u00bb css=\u00a0\u00bb.vc_custom_1536425738299{padding-bottom: 10px !important;}\u00a0\u00bb][vc_column_text css=\u00a0\u00bb.vc_custom_1469867704558{padding-bottom: 10px !important;padding-left: 15px !important;}\u00a0\u00bb]\n<ul>\n<li>Demandez \u00e0 un professionnel de vous aider \u00e0 adapter vos nouveaux repas au fur et \u00e0 mesure de votre progression.<\/li>\n<\/ul>\n[\/vc_column_text][vc_column_text css=\u00a0\u00bb.vc_custom_1470453872977{padding-bottom: 10px !important;}\u00a0\u00bb]\n<p>Y a-t-il des habitudes que vous aimeriez changer ou amender ? Mais vous avez vraiment du mal \u00e0 le faire. C&rsquo;est toujours plus facile quand on n&rsquo;est pas seul.[\/vc_column_text][vc_column_text css=\u00a0\u00bb.vc_custom_1470063653046{padding-bottom: 20px !important;}\u00a0\u00bb]Des conseils nutritionnels, pour vous accompagner progressivement, ajuster vos besoins nutritionnels. Demandez \u00e0 un professionnel de vous aider \u00e0 adapter vos nouveaux repas au fur et \u00e0 mesure de votre progression.[\/vc_column_text][vc_single_image image=\u00a0\u00bb926&Prime; img_size=\u00a0\u00bb650&#215;180&Prime; alignment=\u00a0\u00bbcenter\u00a0\u00bb qode_css_animation=\u00a0\u00bb\u00a0\u00bb css=\u00a0\u00bb.vc_custom_1536425125154{padding-bottom: 20px !important;}\u00a0\u00bb][vc_separator type=\u00a0\u00bbnormal\u00a0\u00bb][vc_column_text css=\u00a0\u00bb.vc_custom_1536445643388{padding-bottom: 10px !important;}\u00a0\u00bb]<span style=\"color: #9365b8; font-size: 22px;\"><strong><img loading=\"lazy\" decoding=\"async\" class=\" wp-image-2204 alignright\" src=\"http:\/\/rainbowfitness.org\/wp-content\/uploads\/2016\/07\/ComboStrip.png\" alt=\"progression dans le temps\" width=\"753\" height=\"129\"><\/strong><\/span><\/p>\n<p>&nbsp;<\/p>\n<p><span style=\"color: #9365b8; font-size: 22px;\"><strong>Entra\u00eenement aux arts martiaux :<\/strong><\/span><\/p>\n<p><span style=\"color: #9365b8; font-size: 22px;\"><strong> technique &amp; valeurs.<\/strong><\/span>[\/vc_column_text][vc_column_text]Kick-boxing, Judo (&amp; Ju-jitsu),<\/p>\n<p>Boxe : techniques &amp; valeurs.[\/vc_column_text][vc_column_text]<a href=\"\/?page_id=2246\" target=\"_blank\" rel=\"noopener\">Renseignez<\/a> -vous pour votre One to one sur mesure,<\/p>\n<p>ou votre petit groupe priv\u00e9 de formation personnelle.<\/p>\n<p>\u00c0 l&rsquo;ext\u00e9rieur dans un parc \u00e0 votre convenance, \u00e0 l&rsquo;int\u00e9rieur au blackboy Hill Dojo[\/vc_column_text][vc_column_text]Cette s\u00e9ance peut \u00e9galement comprendre : <a href=\"\/?page_id=2302\">Coaching CardioVasculaire<\/a> , circuits de poids de corps, \u00e9tirements \u00e9quilibr\u00e9s.<\/p>\n<p>Travailler tout en un : votre concentration, votre endurance, vos muscles et votre flexibilit\u00e9&nbsp;![\/vc_column_text][vc_column_text css=\u00a0\u00bb.vc_custom_1536420890807{padding-bottom: 10px !important;}\u00a0\u00bb]\u00a0[\/vc_column_text][vc_separator type=\u00a0\u00bbnormal\u00a0\u00bb][vc_column_text css=\u00a0\u00bb.vc_custom_1536430418706{padding-bottom: 10px !important;}\u00a0\u00bb]<span style=\"color: #9365b8; font-size: 22px;\"><strong><img loading=\"lazy\" decoding=\"async\" class=\" wp-image-2205 alignleft\" src=\"http:\/\/rainbowfitness.org\/wp-content\/uploads\/2018\/09\/Meditate-florish.png\" alt=\"bien-\u00eatre\" width=\"292\" height=\"234\"><\/strong><\/span><span style=\"color: #9365b8; font-size: 22px;\"><strong>M\u00e9ditation.<\/strong><\/span>[\/vc_column_text][vc_column_text css=\u00a0\u00bb.vc_custom_1536424492377{padding-bottom: 10px !important;}\u00a0\u00bb]M\u00e9ditation : nous pouvons vous accorder du temps pour trouver des moyens de m\u00e9diter.[\/vc_column_text][vc_column_text]Les initiations \u00e0 la relaxation par la m\u00e9ditation sont les bienvenues.<\/p>\n<p>Am\u00e9liorez votre forme cardio et votre respiration en m\u00eame temps !<\/p>\n<p><a href=\"\/?page_id=2246\" target=\"_blank\" rel=\"noopener\">Communiquez votre int\u00e9r\u00eat<\/a> pour la m\u00e9ditation.[\/vc_column_text][\/vc_column][\/vc_row][vc_row row_type=\u00a0\u00bbrow\u00a0\u00bb use_row_as_full_screen_section=\u00a0\u00bbno\u00a0\u00bb type=\u00a0\u00bbfull_width\u00a0\u00bb angled_section=\u00a0\u00bbno\u00a0\u00bb text_align=\u00a0\u00bbleft\u00a0\u00bb background_image_as_pattern=\u00a0\u00bbwithout_pattern\u00a0\u00bb css_animation=\u00a0\u00bb\u00a0\u00bb][vc_column][\/vc_column][\/vc_row][vc_row row_type=\u00a0\u00bbrow\u00a0\u00bb use_row_as_full_screen_section=\u00a0\u00bbno\u00a0\u00bb type=\u00a0\u00bbfull_width\u00a0\u00bb angled_section=\u00a0\u00bbno\u00a0\u00bb text_align=\u00a0\u00bbleft\u00a0\u00bb background_image_as_pattern=\u00a0\u00bbwithout_pattern\u00a0\u00bb css_animation=\u00a0\u00bb\u00a0\u00bb][\/vc_row][vc_row row_type=\u00a0\u00bbrow\u00a0\u00bb use_row_as_full_screen_section=\u00a0\u00bbno\u00a0\u00bb type=\u00a0\u00bbfull_width\u00a0\u00bb angled_section=\u00a0\u00bbno\u00a0\u00bb text_align=\u00a0\u00bbleft\u00a0\u00bb background_image_as_pattern=\u00a0\u00bbwithout_pattern\u00a0\u00bb css_animation=\u00a0\u00bb\u00a0\u00bb][vc_column][\/vc_column][\/vc_row][vc_row row_type=\u00a0\u00bbrow\u00a0\u00bb use_row_as_full_screen_section=\u00a0\u00bbno\u00a0\u00bb type=\u00a0\u00bbfull_width\u00a0\u00bb angled_section=\u00a0\u00bbno\u00a0\u00bb text_align=\u00a0\u00bbleft\u00a0\u00bb background_image_as_pattern=\u00a0\u00bbwithout_pattern\u00a0\u00bb css_animation=\u00a0\u00bb\u00a0\u00bb][vc_column][\/vc_column][\/vc_row][vc_row row_type=\u00a0\u00bbrow\u00a0\u00bb use_row_as_full_screen_section=\u00a0\u00bbno\u00a0\u00bb type=\u00a0\u00bbfull_width\u00a0\u00bb angled_section=\u00a0\u00bbno\u00a0\u00bb text_align=\u00a0\u00bbleft\u00a0\u00bb background_image_as_pattern=\u00a0\u00bbwithout_pattern\u00a0\u00bb css_animation=\u00a0\u00bb\u00a0\u00bb][vc_column][\/vc_column][\/vc_row][vc_row row_type=\u00a0\u00bbrow\u00a0\u00bb use_row_as_full_screen_section=\u00a0\u00bbno\u00a0\u00bb type=\u00a0\u00bbfull_width\u00a0\u00bb angled_section=\u00a0\u00bbno\u00a0\u00bb text_align=\u00a0\u00bbleft\u00a0\u00bb background_image_as_pattern=\u00a0\u00bbwithout_pattern\u00a0\u00bb css_animation=\u00a0\u00bb\u00a0\u00bb][vc_column][\/vc_column][\/vc_row][vc_row row_type=\u00a0\u00bbrow\u00a0\u00bb use_row_as_full_screen_section=\u00a0\u00bbno\u00a0\u00bb type=\u00a0\u00bbfull_width\u00a0\u00bb angled_section=\u00a0\u00bbno\u00a0\u00bb text_align=\u00a0\u00bbleft\u00a0\u00bb background_image_as_pattern=\u00a0\u00bbwithout_pattern\u00a0\u00bb css_animation=\u00a0\u00bb\u00a0\u00bb][vc_column][\/vc_column][\/vc_row][vc_row row_type=\u00a0\u00bbrow\u00a0\u00bb use_row_as_full_screen_section=\u00a0\u00bbno\u00a0\u00bb type=\u00a0\u00bbfull_width\u00a0\u00bb angled_section=\u00a0\u00bbno\u00a0\u00bb text_align=\u00a0\u00bbleft\u00a0\u00bb background_image_as_pattern=\u00a0\u00bbwithout_pattern\u00a0\u00bb css_animation=\u00a0\u00bb\u00a0\u00bb][vc_column][\/vc_column][\/vc_row][vc_row row_type=\u00a0\u00bbrow\u00a0\u00bb use_row_as_full_screen_section=\u00a0\u00bbno\u00a0\u00bb type=\u00a0\u00bbfull_width\u00a0\u00bb angled_section=\u00a0\u00bbno\u00a0\u00bb text_align=\u00a0\u00bbleft\u00a0\u00bb background_image_as_pattern=\u00a0\u00bbwithout_pattern\u00a0\u00bb css_animation=\u00a0\u00bb\u00a0\u00bb][vc_column][\/vc_column][\/vc_row][vc_row row_type=\u00a0\u00bbrow\u00a0\u00bb use_row_as_full_screen_section=\u00a0\u00bbno\u00a0\u00bb type=\u00a0\u00bbfull_width\u00a0\u00bb angled_section=\u00a0\u00bbno\u00a0\u00bb text_align=\u00a0\u00bbleft\u00a0\u00bb background_image_as_pattern=\u00a0\u00bbwithout_pattern\u00a0\u00bb css_animation=\u00a0\u00bb\u00a0\u00bb][vc_column][\/vc_column][\/vc_row]\n","protected":false},"excerpt":{"rendered":"<p>[vc_row row_type=\u00a0\u00bbrow\u00a0\u00bb use_row_as_full_screen_section=\u00a0\u00bbno\u00a0\u00bb type=\u00a0\u00bbfull_width\u00a0\u00bb angled_section=\u00a0\u00bbno\u00a0\u00bb text_align=\u00a0\u00bbleft\u00a0\u00bb background_image_as_pattern=\u00a0\u00bbwithout_pattern\u00a0\u00bb css_animation=\u00a0\u00bb\u00a0\u00bb][vc_column css=\u00a0\u00bb.vc_custom_1466687919046{padding-top: 20px !important;padding-bottom: 40px !important;}\u00a0\u00bb][vc_column_text] AUTRES SERVICES [\/vc_column_text][vc_separator type=\u00a0\u00bbsmall\u00a0\u00bb position=\u00a0\u00bbcenter\u00a0\u00bb color=\u00a0\u00bb#9365b8&Prime; thickness=\u00a0\u00bb5&Prime;][\/vc_column][\/vc_row][vc_row row_type=\u00a0\u00bbrow\u00a0\u00bb use_row_as_full_screen_section=\u00a0\u00bbno\u00a0\u00bb type=\u00a0\u00bbfull_width\u00a0\u00bb angled_section=\u00a0\u00bbno\u00a0\u00bb text_align=\u00a0\u00bbleft\u00a0\u00bb background_image_as_pattern=\u00a0\u00bbwithout_pattern\u00a0\u00bb css_animation=\u00a0\u00bb\u00a0\u00bb][vc_column][vc_separator type=\u00a0\u00bbnormal\u00a0\u00bb][vc_separator type=\u00a0\u00bbtransparent\u00a0\u00bb up=\u00a0\u00bb30&Prime;][vc_single_image image=\u00a0\u00bb2171&Prime; img_size=\u00a0\u00bb350&#215;180&Prime; alignment=\u00a0\u00bbcenter\u00a0\u00bb qode_css_animation=\u00a0\u00bb\u00a0\u00bb css=\u00a0\u00bb.vc_custom_1536428093499{padding-bottom: 10px !important;}\u00a0\u00bb][vc_column_text css=\u00a0\u00bb.vc_custom_1536429677355{padding-bottom: 10px !important;}\u00a0\u00bb] Bien-\u00eatre Personnel &#8211; Nutrition &#8211;&#8230;<\/p>\n","protected":false},"author":1,"featured_media":0,"parent":0,"menu_order":0,"comment_status":"closed","ping_status":"closed","template":"","meta":{"footnotes":""},"class_list":["post-2309","page","type-page","status-publish","hentry"],"_links":{"self":[{"href":"https:\/\/rainbowfitness.org\/fr\/wp-json\/wp\/v2\/pages\/2309","targetHints":{"allow":["GET"]}}],"collection":[{"href":"https:\/\/rainbowfitness.org\/fr\/wp-json\/wp\/v2\/pages"}],"about":[{"href":"https:\/\/rainbowfitness.org\/fr\/wp-json\/wp\/v2\/types\/page"}],"author":[{"embeddable":true,"href":"https:\/\/rainbowfitness.org\/fr\/wp-json\/wp\/v2\/users\/1"}],"replies":[{"embeddable":true,"href":"https:\/\/rainbowfitness.org\/fr\/wp-json\/wp\/v2\/comments?post=2309"}],"version-history":[{"count":3,"href":"https:\/\/rainbowfitness.org\/fr\/wp-json\/wp\/v2\/pages\/2309\/revisions"}],"predecessor-version":[{"id":2328,"href":"https:\/\/rainbowfitness.org\/fr\/wp-json\/wp\/v2\/pages\/2309\/revisions\/2328"}],"wp:attachment":[{"href":"https:\/\/rainbowfitness.org\/fr\/wp-json\/wp\/v2\/media?parent=2309"}],"curies":[{"name":"wp","href":"https:\/\/api.w.org\/{rel}","templated":true}]}}