{"id":2302,"date":"2022-06-15T10:50:25","date_gmt":"2022-06-15T10:50:25","guid":{"rendered":"http:\/\/rainbowfitness.org\/des-prix\/"},"modified":"2024-01-20T20:08:57","modified_gmt":"2024-01-20T20:08:57","slug":"tarifs","status":"publish","type":"page","link":"https:\/\/rainbowfitness.org\/fr\/tarifs\/","title":{"rendered":"Tarifs"},"content":{"rendered":"[vc_row row_type=\u00a0\u00bbrow\u00a0\u00bb use_row_as_full_screen_section=\u00a0\u00bbno\u00a0\u00bb type=\u00a0\u00bbfull_width\u00a0\u00bb angled_section=\u00a0\u00bbno\u00a0\u00bb text_align=\u00a0\u00bbleft\u00a0\u00bb background_image_as_pattern=\u00a0\u00bbwithout_pattern\u00a0\u00bb css_animation=\u00a0\u00bb\u00a0\u00bb][vc_column css=\u00a0\u00bb.vc_custom_1466687919046{padding-top: 20px !important;padding-bottom: 15px !important;}\u00a0\u00bb][vc_column_text]\n<h1 style=\"text-align: center;\"><span style=\"color: #2c82c9;\">Tarifs<\/span><\/h1>\n[\/vc_column_text][vc_separator type=\u00a0\u00bbsmall\u00a0\u00bb position=\u00a0\u00bbcenter\u00a0\u00bb color=\u00a0\u00bb#9365b8&Prime; thickness=\u00a0\u00bb5&Prime;][\/vc_column][\/vc_row][vc_row row_type=\u00a0\u00bbrow\u00a0\u00bb use_row_as_full_screen_section=\u00a0\u00bbno\u00a0\u00bb type=\u00a0\u00bbfull_width\u00a0\u00bb angled_section=\u00a0\u00bbno\u00a0\u00bb text_align=\u00a0\u00bbleft\u00a0\u00bb background_image_as_pattern=\u00a0\u00bbwithout_pattern\u00a0\u00bb css_animation=\u00a0\u00bb\u00a0\u00bb][vc_column css=\u00a0\u00bb.vc_custom_1467065765567{padding-bottom: 50px !important;}\u00a0\u00bb][vc_column_text css=\u00a0\u00bb.vc_custom_1468671028578{padding-bottom: 35px !important;}\u00a0\u00bb]\n<p style=\"text-align: center;\"><span style=\"color: #2c82c9;\"><strong><span style=\"font-size: 22px;\">LE SUCC\u00c8S = <\/span><\/strong><\/span><\/p>\n<p style=\"text-align: center;\"><span style=\"color: #2c82c9;\"><strong><span style=\"font-size: 22px;\">VOTRE ENGAGEMENT + MES COMP\u00c9TENCES =<\/span><\/strong><\/span><\/p>\n<p style=\"text-align: center;\"><span style=\"color: #2c82c9;\"><strong><span style=\"font-size: 22px;\">\u00a0 <\/span><\/strong><\/span><span style=\"color: #2c82c9;\"><strong><span style=\"font-size: 22px;\"> LE COACHING SUR MESURE, OBTIEN DES R\u00c9SULTATS.<\/span><\/strong><\/span><\/p>\n[\/vc_column_text][vc_column_text]\n<table id=\"tablepress-4\" class=\"tablepress tablepress-id-4\">\n<thead>\n<tr class=\"row-1 odd\">\n\t<th class=\"column-1\"><p style=\"text-align: center;\"><span style=\"font-size: 20px;\"><span style=\"color: #2c82c9;\">Produits et Forfaits<\/span><\/span><\/p><\/th><th class=\"column-2\"><p style=\"text-align: center;\"><span style=\"font-size: 20px;\"><span style=\"color: #2c82c9;\">   Dur\u00e9es   <\/span><\/span><\/p><\/th><th class=\"column-3\"><p style=\"text-align: center;\"><span style=\"font-size: 20px;\"><span style=\"color: #2c82c9;\">Couts<\/span><\/span><\/p><\/th>\n<\/tr>\n<\/thead>\n<tbody>\n<tr class=\"row-2 even\">\n\t<td class=\"column-1\"><p style=\"text-align: center;\"><span style=\"color: #1abc9c;\"><a style=\"color: #1abc9c;\" href=\"http:\/\/rainbowfitness.org\/different-fitness-classes-descriptions\/\">Cours Hebo <\/a><\/span><\/p><\/td><td class=\"column-2\"><p style=\"text-align: center;\"><span style=\"color: #1abc9c;\">45 \u00e0 75 min<\/span><\/p><\/td><td class=\"column-3\"><p style=\"text-align: center;\"><span style=\"color: #1abc9c;\">Cours 8\u20ac. P.R.O.F'12\u20ac<\/span><\/p><\/td>\n<\/tr>\n<tr class=\"row-3 odd\">\n\t<td class=\"column-1\"><p class=\"popmake-2022\" style=\"text-align: center;\"><span style=\"color: #1abc9c;\">Forfaits de Cours<\/span><\/p><\/td><td class=\"column-2\"><p style=\"text-align: center;\"><span style=\"color: #1abc9c;\"> <\/span><\/p><\/td><td class=\"column-3\"><p class=\"popmake-2022\" style=\"text-align: center;\"><span style=\"color: #1abc9c;\"> r\u00e9ductions variables<\/span><\/p><\/td>\n<\/tr>\n<tr class=\"row-4 even\">\n\t<td class=\"column-1\"><p style=\"text-align: center;\"><span style=\"font-size: 20px;\"><span style=\"color: #2c82c9;\">S\u00e9ances de Groupe Priv\u00e9es<\/span><\/span><\/p><\/td><td class=\"column-2\"><\/td><td class=\"column-3\"><\/td>\n<\/tr>\n<tr class=\"row-5 odd\">\n\t<td class=\"column-1\"><p style=\"text-align: center;\"><span style=\"color: #1abc9c;\">Circuits: Petit Groupe (3 \u00e0 6 pers.) ou Cours (jusqu'\u00e0 20)<\/span><\/p><\/td><td class=\"column-2\"><\/td><td class=\"column-3\"><p style=\"text-align: center;\"><a href=\"http:\/\/rainbowfitness.org\/contact-us\/\"><span style=\"color: #1abc9c;\">contacter pour devis<\/span><\/a><\/p><\/td>\n<\/tr>\n<tr class=\"row-6 even\">\n\t<td class=\"column-1\"><p style=\"text-align: center;\"><a href=\"http:\/\/rainbowfitness.org\/corporate-classes\/\"><span style=\"color: #1abc9c;\">Accords Soci\u00e9taires et Formules \u00c9quipes Sportives<\/span><\/a><\/p><\/td><td class=\"column-2\"><\/td><td class=\"column-3\"><p style=\"text-align: center;\"><a href=\"http:\/\/rainbowfitness.org\/contact-us\/\"><span style=\"color: #1abc9c;\">contacter pour devis<\/span><\/a><\/p><\/td>\n<\/tr>\n<tr class=\"row-7 odd\">\n\t<td class=\"column-1\"><p style=\"text-align: center;\"><span style=\"font-size: 20px;\"><span style=\"color: #2c82c9;\">Personal Training \/ Coaching sur mesure<\/span><\/span><\/p><\/td><td class=\"column-2\"><\/td><td class=\"column-3\"><\/td>\n<\/tr>\n<tr class=\"row-8 even\">\n\t<td class=\"column-1\"><p style=\"text-align: center;\"><span style=\"color: #1abc9c;\">S\u00e9ance CardioVasculaire* sur Mesure <\/span><\/a><\/p><\/td><td class=\"column-2\"><p style=\"text-align: center;\"><a href=\"http:\/\/rainbowfitness.org\/contact-us\/\"><span style=\"color: #1abc9c;\">1 h<\/span><\/a><\/p><\/td><td class=\"column-3\"><p style=\"text-align: center;\"><a href=\"http:\/\/rainbowfitness.org\/contact-us\/\"><span style=\"color: #1abc9c;\">1 \u00e0 2 pers. 24\u20ac<\/span><\/a><\/p><\/td>\n<\/tr>\n<tr class=\"row-9 odd\">\n\t<td class=\"column-1\"><p style=\"text-align: center;\"><a href=\"http:\/\/rainbowfitness.org\/fitness-goals\/\"><span style=\"color: #1abc9c;\">*Coaching techniques Cardio: Running, Travail de Pad, Circuits-Cardio, V\u00e9lo Spin, ...<\/span><\/a><\/p><\/td><td class=\"column-2\"><p style=\"text-align: center;\"><a href=\"http:\/\/rainbowfitness.org\/contact-us\/\"><span style=\"color: #1abc9c;\"><\/span><\/a><\/p><\/td><td class=\"column-3\"><p style=\"text-align: center;\"><a href=\"http:\/\/rainbowfitness.org\/contact-us\/\"><span style=\"color: #1abc9c;\">3 pers. 35\u20ac<\/span><\/a><\/p><\/td>\n<\/tr>\n<tr class=\"row-10 even\">\n\t<td class=\"column-1\"><p style=\"text-align: center;\"><span style=\"color: #1abc9c;\">P.T.Coaching sur Mesure Complet (1 ou 2 pers.)<\/span><\/p><\/td><td class=\"column-2\"><p style=\"text-align: center;\"><a href=\"http:\/\/rainbowfitness.org\/contact-us\/\"><span style=\"color: #1abc9c;\">1 h<\/span><\/a><\/p><\/td><td class=\"column-3\"><p style=\"text-align: center;\"><span style=\"color: #1abc9c;\">54\u20ac<\/span><\/p><\/td>\n<\/tr>\n<tr class=\"row-11 odd\">\n\t<td class=\"column-1\"><p style=\"text-align: center;\"><a href=\"http:\/\/rainbowfitness.org\/contact-us\/\"><span style=\"color: #1abc9c;\">Forfaits sur mesure de P.T.Coaching<\/span><\/p><\/td><td class=\"column-2\"><p style=\"text-align: center;\"><span style=\"color: #1abc9c;\">1 h<\/span><\/p><\/td><td class=\"column-3\"><p style=\"text-align: center;\"><span style=\"color: #1abc9c;\"> de 30\u20ac et+<\/span><\/p><\/td>\n<\/tr>\n<tr class=\"row-12 even\">\n\t<td class=\"column-1\"><p style=\"text-align: center;\"><span style=\"color: #1abc9c;\">P.T.Coaching (1 ou 2 pers.) \u00c9tudiants<\/span><\/p><\/td><td class=\"column-2\"><p style=\"text-align: center;\"><span style=\"color: #1abc9c;\">1 h<\/span><\/p><\/td><td class=\"column-3\"><p style=\"text-align: center;\"><span style=\"color: #1abc9c;\">24\u20ac<\/span><\/p><\/td>\n<\/tr>\n<tr class=\"row-13 odd\">\n\t<td class=\"column-1\"><p style=\"text-align: center;\"><span style=\"font-size: 20px;\"><span style=\"color: #2c82c9;\">S\u00e9ances Specialiste de Mobilit\u00e9<\/span><\/span><\/p><\/td><td class=\"column-2\"><\/td><td class=\"column-3\"><\/td>\n<\/tr>\n<tr class=\"row-14 even\">\n\t<td class=\"column-1\"><p style=\"text-align: center;\"><span style=\"color: #1abc9c;\"><a style=\"color: #1abc9c;\" href=\"http:\/\/rainbowfitness.org\/different-fitness-classes-descriptions\/\">Cours P.R.O.Flex'<\/a><\/span><\/p><\/td><td class=\"column-2\"><p style=\"text-align: center;\"><span style=\"color: #1abc9c;\">65 min<\/span><\/p><\/td><td class=\"column-3\"><p style=\"text-align: center;\"><a href=\"http:\/\/rainbowfitness.org\/different-fitness-classes-descriptions\/\"><span style=\"color: #1abc9c;\">12\u20ac<\/span><\/a><\/p><\/td>\n<\/tr>\n<tr class=\"row-15 odd\">\n\t<td class=\"column-1\"><p style=\"text-align: center;\"><a href=\"http:\/\/rainbowfitness.org\/flexibility-specialist\/\"><span style=\"color: #1abc9c;\">{ Nouveau } Relax &amp; Rel\u00e2che s\u00e9anve \"enLigne\/visio\" (\u00e9tirements semi-assist\u00e9s)<\/span><\/a><\/p><\/td><td class=\"column-2\"><p style=\"text-align: center;\"><span style=\"color: #1abc9c;\">1 h<\/span><\/p><\/td><td class=\"column-3\"><p style=\"text-align: center;\"><a href=\"http:\/\/rainbowfitness.org\/contact-us\/\"><span style=\"color: #1abc9c;\">35\u20ac<\/span><\/a><\/p><\/td>\n<\/tr>\n<tr class=\"row-16 even\">\n\t<td class=\"column-1\"><p style=\"text-align: center;\"><a href=\"http:\/\/rainbowfitness.org\/flexibility-specialist\/\"><span style=\"color: #1abc9c;\">Relax &amp; Rel\u00e2che s\u00e9ance courte (\u00e9tirements-assist\u00e9s)<\/span><\/a><\/p><\/td><td class=\"column-2\"><p style=\"text-align: center;\"><a href=\"http:\/\/rainbowfitness.org\/contact-us\/\"><span style=\"color: #1abc9c;\">3\/4 h<\/span><\/a><\/p><\/td><td class=\"column-3\"><p style=\"text-align: center;\"><a href=\"http:\/\/rainbowfitness.org\/contact-us\/\"><span style=\"color: #1abc9c;\">42\u20ac<\/span><\/a><\/p><\/td>\n<\/tr>\n<tr class=\"row-17 odd\">\n\t<td class=\"column-1\"><p style=\"text-align: center;\"><a href=\"http:\/\/rainbowfitness.org\/flexibility-specialist\/\"><span style=\"color: #1abc9c;\">Relax &amp; Rel\u00e2che s\u00e9ance int\u00e9grale<br \/>\n(plus d'\u00e9tirements-assist\u00e9s, massage, routine personnalis\u00e9e self-Stretch)<\/span><\/a><\/p><\/td><td class=\"column-2\"><p style=\"text-align: center;\"><a href=\"http:\/\/rainbowfitness.org\/contact-us\/\"><span style=\"color: #1abc9c;\">1.5 h<\/span><\/a><\/p><\/td><td class=\"column-3\"><p style=\"text-align: center;\"><a href=\"http:\/\/rainbowfitness.org\/contact-us\/\"><span style=\"color: #1abc9c;\">70\u20ac<\/span><\/a><\/p><\/td>\n<\/tr>\n<tr class=\"row-18 even\">\n\t<td class=\"column-1\"><p style=\"text-align: center;\"><span style=\"font-size: 20px;\"><span style=\"color: #2c82c9;\">S\u00e9ances Compl\u00e9mentaire Sant\u00e9<\/span><\/span><\/p><\/td><td class=\"column-2\"><\/td><td class=\"column-3\"><\/td>\n<\/tr>\n<tr class=\"row-19 odd\">\n\t<td class=\"column-1\"><p style=\"text-align: center;\"><a href=\"http:\/\/rainbowfitness.org\/other-services\/\"><span style=\"color: #1abc9c;\">S\u00e9ance ReiKi* (Universal Energy Magn\u00e9tisme d'\u00c9nergie Universelle).<\/span><\/a><\/p><\/td><td class=\"column-2\"><p style=\"text-align: center;\"><span style=\"color: #1abc9c;\">1 h<\/span><\/p><\/td><td class=\"column-3\"><p style=\"text-align: center;\"><a href=\"http:\/\/rainbowfitness.org\/contact-us\/\"><span style=\"color: #1abc9c;\">35\u20ac<\/span><\/a><\/p><\/td>\n<\/tr>\n<tr class=\"row-20 even\">\n\t<td class=\"column-1\"><p style=\"text-align: center;\"><a href=\"http:\/\/rainbowfitness.org\/other-services\/\"><span style=\"color: #1abc9c;\"> *Tr\u00e8s Relaxant; Gu\u00e9rison &amp; R\u00e9\u00e9quilibrant<\/span><\/a><\/p><\/td><td class=\"column-2\"><\/td><td class=\"column-3\"><\/td>\n<\/tr>\n<tr class=\"row-21 odd\">\n\t<td class=\"column-1\"><p style=\"text-align: center;\"><span style=\"color: #1abc9c;\">Tour Sant\u00e9 Supermarch\u00e9<\/span><\/p><\/td><td class=\"column-2\"><p style=\"text-align: center;\"><span style=\"color: #1abc9c;\">1 h<\/span><\/p><\/td><td class=\"column-3\"><p style=\"text-align: center;\"><span style=\"color: #1abc9c;\">29\u20ac<\/span><\/p><\/td>\n<\/tr>\n<tr class=\"row-22 even\">\n\t<td class=\"column-1\"><p style=\"text-align: center;\"><a href=\"http:\/\/rainbowfitness.org\/other-services\/\"><span style=\"color: #1abc9c;\">Consultation Nutritionnelle<\/span><\/p><\/td><td class=\"column-2\"><p style=\"text-align: center;\"><span style=\"color: #1abc9c;\">1 h<\/span><\/p><\/td><td class=\"column-3\"><p style=\"text-align: center;\"><span style=\"color: #1abc9c;\">47\u20ac<\/span><\/p><\/td>\n<\/tr>\n<tr class=\"row-23 odd\">\n\t<td class=\"column-1\"><p style=\"text-align: center;\"><span style=\"color: #1abc9c;\">Rapport m\u00e9dical d'exercice physique<\/span><\/p><\/td><td class=\"column-2\"><\/td><td class=\"column-3\"><p style=\"text-align: center;\"><span style=\"color: #1abc9c;\">24\u20ac<\/span><\/p><\/td>\n<\/tr>\n<tr class=\"row-24 even\">\n\t<td class=\"column-1\"><p style=\"text-align: center;\"><span style=\"color: #1abc9c;\">Agenda Culinaire Personnel.  Analyse et ajustages <\/span><\/p><\/td><td class=\"column-2\"><\/td><td class=\"column-3\"><p style=\"text-align: center;\"><span style=\"color: #1abc9c;\">177\u20ac<\/span><\/p><\/td>\n<\/tr>\n<\/tbody>\n<\/table>\n<!-- #tablepress-4 from cache -->[\/vc_column_text][\/vc_column][\/vc_row]\n","protected":false},"excerpt":{"rendered":"<p>[vc_row row_type=\u00a0\u00bbrow\u00a0\u00bb use_row_as_full_screen_section=\u00a0\u00bbno\u00a0\u00bb type=\u00a0\u00bbfull_width\u00a0\u00bb angled_section=\u00a0\u00bbno\u00a0\u00bb text_align=\u00a0\u00bbleft\u00a0\u00bb background_image_as_pattern=\u00a0\u00bbwithout_pattern\u00a0\u00bb css_animation=\u00a0\u00bb\u00a0\u00bb][vc_column css=\u00a0\u00bb.vc_custom_1466687919046{padding-top: 20px !important;padding-bottom: 15px !important;}\u00a0\u00bb][vc_column_text] Tarifs [\/vc_column_text][vc_separator type=\u00a0\u00bbsmall\u00a0\u00bb position=\u00a0\u00bbcenter\u00a0\u00bb color=\u00a0\u00bb#9365b8&Prime; thickness=\u00a0\u00bb5&Prime;][\/vc_column][\/vc_row][vc_row row_type=\u00a0\u00bbrow\u00a0\u00bb use_row_as_full_screen_section=\u00a0\u00bbno\u00a0\u00bb type=\u00a0\u00bbfull_width\u00a0\u00bb angled_section=\u00a0\u00bbno\u00a0\u00bb text_align=\u00a0\u00bbleft\u00a0\u00bb background_image_as_pattern=\u00a0\u00bbwithout_pattern\u00a0\u00bb css_animation=\u00a0\u00bb\u00a0\u00bb][vc_column css=\u00a0\u00bb.vc_custom_1467065765567{padding-bottom: 50px !important;}\u00a0\u00bb][vc_column_text css=\u00a0\u00bb.vc_custom_1468671028578{padding-bottom: 35px !important;}\u00a0\u00bb] LE SUCC\u00c8S = VOTRE ENGAGEMENT + MES COMP\u00c9TENCES = \u00a0 LE COACHING SUR&#8230;<\/p>\n","protected":false},"author":1,"featured_media":0,"parent":0,"menu_order":0,"comment_status":"closed","ping_status":"closed","template":"","meta":{"footnotes":""},"class_list":["post-2302","page","type-page","status-publish","hentry"],"_links":{"self":[{"href":"https:\/\/rainbowfitness.org\/fr\/wp-json\/wp\/v2\/pages\/2302","targetHints":{"allow":["GET"]}}],"collection":[{"href":"https:\/\/rainbowfitness.org\/fr\/wp-json\/wp\/v2\/pages"}],"about":[{"href":"https:\/\/rainbowfitness.org\/fr\/wp-json\/wp\/v2\/types\/page"}],"author":[{"embeddable":true,"href":"https:\/\/rainbowfitness.org\/fr\/wp-json\/wp\/v2\/users\/1"}],"replies":[{"embeddable":true,"href":"https:\/\/rainbowfitness.org\/fr\/wp-json\/wp\/v2\/comments?post=2302"}],"version-history":[{"count":12,"href":"https:\/\/rainbowfitness.org\/fr\/wp-json\/wp\/v2\/pages\/2302\/revisions"}],"predecessor-version":[{"id":2639,"href":"https:\/\/rainbowfitness.org\/fr\/wp-json\/wp\/v2\/pages\/2302\/revisions\/2639"}],"wp:attachment":[{"href":"https:\/\/rainbowfitness.org\/fr\/wp-json\/wp\/v2\/media?parent=2302"}],"curies":[{"name":"wp","href":"https:\/\/api.w.org\/{rel}","templated":true}]}}