{"id":2287,"date":"2022-06-15T10:50:24","date_gmt":"2022-06-15T10:50:24","guid":{"rendered":"http:\/\/rainbowfitness.org\/qualifications\/"},"modified":"2022-06-15T10:50:26","modified_gmt":"2022-06-15T10:50:26","slug":"qualifications","status":"publish","type":"page","link":"https:\/\/rainbowfitness.org\/fr\/qualifications\/","title":{"rendered":"Qualifications"},"content":{"rendered":"[vc_row row_type=\u00a0\u00bbrow\u00a0\u00bb use_row_as_full_screen_section=\u00a0\u00bbno\u00a0\u00bb type=\u00a0\u00bbfull_width\u00a0\u00bb angled_section=\u00a0\u00bbno\u00a0\u00bb text_align=\u00a0\u00bbleft\u00a0\u00bb background_image_as_pattern=\u00a0\u00bbwithout_pattern\u00a0\u00bb css_animation=\u00a0\u00bb\u00a0\u00bb][vc_column css=\u00a0\u00bb.vc_custom_1466687919046{padding-top: 20px !important;padding-bottom: 40px !important;}\u00a0\u00bb][vc_column_text]\n<h1 style=\"text-align: center;\"><span style=\"color: #2c82c9;\">QUALIFICATIONS<\/span><\/h1>\n[\/vc_column_text][vc_separator type=\u00a0\u00bbsmall\u00a0\u00bb position=\u00a0\u00bbcenter\u00a0\u00bb color=\u00a0\u00bb#9365b8&Prime; thickness=\u00a0\u00bb5&Prime;][\/vc_column][\/vc_row][vc_row row_type=\u00a0\u00bbrow\u00a0\u00bb use_row_as_full_screen_section=\u00a0\u00bbno\u00a0\u00bb type=\u00a0\u00bbfull_width\u00a0\u00bb angled_section=\u00a0\u00bbno\u00a0\u00bb text_align=\u00a0\u00bbleft\u00a0\u00bb background_image_as_pattern=\u00a0\u00bbwithout_pattern\u00a0\u00bb css_animation=\u00a0\u00bb\u00a0\u00bb][vc_column width=\u00a0\u00bb1\/3&Prime; css=\u00a0\u00bb.vc_custom_1467040037662{padding-right: 30px !important;padding-bottom: 20px !important;}\u00a0\u00bb][vc_column_text css=\u00a0\u00bb.vc_custom_1467057136798{padding-bottom: 10px !important;}\u00a0\u00bb]<strong><span style=\"color: #9365b8;\">Ma\u00eetre formateur EIF :<\/span><\/strong>[\/vc_column_text][vc_column_text css=\u00a0\u00bb.vc_custom_1536450252222{padding-bottom: 10px !important;padding-left: 15px !important;}\u00a0\u00bb]\n<ul>\n<li>Entra\u00eeneur personnel de niveau 4 au Royaume-Uni et en Europe.<\/li>\n<li>Professeur de gym niveau 2.<\/li>\n<li>\u00c9tirements assist\u00e9s.<\/li>\n<li>Alimentation et gestion du poids.<\/li>\n<li>Entra\u00eenement sportif fonctionnel (pliom\u00e9trie).<\/li>\n<\/ul>\n[\/vc_column_text][\/vc_column][vc_column width=\u00a0\u00bb1\/3&Prime;][vc_separator type=\u00a0\u00bbtransparent\u00a0\u00bb up=\u00a0\u00bb24&Prime;][vc_column_text css=\u00a0\u00bb.vc_custom_1470072038215{padding-bottom: 10px !important;padding-left: 15px !important;}\u00a0\u00bb]\n<ul>\n<li>R\u00e9\u00e9ducation posturale.<\/li>\n<li><a href=\"\/?page_id=2219\">Populations cliniques et sp\u00e9ciales<\/a> .<\/li>\n<li>Coaching de mode de vie plus sain.<\/li>\n<li>D\u00e9pistage sanitaire.<\/li>\n<li>Formation de stabilit\u00e9 de base.<\/li>\n<\/ul>\n[\/vc_column_text][\/vc_column][vc_column width=\u00a0\u00bb1\/3&Prime;][vc_separator type=\u00a0\u00bbtransparent\u00a0\u00bb up=\u00a0\u00bb24&Prime;][vc_column_text css=\u00a0\u00bb.vc_custom_1536450515608{padding-bottom: 10px !important;padding-left: 15px !important;}\u00a0\u00bb]\n<ul>\n<li>PT Boxe et pad travail.<\/li>\n<li>Entra\u00eenement aux circuits.<\/li>\n<li>R\u00e9daction avanc\u00e9e du programme.<\/li>\n<li>Petits groupes et classes PT.<\/li>\n<li>\u00c0 l&rsquo;ext\u00e9rieur et mobile jusqu&rsquo;\u00e0 votre site PT.<\/li>\n<\/ul>\n[\/vc_column_text][\/vc_column][\/vc_row][vc_row row_type=\u00a0\u00bbrow\u00a0\u00bb use_row_as_full_screen_section=\u00a0\u00bbno\u00a0\u00bb type=\u00a0\u00bbfull_width\u00a0\u00bb angled_section=\u00a0\u00bbno\u00a0\u00bb text_align=\u00a0\u00bbleft\u00a0\u00bb background_image_as_pattern=\u00a0\u00bbwithout_pattern\u00a0\u00bb css_animation=\u00a0\u00bb\u00a0\u00bb][vc_column width=\u00a0\u00bb1\/3&Prime;][vc_column_text css=\u00a0\u00bb.vc_custom_1536450227961{padding-bottom: 10px !important;}\u00a0\u00bb]<strong><span style=\"color: #9365b8;\">qualit\u00e9s suppl\u00e9mentaires :<\/span><\/strong>[\/vc_column_text][vc_column_text css=\u00a0\u00bb.vc_custom_1536450388373{padding-bottom: 10px !important;padding-left: 15px !important;}\u00a0\u00bb]\n<ul>\n<li>\u00c9tirements avanc\u00e9s.<\/li>\n<\/ul>\n[\/vc_column_text][\/vc_column][vc_column width=\u00a0\u00bb1\/3&Prime;][vc_column_text css=\u00a0\u00bb.vc_custom_1536450539832{padding-bottom: 10px !important;padding-left: 15px !important;}\u00a0\u00bb]\u00a0[\/vc_column_text][vc_column_text css=\u00a0\u00bb.vc_custom_1536450654020{padding-bottom: 10px !important;padding-left: 15px !important;}\u00a0\u00bb]\n<ul>\n<li>Cyclisme en salle en groupe.<\/li>\n<\/ul>\n[\/vc_column_text][\/vc_column][vc_column width=\u00a0\u00bb1\/3&Prime;][vc_column_text css=\u00a0\u00bb.vc_custom_1536450628245{padding-bottom: 10px !important;padding-left: 15px !important;}\u00a0\u00bb]\u00a0[\/vc_column_text][vc_column_text css=\u00a0\u00bb.vc_custom_1536450615247{padding-bottom: 10px !important;padding-left: 15px !important;}\u00a0\u00bb]\n<ul>\n<li>Plongeur en eau libre (PADI).<\/li>\n<\/ul>\n[\/vc_column_text][\/vc_column][\/vc_row][vc_row row_type=\u00a0\u00bbrow\u00a0\u00bb use_row_as_full_screen_section=\u00a0\u00bbno\u00a0\u00bb type=\u00a0\u00bbfull_width\u00a0\u00bb angled_section=\u00a0\u00bbno\u00a0\u00bb text_align=\u00a0\u00bbleft\u00a0\u00bb background_image_as_pattern=\u00a0\u00bbwithout_pattern\u00a0\u00bb css_animation=\u00a0\u00bb\u00a0\u00bb][vc_column css=\u00a0\u00bb.vc_custom_1467040043828{padding-bottom: 40px !important;}\u00a0\u00bb][vc_column_text css=\u00a0\u00bb.vc_custom_1536449577986{padding-bottom: 10px !important;}\u00a0\u00bb]<strong><span style=\"color: #9365b8;\">Ceinture noire 1er dan judo &amp; jujitsu (FFJDA).<br \/>\n<\/span><\/strong>[\/vc_column_text][vc_column_text css=\u00a0\u00bb.vc_custom_1490182942158{padding-bottom: 10px !important;}\u00a0\u00bb]<strong><span style=\"color: #9365b8;\">Ma\u00eetre ReiKi : Praticien et Enseignant Niveau 3.<br \/>\n<\/span><\/strong>[\/vc_column_text][vc_column_text css=\u00a0\u00bb.vc_custom_1467057142206{padding-bottom: 10px !important;}\u00a0\u00bb]<strong><span style=\"color: #9365b8;\">Ambulance Saint-Jean : secouriste sportif.<\/span><\/strong>[\/vc_column_text][vc_column_text]\n[\/vc_column_text][vc_column_text css=\u00a0\u00bb.vc_custom_1536449605484{padding-bottom: 10px !important;}\u00a0\u00bb]<strong><span style=\"color: #9365b8;\">V\u00e9rifications CRB\/DBS valides.<\/span><\/strong>[\/vc_column_text][vc_column_text css=\u00a0\u00bb.vc_custom_1467057154574{padding-bottom: 10px !important;}\u00a0\u00bb]<strong><span style=\"color: #9365b8;\">Instructeur enregistr\u00e9 NRPT, num\u00e9ro de membre 28799.<\/span><\/strong>[\/vc_column_text][vc_column_text css=\u00a0\u00bb.vc_custom_1536448767562{padding-bottom: 10px !important;}\u00a0\u00bb]<strong><span style=\"color: #9365b8;\">Instructeur enregistr\u00e9 EREPs, num\u00e9ro de membre R0077081.<\/span><\/strong>[\/vc_column_text][\/vc_column][\/vc_row][vc_row row_type=\u00a0\u00bbrow\u00a0\u00bb use_row_as_full_screen_section=\u00a0\u00bbno\u00a0\u00bb type=\u00a0\u00bbgrid\u00a0\u00bb angled_section=\u00a0\u00bbno\u00a0\u00bb text_align=\u00a0\u00bbleft\u00a0\u00bb background_image_as_pattern=\u00a0\u00bbwithout_pattern\u00a0\u00bb css_animation=\u00a0\u00bb\u00a0\u00bb][vc_column css=\u00a0\u00bb.vc_custom_1468835932975{padding-bottom: 40px !important;}\u00a0\u00bb][vc_row_inner row_type=\u00a0\u00bbrow\u00a0\u00bb type=\u00a0\u00bbfull_width\u00a0\u00bb text_align=\u00a0\u00bbleft\u00a0\u00bb css_animation=\u00a0\u00bb\u00a0\u00bb][vc_column_inner width=\u00a0\u00bb1\/6&Prime;][vc_single_image image=\u00a0\u00bb2184&Prime; img_size=\u00a0\u00bbfull\u00a0\u00bb alignment=\u00a0\u00bbcenter\u00a0\u00bb onclick=\u00a0\u00bbcustom_link\u00a0\u00bb img_link_target=\u00a0\u00bb_blank\u00a0\u00bb qode_css_animation=\u00a0\u00bb\u00a0\u00bb qode_hover_animation=\u00a0\u00bbzoom_in\u00a0\u00bb link=\u00a0\u00bbhttp:%2F%2Fwww.nrpt.co.uk%2F|\u00a0\u00bb][\/vc_column_inner][vc_column_inner width=\u00a0\u00bb1\/6&Prime;][vc_single_image image=\u00a0\u00bb2182&Prime; img_size=\u00a0\u00bbfull\u00a0\u00bb alignment=\u00a0\u00bbcenter\u00a0\u00bb onclick=\u00a0\u00bbcustom_link\u00a0\u00bb img_link_target=\u00a0\u00bb_blank\u00a0\u00bb qode_css_animation=\u00a0\u00bb\u00a0\u00bb qode_hover_animation=\u00a0\u00bbzoom_in\u00a0\u00bb link=\u00a0\u00bbhttp:%2F%2Fwww.eifpersonaltrainingschool.co.uk%2F|\u00a0\u00bb][\/vc_column_inner][vc_column_inner width=\u00a0\u00bb1\/6&Prime; css=\u00a0\u00bb.vc_custom_1468836032452{padding-top: 5px !important;}\u00a0\u00bb][vc_single_image image=\u00a0\u00bb1614&Prime; img_size=\u00a0\u00bb160&#215;160&Prime; alignment=\u00a0\u00bbcenter\u00a0\u00bb onclick=\u00a0\u00bbcustom_link\u00a0\u00bb img_link_target=\u00a0\u00bb_blank\u00a0\u00bb qode_css_animation=\u00a0\u00bb\u00a0\u00bb qode_hover_animation=\u00a0\u00bbzoom_in\u00a0\u00bb link=\u00a0\u00bbhttp:%2F%2Fwww.ereps.eu|\u00a0\u00bb][\/vc_column_inner][vc_column_inner width=\u00a0\u00bb1\/6&Prime;][vc_single_image image=\u00a0\u00bb2183&Prime; img_size=\u00a0\u00bbfull\u00a0\u00bb alignment=\u00a0\u00bbcenter\u00a0\u00bb onclick=\u00a0\u00bbcustom_link\u00a0\u00bb img_link_target=\u00a0\u00bb_blank\u00a0\u00bb qode_css_animation=\u00a0\u00bb\u00a0\u00bb qode_hover_animation=\u00a0\u00bbzoom_in\u00a0\u00bb link=\u00a0\u00bbhttp:%2F%2Fwww.sja.org.uk%2Fsja%2Fabout-us.aspx|\u00a0\u00bb][\/vc_column_inner][vc_column_inner width=\u00a0\u00bb1\/6&Prime;][vc_single_image image=\u00a0\u00bb1631&Prime; onclick=\u00a0\u00bbcustom_link\u00a0\u00bb img_link_target=\u00a0\u00bb_blank\u00a0\u00bb qode_css_animation=\u00a0\u00bb\u00a0\u00bb qode_hover_animation=\u00a0\u00bbzoom_in\u00a0\u00bb link=\u00a0\u00bbhttp:%2F%2Ftrain.fitness|\u00a0\u00bb][\/vc_column_inner][vc_column_inner width=\u00a0\u00bb1\/6&Prime;][vc_single_image image=\u00a0\u00bb2181&Prime; onclick=\u00a0\u00bbcustom_link\u00a0\u00bb img_link_target=\u00a0\u00bb_blank\u00a0\u00bb qode_css_animation=\u00a0\u00bb\u00a0\u00bb qode_hover_animation=\u00a0\u00bbzoom_in\u00a0\u00bb link=\u00a0\u00bbhttps:%2F%2Fwww.exerciseregister.org%2F|\u00a0\u00bb][\/vc_column_inner][\/vc_row_inner][\/vc_column][\/vc_row]\n","protected":false},"excerpt":{"rendered":"<p>[vc_row row_type=\u00a0\u00bbrow\u00a0\u00bb use_row_as_full_screen_section=\u00a0\u00bbno\u00a0\u00bb type=\u00a0\u00bbfull_width\u00a0\u00bb angled_section=\u00a0\u00bbno\u00a0\u00bb text_align=\u00a0\u00bbleft\u00a0\u00bb background_image_as_pattern=\u00a0\u00bbwithout_pattern\u00a0\u00bb css_animation=\u00a0\u00bb\u00a0\u00bb][vc_column css=\u00a0\u00bb.vc_custom_1466687919046{padding-top: 20px !important;padding-bottom: 40px !important;}\u00a0\u00bb][vc_column_text] QUALIFICATIONS [\/vc_column_text][vc_separator type=\u00a0\u00bbsmall\u00a0\u00bb position=\u00a0\u00bbcenter\u00a0\u00bb color=\u00a0\u00bb#9365b8&Prime; thickness=\u00a0\u00bb5&Prime;][\/vc_column][\/vc_row][vc_row row_type=\u00a0\u00bbrow\u00a0\u00bb use_row_as_full_screen_section=\u00a0\u00bbno\u00a0\u00bb type=\u00a0\u00bbfull_width\u00a0\u00bb angled_section=\u00a0\u00bbno\u00a0\u00bb text_align=\u00a0\u00bbleft\u00a0\u00bb background_image_as_pattern=\u00a0\u00bbwithout_pattern\u00a0\u00bb css_animation=\u00a0\u00bb\u00a0\u00bb][vc_column width=\u00a0\u00bb1\/3&Prime; css=\u00a0\u00bb.vc_custom_1467040037662{padding-right: 30px !important;padding-bottom: 20px !important;}\u00a0\u00bb][vc_column_text css=\u00a0\u00bb.vc_custom_1467057136798{padding-bottom: 10px !important;}\u00a0\u00bb]Ma\u00eetre formateur EIF :[\/vc_column_text][vc_column_text css=\u00a0\u00bb.vc_custom_1536450252222{padding-bottom: 10px !important;padding-left: 15px !important;}\u00a0\u00bb] Entra\u00eeneur personnel&#8230;<\/p>\n","protected":false},"author":1,"featured_media":0,"parent":0,"menu_order":0,"comment_status":"closed","ping_status":"closed","template":"","meta":{"footnotes":""},"class_list":["post-2287","page","type-page","status-publish","hentry"],"_links":{"self":[{"href":"https:\/\/rainbowfitness.org\/fr\/wp-json\/wp\/v2\/pages\/2287","targetHints":{"allow":["GET"]}}],"collection":[{"href":"https:\/\/rainbowfitness.org\/fr\/wp-json\/wp\/v2\/pages"}],"about":[{"href":"https:\/\/rainbowfitness.org\/fr\/wp-json\/wp\/v2\/types\/page"}],"author":[{"embeddable":true,"href":"https:\/\/rainbowfitness.org\/fr\/wp-json\/wp\/v2\/users\/1"}],"replies":[{"embeddable":true,"href":"https:\/\/rainbowfitness.org\/fr\/wp-json\/wp\/v2\/comments?post=2287"}],"version-history":[{"count":3,"href":"https:\/\/rainbowfitness.org\/fr\/wp-json\/wp\/v2\/pages\/2287\/revisions"}],"predecessor-version":[{"id":2308,"href":"https:\/\/rainbowfitness.org\/fr\/wp-json\/wp\/v2\/pages\/2287\/revisions\/2308"}],"wp:attachment":[{"href":"https:\/\/rainbowfitness.org\/fr\/wp-json\/wp\/v2\/media?parent=2287"}],"curies":[{"name":"wp","href":"https:\/\/api.w.org\/{rel}","templated":true}]}}