{"id":2285,"date":"2022-06-15T10:50:24","date_gmt":"2022-06-15T10:50:24","guid":{"rendered":"http:\/\/rainbowfitness.org\/nos-valeurs\/"},"modified":"2024-01-23T20:14:15","modified_gmt":"2024-01-23T20:14:15","slug":"nos-valeurs","status":"publish","type":"page","link":"https:\/\/rainbowfitness.org\/fr\/nos-valeurs\/","title":{"rendered":"Nos valeurs"},"content":{"rendered":"[vc_row row_type=\u00a0\u00bbrow\u00a0\u00bb use_row_as_full_screen_section=\u00a0\u00bbno\u00a0\u00bb type=\u00a0\u00bbfull_width\u00a0\u00bb angled_section=\u00a0\u00bbno\u00a0\u00bb text_align=\u00a0\u00bbleft\u00a0\u00bb background_image_as_pattern=\u00a0\u00bbwithout_pattern\u00a0\u00bb css_animation=\u00a0\u00bb\u00a0\u00bb][vc_column css=\u00a0\u00bb.vc_custom_1466687919046{padding-top: 20px !important;padding-bottom: 40px !important;}\u00a0\u00bb][vc_column_text]\n<h1 style=\"text-align: center;\"><span style=\"color: #2c82c9;\">NOS VALEURS<\/span><\/h1>\n[\/vc_column_text][vc_separator type=\u00a0\u00bbsmall\u00a0\u00bb position=\u00a0\u00bbcenter\u00a0\u00bb color=\u00a0\u00bb#9365b8&Prime; thickness=\u00a0\u00bb5&Prime;][\/vc_column][\/vc_row][vc_row row_type=\u00a0\u00bbrow\u00a0\u00bb use_row_as_full_screen_section=\u00a0\u00bbno\u00a0\u00bb type=\u00a0\u00bbfull_width\u00a0\u00bb angled_section=\u00a0\u00bbno\u00a0\u00bb text_align=\u00a0\u00bbleft\u00a0\u00bb background_image_as_pattern=\u00a0\u00bbwithout_pattern\u00a0\u00bb css_animation=\u00a0\u00bb\u00a0\u00bb][vc_column css=\u00a0\u00bb.vc_custom_1467141736204{padding-bottom: 50px !important;}\u00a0\u00bb][vc_column_text css=\u00a0\u00bb.vc_custom_1470627906145{padding-bottom: 10px !important;}\u00a0\u00bb]\n<p style=\"text-align: left;\">Nos valeurs tournent autour de vous, <img loading=\"lazy\" decoding=\"async\" class=\"alignright wp-image-2286\" src=\"http:\/\/rainbowfitness.org\/wp-content\/uploads\/2016\/08\/downsthe.jpg\" alt=\"en bas'\" width=\"238\" height=\"179\" srcset=\"https:\/\/rainbowfitness.org\/wp-content\/uploads\/2016\/08\/downsthe.jpg 390w, https:\/\/rainbowfitness.org\/wp-content\/uploads\/2016\/08\/downsthe-200x150.jpg 200w, https:\/\/rainbowfitness.org\/wp-content\/uploads\/2016\/08\/downsthe-300x225.jpg 300w\" sizes=\"auto, (max-width: 238px) 100vw, 238px\" \/><img loading=\"lazy\" decoding=\"async\" class=\"alignright wp-image-2290\" src=\"http:\/\/rainbowfitness.org\/wp-content\/uploads\/2016\/06\/Park-Rainbow.jpg\" alt=\"parc arc-en-ciel\" width=\"267\" height=\"178\" srcset=\"https:\/\/rainbowfitness.org\/wp-content\/uploads\/2016\/06\/Park-Rainbow.jpg 1200w, https:\/\/rainbowfitness.org\/wp-content\/uploads\/2016\/06\/Park-Rainbow-200x134.jpg 200w, https:\/\/rainbowfitness.org\/wp-content\/uploads\/2016\/06\/Park-Rainbow-300x201.jpg 300w, https:\/\/rainbowfitness.org\/wp-content\/uploads\/2016\/06\/Park-Rainbow-768x513.jpg 768w, https:\/\/rainbowfitness.org\/wp-content\/uploads\/2016\/06\/Park-Rainbow-1024x684.jpg 1024w, https:\/\/rainbowfitness.org\/wp-content\/uploads\/2016\/06\/Park-Rainbow-700x468.jpg 700w\" sizes=\"auto, (max-width: 267px) 100vw, 267px\" \/><\/p>\n<p style=\"text-align: left;\">simplement parce que c&rsquo;est de vous que nous nous soucions.<\/p>\n<p style=\"text-align: left;\">Les devises de Rainbow fitness sont : la s\u00e9curit\u00e9 et la qualit\u00e9 passent avant tout.<\/p>\n[\/vc_column_text][vc_column_text css=\u00a0\u00bb.vc_custom_1470627811081{padding-bottom: 20px !important;}\u00a0\u00bb]\n<p>&nbsp;<\/p>\n<p>Comme les sept couleurs de l&rsquo;arc-en-ciel,<\/p>\n<p>nos valeurs adh\u00e8rent au m\u00eame spectre :[\/vc_column_text][vc_column_text css=\u00a0\u00bb.vc_custom_1468966494843{padding-bottom: 20px !important;}\u00a0\u00bb]<span style=\"font-size: 22px; color: #9365b8;\"><strong>Respect:<\/strong><\/span>[\/vc_column_text][vc_column_text css=\u00a0\u00bb.vc_custom_1467140750591{padding-bottom: 20px !important;}\u00a0\u00bb]Chez Rainbow fitness, nous ne portons <strong>pas de jugement<\/strong> , peu importe votre \u00e9tat physique actuel ou d&rsquo;o\u00f9 vous venez. Nous vous acceptons tel que vous \u00eates.[\/vc_column_text][vc_column_text css=\u00a0\u00bb.vc_custom_1470628138987{padding-bottom: 20px !important;}\u00a0\u00bb]<span style=\"font-size: 22px; color: #2c82c9;\"><strong><span style=\"font-size: 22px; color: #553982;\">Professionnel\u00a0:<\/span><\/strong><\/span>[\/vc_column_text][vc_column_text css=\u00a0\u00bb.vc_custom_1470081208995{padding-bottom: 10px !important;}\u00a0\u00bb]Nous livrons le(s) service(s) pour lequel vous nous contractez. La prestation des s\u00e9ances se fait de mani\u00e8re <strong>tr\u00e8s professionnelle : dans la qualit\u00e9 et la bonne humeur<\/strong> , le sourire, et beaucoup de positivit\u00e9.[\/vc_column_text][vc_column_text css=\u00a0\u00bb.vc_custom_1467140885902{padding-bottom: 20px !important;}\u00a0\u00bb]R\u00e9seau local de professionnels ( <strong>optionnel<\/strong> ) : diff\u00e9rents, bons professionnels de l&rsquo;industrie de la sant\u00e9, peuvent \u00eatre propos\u00e9s. Seulement si vous le souhaitez, aidez \u00e0 obtenir les meilleurs r\u00e9sultats dans votre entra\u00eenement.[\/vc_column_text][vc_column_text css=\u00a0\u00bb.vc_custom_1470628108505{padding-bottom: 20px !important;}\u00a0\u00bb]<span style=\"font-size: 22px; color: #553982;\"><strong><span style=\"font-size: 22px; color: #2c82c9;\">Confiance:<\/span><\/strong><\/span>[\/vc_column_text][vc_column_text css=\u00a0\u00bb.vc_custom_1467141013376{padding-bottom: 10px !important;}\u00a0\u00bb]Vos informations personnelles et votre progression d&rsquo;entrainement restent <strong>confidentielles<\/strong> tant que nous op\u00e9rons dans le cadre de la DPA (GDPR).[\/vc_column_text][vc_column_text css=\u00a0\u00bb.vc_custom_1467140950919{padding-bottom: 20px !important;}\u00a0\u00bb]<strong>Vous contr\u00f4lez toujours<\/strong> tout notre travail avec vous. La confiance et l&rsquo;honn\u00eatet\u00e9 sont essentielles.[\/vc_column_text][vc_column_text css=\u00a0\u00bb.vc_custom_1470496151621{padding-bottom: 20px !important;}\u00a0\u00bb]<span style=\"font-size: 22px; color: #008028;\"><strong>Ma\u00eetrise de soi:<\/strong><\/span>[\/vc_column_text][vc_column_text css=\u00a0\u00bb.vc_custom_1467141054037{padding-bottom: 20px !important;}\u00a0\u00bb]La <strong>s\u00e9curit\u00e9 d&rsquo;abord<\/strong> : l&rsquo;attention raffin\u00e9e port\u00e9e aux d\u00e9tails par Rainbow fitness vous fournira les mouvements, les postures et les techniques les plus appropri\u00e9s pendant vos s\u00e9ances afin <strong>que vous tiriez le meilleur parti de votre exercice tout en vous exer\u00e7ant de la mani\u00e8re la plus s\u00fbre en ce qui concerne votre sant\u00e9 actuelle<\/strong> .[\/vc_column_text][vc_column_text css=\u00a0\u00bb.vc_custom_1468966610829{padding-bottom: 20px !important;}\u00a0\u00bb]<span style=\"font-size: 22px; color: #fac51c;\"><strong>Int\u00e9grit\u00e9:<\/strong><\/span>[\/vc_column_text][vc_column_text css=\u00a0\u00bb.vc_custom_1467141110533{padding-bottom: 20px !important;}\u00a0\u00bb]<strong>Le pass\u00e9 et le pr\u00e9sent sont notre voie \u00e0 suivre<\/strong> ; car nous combinerons des techniques\/exercices anciens et nouveaux, pour <strong>am\u00e9liorer vos r\u00e9sultats et vos objectifs de remise<\/strong> en forme. Vari\u00e9t\u00e9, avec une mani\u00e8re color\u00e9e d&rsquo;atteindre vos objectifs.[\/vc_column_text][vc_column_text css=\u00a0\u00bb.vc_custom_1468966620642{padding-bottom: 20px !important;}\u00a0\u00bb]<span style=\"font-size: 22px; color: #f37934;\"><strong>D\u00e9termination:<\/strong><\/span>[\/vc_column_text][vc_column_text css=\u00a0\u00bb.vc_custom_1467141160031{padding-bottom: 20px !important;}\u00a0\u00bb]<strong>Nous tiendrons parole<\/strong> ; chaque minute pass\u00e9e avec nous vous rapprochera de vos objectifs et de ce que nous avons convenu.[\/vc_column_text][vc_column_text css=\u00a0\u00bb.vc_custom_1468966639049{padding-bottom: 20px !important;}\u00a0\u00bb]<span style=\"font-size: 22px; color: #e14938;\"><strong>Accessibilit\u00e9\u00a0:<\/strong><\/span>[\/vc_column_text][vc_column_text css=\u00a0\u00bb.vc_custom_1467141190767{padding-bottom: 20px !important;}\u00a0\u00bb]Notre attitude amicale et amusante vous offrira une <strong>exp\u00e9rience encourageante et joyeuse<\/strong> . R\u00e9aliser des progr\u00e8s dans votre condition physique d&rsquo;une mani\u00e8re positive et constructive. Chacune de nos s\u00e9ances visent \u00e0 vous sentir mieux.[\/vc_column_text][\/vc_column][vc_column][\/vc_column][\/vc_row][vc_row row_type=\u00a0\u00bbrow\u00a0\u00bb use_row_as_full_screen_section=\u00a0\u00bbno\u00a0\u00bb type=\u00a0\u00bbfull_width\u00a0\u00bb angled_section=\u00a0\u00bbno\u00a0\u00bb text_align=\u00a0\u00bbleft\u00a0\u00bb background_image_as_pattern=\u00a0\u00bbwithout_pattern\u00a0\u00bb css_animation=\u00a0\u00bb\u00a0\u00bb][vc_column][\/vc_column][\/vc_row]\n","protected":false},"excerpt":{"rendered":"<p>[vc_row row_type=\u00a0\u00bbrow\u00a0\u00bb use_row_as_full_screen_section=\u00a0\u00bbno\u00a0\u00bb type=\u00a0\u00bbfull_width\u00a0\u00bb angled_section=\u00a0\u00bbno\u00a0\u00bb text_align=\u00a0\u00bbleft\u00a0\u00bb background_image_as_pattern=\u00a0\u00bbwithout_pattern\u00a0\u00bb css_animation=\u00a0\u00bb\u00a0\u00bb][vc_column css=\u00a0\u00bb.vc_custom_1466687919046{padding-top: 20px !important;padding-bottom: 40px !important;}\u00a0\u00bb][vc_column_text] NOS VALEURS [\/vc_column_text][vc_separator type=\u00a0\u00bbsmall\u00a0\u00bb position=\u00a0\u00bbcenter\u00a0\u00bb color=\u00a0\u00bb#9365b8&Prime; thickness=\u00a0\u00bb5&Prime;][\/vc_column][\/vc_row][vc_row row_type=\u00a0\u00bbrow\u00a0\u00bb use_row_as_full_screen_section=\u00a0\u00bbno\u00a0\u00bb type=\u00a0\u00bbfull_width\u00a0\u00bb angled_section=\u00a0\u00bbno\u00a0\u00bb text_align=\u00a0\u00bbleft\u00a0\u00bb background_image_as_pattern=\u00a0\u00bbwithout_pattern\u00a0\u00bb css_animation=\u00a0\u00bb\u00a0\u00bb][vc_column css=\u00a0\u00bb.vc_custom_1467141736204{padding-bottom: 50px !important;}\u00a0\u00bb][vc_column_text css=\u00a0\u00bb.vc_custom_1470627906145{padding-bottom: 10px !important;}\u00a0\u00bb] Nos valeurs tournent autour de vous, simplement parce que c&rsquo;est de vous&#8230;<\/p>\n","protected":false},"author":1,"featured_media":0,"parent":0,"menu_order":0,"comment_status":"closed","ping_status":"closed","template":"","meta":{"footnotes":""},"class_list":["post-2285","page","type-page","status-publish","hentry"],"_links":{"self":[{"href":"https:\/\/rainbowfitness.org\/fr\/wp-json\/wp\/v2\/pages\/2285","targetHints":{"allow":["GET"]}}],"collection":[{"href":"https:\/\/rainbowfitness.org\/fr\/wp-json\/wp\/v2\/pages"}],"about":[{"href":"https:\/\/rainbowfitness.org\/fr\/wp-json\/wp\/v2\/types\/page"}],"author":[{"embeddable":true,"href":"https:\/\/rainbowfitness.org\/fr\/wp-json\/wp\/v2\/users\/1"}],"replies":[{"embeddable":true,"href":"https:\/\/rainbowfitness.org\/fr\/wp-json\/wp\/v2\/comments?post=2285"}],"version-history":[{"count":6,"href":"https:\/\/rainbowfitness.org\/fr\/wp-json\/wp\/v2\/pages\/2285\/revisions"}],"predecessor-version":[{"id":2697,"href":"https:\/\/rainbowfitness.org\/fr\/wp-json\/wp\/v2\/pages\/2285\/revisions\/2697"}],"wp:attachment":[{"href":"https:\/\/rainbowfitness.org\/fr\/wp-json\/wp\/v2\/media?parent=2285"}],"curies":[{"name":"wp","href":"https:\/\/api.w.org\/{rel}","templated":true}]}}