{"id":2280,"date":"2022-06-15T10:50:24","date_gmt":"2022-06-15T10:50:24","guid":{"rendered":"http:\/\/rainbowfitness.org\/evenements-de-collecte-de-fonds-caritatifs-2013\/"},"modified":"2022-06-15T10:50:25","modified_gmt":"2022-06-15T10:50:25","slug":"evenements-de-collecte-de-fonds-caritatifs-2013","status":"publish","type":"page","link":"https:\/\/rainbowfitness.org\/fr\/evenements-de-collecte-de-fonds-caritatifs-2013\/","title":{"rendered":"\u00c9v\u00e9nements de collecte de fonds caritatifs 2013."},"content":{"rendered":"[vc_row row_type=\u00a0\u00bbrow\u00a0\u00bb use_row_as_full_screen_section=\u00a0\u00bbno\u00a0\u00bb type=\u00a0\u00bbfull_width\u00a0\u00bb angled_section=\u00a0\u00bbno\u00a0\u00bb text_align=\u00a0\u00bbleft\u00a0\u00bb background_image_as_pattern=\u00a0\u00bbwithout_pattern\u00a0\u00bb css_animation=\u00a0\u00bb\u00a0\u00bb][vc_column css=\u00a0\u00bb.vc_custom_1466687919046{padding-top: 20px !important;padding-bottom: 40px !important;}\u00a0\u00bb][vc_column_text]\n<h1 style=\"text-align: center;\"><span style=\"color: #2c82c9;\">\u00c9v\u00e9nements de collecte de fonds caritatifs 2013.<\/span><\/h1>\n[\/vc_column_text][vc_separator type=\u00a0\u00bbsmall\u00a0\u00bb position=\u00a0\u00bbcenter\u00a0\u00bb color=\u00a0\u00bb#9365b8&Prime; thickness=\u00a0\u00bb5&Prime;][\/vc_column][\/vc_row][vc_row row_type=\u00a0\u00bbrow\u00a0\u00bb use_row_as_full_screen_section=\u00a0\u00bbno\u00a0\u00bb type=\u00a0\u00bbfull_width\u00a0\u00bb angled_section=\u00a0\u00bbno\u00a0\u00bb text_align=\u00a0\u00bbleft\u00a0\u00bb background_image_as_pattern=\u00a0\u00bbwithout_pattern\u00a0\u00bb css_animation=\u00a0\u00bb\u00a0\u00bb][vc_column css=\u00a0\u00bb.vc_custom_1470405684773{padding-bottom: 50px !important;}\u00a0\u00bb][vc_column_text css=\u00a0\u00bb.vc_custom_1470405707140{padding-bottom: 10px !important;}\u00a0\u00bb]<strong>Rainbow Fitness sera l\u00e0 pour offrir gratuitement des \u00e9tirements de groupe de qualit\u00e9, des \u00e9tirements assist\u00e9s 1to1 et des massages 1to1 gratuits.<\/strong> Les dons le jour m\u00eame, aux associations caritatives concern\u00e9es, sont bien s\u00fbr les bienvenus.[\/vc_column_text][vc_column_text css=\u00a0\u00bb.vc_custom_1470405775684{padding-bottom: 10px !important;}\u00a0\u00bb]<a href=\"http:\/\/www.sueryder.org\/Get-involved\/Events\/All-events\/2013\/January\/Sweat-for-Sue\">Sweat pour Sue<\/a> , dimanche 17\/02\/12 et samedi 23\/02\/12 une s\u00e9lection de <strong>5 cours diff\u00e9rents tous les jours<\/strong> \u00e0 Colston Hall, avantages pour Sue Ryder. <strong>Rendez-nous visite pour une s\u00e9ance Body burn<\/strong>[all profits for charity] &amp; S\u00e9ances de relaxation 1to1.[\/vc_column_text][vc_column_text css=\u00a0\u00bb.vc_custom_1470405831686{padding-bottom: 10px !important;}\u00a0\u00bb]<strong>24 mars., <a href=\"http:\/\/www.stroke.org.uk\/event\/resolution-run-ashton-court-bristol\">R\u00e9solution des courses de 5-10-15 km<\/a><\/strong> , Stroke Association, Ashton court. Soutenir les coureurs de l&rsquo;association caritative : Rainbow Fitness sera l\u00e0 pour offrir gratuitement des \u00e9tirements de groupe de qualit\u00e9, des \u00e9tirements assist\u00e9s 1 \u00e0 1, en guise de r\u00e9chauffement aux coureurs. Rainbow Fitness se <strong>charge \u00e9galement de l&rsquo;\u00e9chauffement de tous les coureurs avant la course<\/strong> .[\/vc_column_text][vc_column_text css=\u00a0\u00bb.vc_custom_1470405880213{padding-bottom: 10px !important;}\u00a0\u00bb]5 mai, <a href=\"http:\/\/www.pennybrohncancercare.org\/Pages\/Events\/Default.aspx?CategoryTitle=running-events&amp;IDCategory=177b7c05-2ab6-48d6-aa24-f5d90fb48397\">Bristol 10k, assistant Penny Brohn et leurs coureurs<\/a> .[\/vc_column_text][vc_column_text css=\u00a0\u00bb.vc_custom_1470405942736{padding-bottom: 10px !important;}\u00a0\u00bb]<a href=\"http:\/\/supportus.cancerresearchuk.org\/Search1\/?search=bristol&amp;tab=Events\">6 et 7 juillet, Race for Life<\/a> , aidant Cancer Research UK et leurs coureurs[all profits for charity] .[\/vc_column_text][vc_column_text]<strong>Samedi 13 juillet, <a href=\"http:\/\/www.stpetershospice.org.uk\/Events\/The-Midnight-Walk-2013\">La marche de minuit<\/a><\/strong> , 5 et 10 milles organis\u00e9e par l&rsquo;Hospice Saint-Pierre.[\/vc_column_text][vc_column_text css=\u00a0\u00bb.vc_custom_1470406041724{padding-bottom: 10px !important;}\u00a0\u00bb]<strong>8 septembre, <a href=\"http:\/\/www.runforthefuture.org.uk\/\">Run for the Future<\/a><\/strong> , association caritative locale soutenant le Bristol Urological Institute. Assister tous les coureurs et l&rsquo;\u00e9v\u00e9nement[all profits for charity] .[\/vc_column_text][vc_column_text css=\u00a0\u00bb.vc_custom_1470406083732{padding-bottom: 10px !important;}\u00a0\u00bb]<strong>15 septembre,<\/strong> <a href=\"http:\/\/www.pennybrohncancercare.org\/Pages\/Events\/Default.aspx?CategoryTitle=running-events&amp;IDCategory=177b7c05-2ab6-48d6-aa24-f5d90fb48397\">semi-marathon de Bristol, assistance de Penny Brohn et de leurs coureurs<\/a> .[\/vc_column_text][vc_column_text css=\u00a0\u00bb.vc_custom_1470406115849{padding-bottom: 10px !important;}\u00a0\u00bb]Premier dimanche d&rsquo;octobre[06\/10\/13 date still to be confirmed] \u00a0\u00bb <a href=\"http:\/\/www.stpetershospice.org.uk\/News\/A-Walk-to-Remember?nd-session=4fd889b2613e9f85f2a2acfc4b40ab38\">Marcher pour se souvenir<\/a> \u00a0\u00bb 3miles[there might be a 5 or 6miles option] , organis\u00e9 par l&rsquo;Hospice Saint-Pierre. Rainbow Fitness sera l\u00e0 pour offrir des \u00e9tirements de groupe gratuits \u00e0 tous les participants.[\/vc_column_text][vc_column_text css=\u00a0\u00bb.vc_custom_1470406165839{padding-bottom: 10px !important;}\u00a0\u00bb]26 octobre, date encore \u00e0 confirmer, <a href=\"http:\/\/running.cancerresearchuk.org\/events\/ashton-court-run10k\">Ashton Court 10km<\/a> , aidant Cancer Research UK et ses coureurs.[\/vc_column_text][vc_column_text css=\u00a0\u00bb.vc_custom_1470406200445{padding-bottom: 10px !important;}\u00a0\u00bb]<strong>17 novembre, <a href=\"http:\/\/www.stroke.org.uk\/event\/resolution-run-blaise-castle-bristol\">r\u00e9solution des courses de 5-10-15 km<\/a><\/strong> , date \u00e0 confirmer. Rainbow fitness sera \u00e0 nouveau en charge de l&rsquo;\u00e9chauffement. Avertissements gratuits[group-stretches and 1to1 stretches] disponible pour tous les coureurs.[\/vc_column_text][vc_single_image image=\u00a0\u00bb1208&Prime; img_size=\u00a0\u00bblarge\u00a0\u00bb alignment=\u00a0\u00bbcenter\u00a0\u00bb qode_css_animation=\u00a0\u00bb\u00a0\u00bb][\/vc_column][\/vc_row]\n","protected":false},"excerpt":{"rendered":"<p>[vc_row row_type=\u00a0\u00bbrow\u00a0\u00bb use_row_as_full_screen_section=\u00a0\u00bbno\u00a0\u00bb type=\u00a0\u00bbfull_width\u00a0\u00bb angled_section=\u00a0\u00bbno\u00a0\u00bb text_align=\u00a0\u00bbleft\u00a0\u00bb background_image_as_pattern=\u00a0\u00bbwithout_pattern\u00a0\u00bb css_animation=\u00a0\u00bb\u00a0\u00bb][vc_column css=\u00a0\u00bb.vc_custom_1466687919046{padding-top: 20px !important;padding-bottom: 40px !important;}\u00a0\u00bb][vc_column_text] \u00c9v\u00e9nements de collecte de fonds caritatifs 2013. [\/vc_column_text][vc_separator type=\u00a0\u00bbsmall\u00a0\u00bb position=\u00a0\u00bbcenter\u00a0\u00bb color=\u00a0\u00bb#9365b8&Prime; thickness=\u00a0\u00bb5&Prime;][\/vc_column][\/vc_row][vc_row row_type=\u00a0\u00bbrow\u00a0\u00bb use_row_as_full_screen_section=\u00a0\u00bbno\u00a0\u00bb type=\u00a0\u00bbfull_width\u00a0\u00bb angled_section=\u00a0\u00bbno\u00a0\u00bb text_align=\u00a0\u00bbleft\u00a0\u00bb background_image_as_pattern=\u00a0\u00bbwithout_pattern\u00a0\u00bb css_animation=\u00a0\u00bb\u00a0\u00bb][vc_column css=\u00a0\u00bb.vc_custom_1470405684773{padding-bottom: 50px !important;}\u00a0\u00bb][vc_column_text css=\u00a0\u00bb.vc_custom_1470405707140{padding-bottom: 10px !important;}\u00a0\u00bb]Rainbow Fitness sera l\u00e0 pour offrir gratuitement des&#8230;<\/p>\n","protected":false},"author":1,"featured_media":0,"parent":0,"menu_order":0,"comment_status":"closed","ping_status":"closed","template":"","meta":{"footnotes":""},"class_list":["post-2280","page","type-page","status-publish","hentry"],"_links":{"self":[{"href":"https:\/\/rainbowfitness.org\/fr\/wp-json\/wp\/v2\/pages\/2280","targetHints":{"allow":["GET"]}}],"collection":[{"href":"https:\/\/rainbowfitness.org\/fr\/wp-json\/wp\/v2\/pages"}],"about":[{"href":"https:\/\/rainbowfitness.org\/fr\/wp-json\/wp\/v2\/types\/page"}],"author":[{"embeddable":true,"href":"https:\/\/rainbowfitness.org\/fr\/wp-json\/wp\/v2\/users\/1"}],"replies":[{"embeddable":true,"href":"https:\/\/rainbowfitness.org\/fr\/wp-json\/wp\/v2\/comments?post=2280"}],"version-history":[{"count":2,"href":"https:\/\/rainbowfitness.org\/fr\/wp-json\/wp\/v2\/pages\/2280\/revisions"}],"predecessor-version":[{"id":2284,"href":"https:\/\/rainbowfitness.org\/fr\/wp-json\/wp\/v2\/pages\/2280\/revisions\/2284"}],"wp:attachment":[{"href":"https:\/\/rainbowfitness.org\/fr\/wp-json\/wp\/v2\/media?parent=2280"}],"curies":[{"name":"wp","href":"https:\/\/api.w.org\/{rel}","templated":true}]}}