{"id":2277,"date":"2022-06-15T10:50:19","date_gmt":"2022-06-15T10:50:19","guid":{"rendered":"http:\/\/rainbowfitness.org\/emplacements\/"},"modified":"2024-01-23T18:38:37","modified_gmt":"2024-01-23T18:38:37","slug":"emplacements","status":"publish","type":"page","link":"https:\/\/rainbowfitness.org\/fr\/emplacements\/","title":{"rendered":"Emplacements"},"content":{"rendered":"[vc_row row_type=\u00a0\u00bbrow\u00a0\u00bb use_row_as_full_screen_section=\u00a0\u00bbno\u00a0\u00bb type=\u00a0\u00bbfull_width\u00a0\u00bb angled_section=\u00a0\u00bbno\u00a0\u00bb text_align=\u00a0\u00bbleft\u00a0\u00bb background_image_as_pattern=\u00a0\u00bbwithout_pattern\u00a0\u00bb css_animation=\u00a0\u00bb\u00a0\u00bb][vc_column css=\u00a0\u00bb.vc_custom_1466687919046{padding-top: 20px !important;padding-bottom: 40px !important;}\u00a0\u00bb][vc_column_text]\n<h1 style=\"text-align: center;\"><span style=\"color: #2c82c9;\">EMPLACEMENTS<\/span><\/h1>\n[\/vc_column_text][vc_separator type=\u00a0\u00bbsmall\u00a0\u00bb position=\u00a0\u00bbcenter\u00a0\u00bb color=\u00a0\u00bb#9365b8&Prime; thickness=\u00a0\u00bb5&Prime;][\/vc_column][\/vc_row][vc_row row_type=\u00a0\u00bbrow\u00a0\u00bb use_row_as_full_screen_section=\u00a0\u00bbno\u00a0\u00bb type=\u00a0\u00bbfull_width\u00a0\u00bb angled_section=\u00a0\u00bbno\u00a0\u00bb text_align=\u00a0\u00bbleft\u00a0\u00bb background_image_as_pattern=\u00a0\u00bbwithout_pattern\u00a0\u00bb css_animation=\u00a0\u00bb\u00a0\u00bb][vc_column css=\u00a0\u00bb.vc_custom_1469789140533{padding-bottom: 50px !important;}\u00a0\u00bb][vc_column_text css=\u00a0\u00bb.vc_custom_1536417624978{padding-bottom: 10px !important;}\u00a0\u00bb]<strong>Montauban<\/strong> , Ramierou, Av.de L\u00e9ojac point de rencontre pour entrainement en ext\u00e9rieur.<\/p>\n<p>La salle de fitness se trouve au premier \u00e9tage de la biblioth\u00e8que\u00a0: veuillez utiliser la porte situ\u00e9e \u00e0 droite du banc (utilisez la sonnette si la porte est ferm\u00e9e) et montez au premier \u00e9tage.[\/vc_column_text][vc_column_text]\n<p style=\"text-align: center;\">_<\/p>\n[\/vc_column_text][vc_column_text css=\u00a0\u00bb.vc_custom_1536416615042{padding-bottom: 10px !important;}\u00a0\u00bb]Montauban, d&rsquo;autres emplacements seront disponibles courant 2024.[\/vc_column_text][vc_column_text]\n<p style=\"text-align: center;\">_<\/p>\n[\/vc_column_text][vc_column_text css=\u00a0\u00bb.vc_custom_1536416210462{padding-bottom: 10px !important;}\u00a0\u00bb]<strong>Montauban<\/strong> ,.[\/vc_column_text][vc_column_text]\n<p style=\"text-align: center;\">_<\/p>\n[\/vc_column_text][vc_column_text css=\u00a0\u00bb.vc_custom_1537709926792{padding-bottom: 10px !important;}\u00a0\u00bb], Redland Green, parking s\u00e9curis\u00e9 et gratuit, supports \u00e0 v\u00e9los, vestiaires et douches.<\/p>\n<p>Le studio est situ\u00e9 sur la gauche, au bout du couloir. Espace r\u00e9ception (rez-de-chauss\u00e9e), avec bar-caf\u00e9 sportif, salon avec WIFI-Spot \u00e0 l&rsquo;\u00e9tage.[\/vc_column_text][vc_column_text]\n<p style=\"text-align: center;\">_<\/p>\n[\/vc_column_text][vc_column_text css=\u00a0\u00bb.vc_custom_1481916076069{padding-bottom: 10px !important;}\u00a0\u00bb]<strong> Parc, <a href=\"http:\/\/rainbowfitness.org\/wp-content\/uploads\/2016\/12\/Clifton-village-Park-location.png\" target=\"_blank\" rel=\"noopener\">rendez-vous sur le parc<\/a><\/strong> \u00e0 proximit\u00e9 [\/vc_column_text][vc_column_text]\n<p style=\"text-align: center;\">_<\/p>\n[\/vc_column_text][vc_column_text css=\u00a0\u00bb.vc_custom_1469789022782{padding-bottom: 10px !important;}\u00a0\u00bb]<strong>Parc de Westbury<\/strong>[\/vc_column_text][vc_column_text css=\u00a0\u00bb.vc_custom_1481916231684{padding-bottom: 10px !important;padding-left: 15px !important;}\u00a0\u00bb]\n<ul>\n<li><strong><a href=\"http:\/\/rainbowfitness.org\/wp-content\/uploads\/2016\/06\/Downs-RainbowSites_CardioFit-Run-classes.jpg\" target=\"_blank\" rel=\"noopener\">le long du chemin Stoke<\/a><\/strong><\/li>\n<li><strong><a href=\"http:\/\/rainbowfitness.org\/wp-content\/uploads\/2016\/06\/Downs-RainbowSites_Main-outdoor-classes-site1.jpg\" target=\"_blank\" rel=\"noopener\">pr\u00e8s de la jonction de Ladies Mile et Stoke Road<\/a><\/strong> , pr\u00e8s du <strong><a href=\"http:\/\/www.yelp.co.uk\/biz\/the-downs-tea-rooms-caf%C3%A9-retreat-bristol\" target=\"_blank\" rel=\"noopener\">Down&rsquo;s Tea Room<\/a><\/strong><\/li>\n<\/ul>\n[\/vc_column_text][vc_separator type=\u00a0\u00bbnormal\u00a0\u00bb][\/vc_column][\/vc_row]\n","protected":false},"excerpt":{"rendered":"<p>[vc_row row_type=\u00a0\u00bbrow\u00a0\u00bb use_row_as_full_screen_section=\u00a0\u00bbno\u00a0\u00bb type=\u00a0\u00bbfull_width\u00a0\u00bb angled_section=\u00a0\u00bbno\u00a0\u00bb text_align=\u00a0\u00bbleft\u00a0\u00bb background_image_as_pattern=\u00a0\u00bbwithout_pattern\u00a0\u00bb css_animation=\u00a0\u00bb\u00a0\u00bb][vc_column css=\u00a0\u00bb.vc_custom_1466687919046{padding-top: 20px !important;padding-bottom: 40px !important;}\u00a0\u00bb][vc_column_text] EMPLACEMENTS [\/vc_column_text][vc_separator type=\u00a0\u00bbsmall\u00a0\u00bb position=\u00a0\u00bbcenter\u00a0\u00bb color=\u00a0\u00bb#9365b8&Prime; thickness=\u00a0\u00bb5&Prime;][\/vc_column][\/vc_row][vc_row row_type=\u00a0\u00bbrow\u00a0\u00bb use_row_as_full_screen_section=\u00a0\u00bbno\u00a0\u00bb type=\u00a0\u00bbfull_width\u00a0\u00bb angled_section=\u00a0\u00bbno\u00a0\u00bb text_align=\u00a0\u00bbleft\u00a0\u00bb background_image_as_pattern=\u00a0\u00bbwithout_pattern\u00a0\u00bb css_animation=\u00a0\u00bb\u00a0\u00bb][vc_column css=\u00a0\u00bb.vc_custom_1469789140533{padding-bottom: 50px !important;}\u00a0\u00bb][vc_column_text css=\u00a0\u00bb.vc_custom_1536417624978{padding-bottom: 10px !important;}\u00a0\u00bb]Montauban , Ramierou, Av.de L\u00e9ojac point de rencontre pour entrainement en ext\u00e9rieur. La salle&#8230;<\/p>\n","protected":false},"author":1,"featured_media":0,"parent":0,"menu_order":0,"comment_status":"closed","ping_status":"closed","template":"","meta":{"footnotes":""},"class_list":["post-2277","page","type-page","status-publish","hentry"],"_links":{"self":[{"href":"https:\/\/rainbowfitness.org\/fr\/wp-json\/wp\/v2\/pages\/2277","targetHints":{"allow":["GET"]}}],"collection":[{"href":"https:\/\/rainbowfitness.org\/fr\/wp-json\/wp\/v2\/pages"}],"about":[{"href":"https:\/\/rainbowfitness.org\/fr\/wp-json\/wp\/v2\/types\/page"}],"author":[{"embeddable":true,"href":"https:\/\/rainbowfitness.org\/fr\/wp-json\/wp\/v2\/users\/1"}],"replies":[{"embeddable":true,"href":"https:\/\/rainbowfitness.org\/fr\/wp-json\/wp\/v2\/comments?post=2277"}],"version-history":[{"count":4,"href":"https:\/\/rainbowfitness.org\/fr\/wp-json\/wp\/v2\/pages\/2277\/revisions"}],"predecessor-version":[{"id":2684,"href":"https:\/\/rainbowfitness.org\/fr\/wp-json\/wp\/v2\/pages\/2277\/revisions\/2684"}],"wp:attachment":[{"href":"https:\/\/rainbowfitness.org\/fr\/wp-json\/wp\/v2\/media?parent=2277"}],"curies":[{"name":"wp","href":"https:\/\/api.w.org\/{rel}","templated":true}]}}