{"id":2268,"date":"2022-06-15T10:50:18","date_gmt":"2022-06-15T10:50:18","guid":{"rendered":"http:\/\/rainbowfitness.org\/entrainements-efficaces\/"},"modified":"2022-06-15T10:50:19","modified_gmt":"2022-06-15T10:50:19","slug":"entrainements-efficaces","status":"publish","type":"page","link":"https:\/\/rainbowfitness.org\/fr\/entrainements-efficaces\/","title":{"rendered":"Entra\u00eenements efficaces"},"content":{"rendered":"[vc_row row_type=\u00a0\u00bbrow\u00a0\u00bb use_row_as_full_screen_section=\u00a0\u00bbno\u00a0\u00bb type=\u00a0\u00bbfull_width\u00a0\u00bb angled_section=\u00a0\u00bbno\u00a0\u00bb text_align=\u00a0\u00bbleft\u00a0\u00bb background_image_as_pattern=\u00a0\u00bbwithout_pattern\u00a0\u00bb css_animation=\u00a0\u00bb\u00a0\u00bb][vc_column css=\u00a0\u00bb.vc_custom_1466687919046{padding-top: 20px !important;padding-bottom: 40px !important;}\u00a0\u00bb][vc_column_text]\n<h1 style=\"text-align: center;\"><span style=\"color: #2c82c9;\">ENTRA\u00ceNEMENTS EFFICACES<\/span><\/h1>\n[\/vc_column_text][vc_separator type=\u00a0\u00bbsmall\u00a0\u00bb position=\u00a0\u00bbcenter\u00a0\u00bb color=\u00a0\u00bb#9365b8&Prime; thickness=\u00a0\u00bb5&Prime;][\/vc_column][\/vc_row][vc_row row_type=\u00a0\u00bbrow\u00a0\u00bb use_row_as_full_screen_section=\u00a0\u00bbno\u00a0\u00bb type=\u00a0\u00bbfull_width\u00a0\u00bb angled_section=\u00a0\u00bbno\u00a0\u00bb text_align=\u00a0\u00bbleft\u00a0\u00bb background_image_as_pattern=\u00a0\u00bbwithout_pattern\u00a0\u00bb css_animation=\u00a0\u00bb\u00a0\u00bb][vc_column][vc_column_text css=\u00a0\u00bb.vc_custom_1468795615675{padding-bottom: 10px !important;}\u00a0\u00bb]Vous d\u00e9sirez un entra\u00eenement physique, nous sommes pr\u00eats \u00e0 relever ce d\u00e9fi.[\/vc_column_text][vc_column_text css=\u00a0\u00bb.vc_custom_1468795635815{padding-bottom: 10px !important;}\u00a0\u00bb]Vous proposer des entra\u00eenements sur mesure tout en vous assurant de tirer le meilleur parti de chaque mouvement&nbsp;:[\/vc_column_text][vc_column_text css=\u00a0\u00bb.vc_custom_1468795713540{padding-bottom: 10px !important;padding-left: 15px !important;}\u00a0\u00bb]\n<ul>\n<li>Obtenir les bonnes fibres musculaires pour allumer et \u00e9teindre au bon moment.<\/li>\n<li>Augmenter la quantit\u00e9 de fibres musculaires que vous utilisez dans le m\u00eame muscle.<\/li>\n<li>Apprendre \u00e0 ne \u00ab\u00a0compenser\u00a0\u00bb aucun mouvement.<\/li>\n<li>Entra\u00eenez-vous en toute s\u00e9curit\u00e9 et apprenez \u00e0 \u00e9viter les blessures.<\/li>\n<li>Am\u00e9lioration des performances, de la force et du tonus.<\/li>\n<\/ul>\n[\/vc_column_text][vc_column_text css=\u00a0\u00bb.vc_custom_1519959918291{padding-bottom: 10px !important;}\u00a0\u00bb]Mon coaching vous permet d&rsquo;atteindre vos objectifs<\/p>\n<p>&#8211; de mani\u00e8re vari\u00e9e &amp; r\u00e9aliste ; tout en se concentrant sur la qualit\u00e9 des mouvements plut\u00f4t que sur la quantit\u00e9.<\/p>\n<p>&#8211; vous devenez comme un champion : effectuez une bonne technique d&rsquo;auto-focus \u00e0 tout moment.[\/vc_column_text][\/vc_column][\/vc_row][vc_row row_type=\u00a0\u00bbrow\u00a0\u00bb use_row_as_full_screen_section=\u00a0\u00bbno\u00a0\u00bb type=\u00a0\u00bbfull_width\u00a0\u00bb angled_section=\u00a0\u00bbno\u00a0\u00bb text_align=\u00a0\u00bbleft\u00a0\u00bb background_image_as_pattern=\u00a0\u00bbwithout_pattern\u00a0\u00bb css_animation=\u00a0\u00bb\u00a0\u00bb][vc_column][vc_column_text]\n<p>&nbsp;<\/p>\n[\/vc_column_text][vc_column_text]\n<p style=\"text-align: center;\"><img loading=\"lazy\" decoding=\"async\" class=\"size-full wp-image-2194 aligncenter\" src=\"http:\/\/rainbowfitness.org\/wp-content\/uploads\/2016\/07\/body-burn.jpg\" alt=\"br\u00fblure corporelle\" width=\"730\" height=\"245\" srcset=\"https:\/\/rainbowfitness.org\/wp-content\/uploads\/2016\/07\/body-burn.jpg 730w, https:\/\/rainbowfitness.org\/wp-content\/uploads\/2016\/07\/body-burn-200x67.jpg 200w, https:\/\/rainbowfitness.org\/wp-content\/uploads\/2016\/07\/body-burn-300x101.jpg 300w, https:\/\/rainbowfitness.org\/wp-content\/uploads\/2016\/07\/body-burn-700x235.jpg 700w\" sizes=\"auto, (max-width: 730px) 100vw, 730px\" \/><\/p>\n[\/vc_column_text][\/vc_column][\/vc_row][vc_row row_type=\u00a0\u00bbrow\u00a0\u00bb use_row_as_full_screen_section=\u00a0\u00bbno\u00a0\u00bb type=\u00a0\u00bbfull_width\u00a0\u00bb angled_section=\u00a0\u00bbno\u00a0\u00bb text_align=\u00a0\u00bbleft\u00a0\u00bb background_image_as_pattern=\u00a0\u00bbwithout_pattern\u00a0\u00bb css_animation=\u00a0\u00bb\u00a0\u00bb][vc_column][\/vc_column][\/vc_row]\n","protected":false},"excerpt":{"rendered":"<p>[vc_row row_type=\u00a0\u00bbrow\u00a0\u00bb use_row_as_full_screen_section=\u00a0\u00bbno\u00a0\u00bb type=\u00a0\u00bbfull_width\u00a0\u00bb angled_section=\u00a0\u00bbno\u00a0\u00bb text_align=\u00a0\u00bbleft\u00a0\u00bb background_image_as_pattern=\u00a0\u00bbwithout_pattern\u00a0\u00bb css_animation=\u00a0\u00bb\u00a0\u00bb][vc_column css=\u00a0\u00bb.vc_custom_1466687919046{padding-top: 20px !important;padding-bottom: 40px !important;}\u00a0\u00bb][vc_column_text] ENTRA\u00ceNEMENTS EFFICACES [\/vc_column_text][vc_separator type=\u00a0\u00bbsmall\u00a0\u00bb position=\u00a0\u00bbcenter\u00a0\u00bb color=\u00a0\u00bb#9365b8&Prime; thickness=\u00a0\u00bb5&Prime;][\/vc_column][\/vc_row][vc_row row_type=\u00a0\u00bbrow\u00a0\u00bb use_row_as_full_screen_section=\u00a0\u00bbno\u00a0\u00bb type=\u00a0\u00bbfull_width\u00a0\u00bb angled_section=\u00a0\u00bbno\u00a0\u00bb text_align=\u00a0\u00bbleft\u00a0\u00bb background_image_as_pattern=\u00a0\u00bbwithout_pattern\u00a0\u00bb css_animation=\u00a0\u00bb\u00a0\u00bb][vc_column][vc_column_text css=\u00a0\u00bb.vc_custom_1468795615675{padding-bottom: 10px !important;}\u00a0\u00bb]Vous d\u00e9sirez un entra\u00eenement physique, nous sommes pr\u00eats \u00e0 relever ce d\u00e9fi.[\/vc_column_text][vc_column_text css=\u00a0\u00bb.vc_custom_1468795635815{padding-bottom: 10px !important;}\u00a0\u00bb]Vous proposer&#8230;<\/p>\n","protected":false},"author":1,"featured_media":0,"parent":0,"menu_order":0,"comment_status":"closed","ping_status":"closed","template":"","meta":{"footnotes":""},"class_list":["post-2268","page","type-page","status-publish","hentry"],"_links":{"self":[{"href":"https:\/\/rainbowfitness.org\/fr\/wp-json\/wp\/v2\/pages\/2268","targetHints":{"allow":["GET"]}}],"collection":[{"href":"https:\/\/rainbowfitness.org\/fr\/wp-json\/wp\/v2\/pages"}],"about":[{"href":"https:\/\/rainbowfitness.org\/fr\/wp-json\/wp\/v2\/types\/page"}],"author":[{"embeddable":true,"href":"https:\/\/rainbowfitness.org\/fr\/wp-json\/wp\/v2\/users\/1"}],"replies":[{"embeddable":true,"href":"https:\/\/rainbowfitness.org\/fr\/wp-json\/wp\/v2\/comments?post=2268"}],"version-history":[{"count":2,"href":"https:\/\/rainbowfitness.org\/fr\/wp-json\/wp\/v2\/pages\/2268\/revisions"}],"predecessor-version":[{"id":2274,"href":"https:\/\/rainbowfitness.org\/fr\/wp-json\/wp\/v2\/pages\/2268\/revisions\/2274"}],"wp:attachment":[{"href":"https:\/\/rainbowfitness.org\/fr\/wp-json\/wp\/v2\/media?parent=2268"}],"curies":[{"name":"wp","href":"https:\/\/api.w.org\/{rel}","templated":true}]}}