{"id":2262,"date":"2022-06-15T10:50:17","date_gmt":"2022-06-15T10:50:17","guid":{"rendered":"http:\/\/rainbowfitness.org\/evenements-non-caritatifs-2017\/"},"modified":"2022-06-15T10:50:18","modified_gmt":"2022-06-15T10:50:18","slug":"evenements-non-caritatifs-2017","status":"publish","type":"page","link":"https:\/\/rainbowfitness.org\/fr\/evenements-non-caritatifs-2017\/","title":{"rendered":"\u00c9v\u00e9nements non caritatifs 2017"},"content":{"rendered":"[vc_row row_type=\u00a0\u00bbrow\u00a0\u00bb use_row_as_full_screen_section=\u00a0\u00bbno\u00a0\u00bb type=\u00a0\u00bbfull_width\u00a0\u00bb angled_section=\u00a0\u00bbno\u00a0\u00bb text_align=\u00a0\u00bbleft\u00a0\u00bb background_image_as_pattern=\u00a0\u00bbwithout_pattern\u00a0\u00bb css_animation=\u00a0\u00bb\u00a0\u00bb][vc_column css=\u00a0\u00bb.vc_custom_1466687919046{padding-top: 20px !important;padding-bottom: 40px !important;}\u00a0\u00bb][vc_column_text]\n<h1 style=\"text-align: center;\"><span style=\"color: #2c82c9;\">\u00c9V\u00c9NEMENTS NON &#8211; CHARITAIRES 2016<\/span><\/h1>\n[\/vc_column_text][vc_separator type=\u00a0\u00bbsmall\u00a0\u00bb position=\u00a0\u00bbcenter\u00a0\u00bb color=\u00a0\u00bb#9365b8&Prime; thickness=\u00a0\u00bb5&Prime;][\/vc_column][\/vc_row][vc_row row_type=\u00a0\u00bbrow\u00a0\u00bb use_row_as_full_screen_section=\u00a0\u00bbno\u00a0\u00bb type=\u00a0\u00bbgrid\u00a0\u00bb angled_section=\u00a0\u00bbno\u00a0\u00bb text_align=\u00a0\u00bbleft\u00a0\u00bb background_image_as_pattern=\u00a0\u00bbwithout_pattern\u00a0\u00bb css_animation=\u00a0\u00bb\u00a0\u00bb][vc_column css=\u00a0\u00bb.vc_custom_1468362003843{padding-bottom: 50px !important;}\u00a0\u00bb][vc_column_text css=\u00a0\u00bb.vc_custom_1470428633518{padding-bottom: 10px !important;padding-left: 15px !important;}\u00a0\u00bb][\/vc_column_text][vc_column_text css=\u00a0\u00bb.vc_custom_1468362440061{padding-bottom: 10px !important;}\u00a0\u00bb]<span style=\"color: #9365b8; font-size: 20px;\"><strong>\u00c9v\u00e9nements en 2016.<\/strong><\/span>[\/vc_column_text][vc_column_text css=\u00a0\u00bb.vc_custom_1470430347094{padding-left: 15px !important;}\u00a0\u00bb]\n<ul>\n<li>Dimanche 15 mai, <a href=\"http:\/\/www.greatrun.org\/great-bristol-10k\" target=\"_blank\" rel=\"noopener\">Bristol 10km<\/a> . Rainbow Fitness est l\u00e0 pour soutenir les coureurs caritatifs avec des \u00e9chauffements, des \u00e9chauffements et des conseils gratuits.<\/li>\n<li>Dimanche 25 septembre, <a href=\"http:\/\/www.greatrun.org\/great-bristol-half-marathon\" target=\"_blank\" rel=\"noopener\">semi-marathon de Bristol<\/a> . Rainbow Fitness est l\u00e0 pour soutenir les coureurs caritatifs avec des \u00e9chauffements, des \u00e9chauffements et des conseils gratuits.<\/li>\n<li>Course \u00e0 pied\/Cyclisme etc.. sites li\u00e9s aux \u00e9v\u00e9nements : <a href=\"http:\/\/www.entrycentral.com\/\" target=\"_blank\" rel=\"noopener\">Manifestations sportives diverses<\/a> , <a href=\"http:\/\/www.obstacleracemagazine.com\/\" target=\"_blank\" rel=\"noopener\">courses d&rsquo;obstacles<\/a> , <a href=\"http:\/\/www.active.com\/\" target=\"_blank\" rel=\"noopener\">Actif<\/a> .<\/li>\n<li><a href=\"http:\/\/www.chsw.org.uk\/cycling\" target=\"_blank\" rel=\"noopener\">Plus d&rsquo;\u00e9v\u00e9nements Cyclisme<\/a> .<\/li>\n<li><a href=\"http:\/\/www.urbanparkour.org\/default.html\" target=\"_blank\" rel=\"noopener\">Parkour \u00e0 Bristol<\/a> .<\/li>\n<li><a href=\"http:\/\/www.lifecycleuk.org.uk\/buy-a-bike\" target=\"_blank\" rel=\"noopener\">Vente de v\u00e9los remis<\/a> \u00e0 neuf de Bristol <strong>,<\/strong> venez faire une bonne affaire&nbsp;! Si vous souhaitez <strong><a href=\"http:\/\/www.lifecycleuk.org.uk\/donate-a-bike\" target=\"_blank\" rel=\"noopener\">recycler un vieux v\u00e9lo<\/a><\/strong> dont vous ne voulez plus, c&rsquo;est \u00e9galement possible.<\/li>\n<\/ul>\n[\/vc_column_text][vc_column_text][\/vc_column_text][\/vc_column][\/vc_row]\n","protected":false},"excerpt":{"rendered":"<p>[vc_row row_type=\u00a0\u00bbrow\u00a0\u00bb use_row_as_full_screen_section=\u00a0\u00bbno\u00a0\u00bb type=\u00a0\u00bbfull_width\u00a0\u00bb angled_section=\u00a0\u00bbno\u00a0\u00bb text_align=\u00a0\u00bbleft\u00a0\u00bb background_image_as_pattern=\u00a0\u00bbwithout_pattern\u00a0\u00bb css_animation=\u00a0\u00bb\u00a0\u00bb][vc_column css=\u00a0\u00bb.vc_custom_1466687919046{padding-top: 20px !important;padding-bottom: 40px !important;}\u00a0\u00bb][vc_column_text] \u00c9V\u00c9NEMENTS NON &#8211; CHARITAIRES 2016 [\/vc_column_text][vc_separator type=\u00a0\u00bbsmall\u00a0\u00bb position=\u00a0\u00bbcenter\u00a0\u00bb color=\u00a0\u00bb#9365b8&Prime; thickness=\u00a0\u00bb5&Prime;][\/vc_column][\/vc_row][vc_row row_type=\u00a0\u00bbrow\u00a0\u00bb use_row_as_full_screen_section=\u00a0\u00bbno\u00a0\u00bb type=\u00a0\u00bbgrid\u00a0\u00bb angled_section=\u00a0\u00bbno\u00a0\u00bb text_align=\u00a0\u00bbleft\u00a0\u00bb background_image_as_pattern=\u00a0\u00bbwithout_pattern\u00a0\u00bb css_animation=\u00a0\u00bb\u00a0\u00bb][vc_column css=\u00a0\u00bb.vc_custom_1468362003843{padding-bottom: 50px !important;}\u00a0\u00bb][vc_column_text css=\u00a0\u00bb.vc_custom_1470428633518{padding-bottom: 10px !important;padding-left: 15px !important;}\u00a0\u00bb][\/vc_column_text][vc_column_text css=\u00a0\u00bb.vc_custom_1468362440061{padding-bottom: 10px !important;}\u00a0\u00bb]\u00c9v\u00e9nements en 2016.[\/vc_column_text][vc_column_text css=\u00a0\u00bb.vc_custom_1470430347094{padding-left: 15px&#8230;<\/p>\n","protected":false},"author":1,"featured_media":0,"parent":0,"menu_order":0,"comment_status":"closed","ping_status":"closed","template":"","meta":{"footnotes":""},"class_list":["post-2262","page","type-page","status-publish","hentry"],"_links":{"self":[{"href":"https:\/\/rainbowfitness.org\/fr\/wp-json\/wp\/v2\/pages\/2262","targetHints":{"allow":["GET"]}}],"collection":[{"href":"https:\/\/rainbowfitness.org\/fr\/wp-json\/wp\/v2\/pages"}],"about":[{"href":"https:\/\/rainbowfitness.org\/fr\/wp-json\/wp\/v2\/types\/page"}],"author":[{"embeddable":true,"href":"https:\/\/rainbowfitness.org\/fr\/wp-json\/wp\/v2\/users\/1"}],"replies":[{"embeddable":true,"href":"https:\/\/rainbowfitness.org\/fr\/wp-json\/wp\/v2\/comments?post=2262"}],"version-history":[{"count":2,"href":"https:\/\/rainbowfitness.org\/fr\/wp-json\/wp\/v2\/pages\/2262\/revisions"}],"predecessor-version":[{"id":2265,"href":"https:\/\/rainbowfitness.org\/fr\/wp-json\/wp\/v2\/pages\/2262\/revisions\/2265"}],"wp:attachment":[{"href":"https:\/\/rainbowfitness.org\/fr\/wp-json\/wp\/v2\/media?parent=2262"}],"curies":[{"name":"wp","href":"https:\/\/api.w.org\/{rel}","templated":true}]}}