{"id":2248,"date":"2022-06-15T10:50:17","date_gmt":"2022-06-15T10:50:17","guid":{"rendered":"http:\/\/rainbowfitness.org\/accueil\/"},"modified":"2024-01-23T20:27:13","modified_gmt":"2024-01-23T20:27:13","slug":"accueil","status":"publish","type":"page","link":"https:\/\/rainbowfitness.org\/fr\/","title":{"rendered":"Accueil"},"content":{"rendered":"[vc_row css_animation=\u00a0\u00bb\u00a0\u00bb row_type=\u00a0\u00bbrow\u00a0\u00bb use_row_as_full_screen_section=\u00a0\u00bbno\u00a0\u00bb type=\u00a0\u00bbfull_width\u00a0\u00bb angled_section=\u00a0\u00bbno\u00a0\u00bb text_align=\u00a0\u00bbleft\u00a0\u00bb background_image_as_pattern=\u00a0\u00bbwithout_pattern\u00a0\u00bb][vc_column][rev_slider_vc alias=\u00a0\u00bbhome-fr\u00a0\u00bb][\/vc_column][\/vc_row][vc_row css_animation=\u00a0\u00bb\u00a0\u00bb row_type=\u00a0\u00bbrow\u00a0\u00bb use_row_as_full_screen_section=\u00a0\u00bbno\u00a0\u00bb type=\u00a0\u00bbfull_width\u00a0\u00bb angled_section=\u00a0\u00bbno\u00a0\u00bb text_align=\u00a0\u00bbleft\u00a0\u00bb background_image_as_pattern=\u00a0\u00bbwithout_pattern\u00a0\u00bb][vc_column css=\u00a0\u00bb.vc_custom_1467151219424{padding-top: 60px !important;}\u00a0\u00bb][vc_column_text]\n<h1 style=\"text-align: center;\"><span style=\"color: #ffffff;\">Sp\u00e9cialiste de l&rsquo;activation musculaire et de la flexibilit\u00e9<\/span><\/h1>\n[\/vc_column_text][vc_separator type=\u00a0\u00bbsmall\u00a0\u00bb position=\u00a0\u00bbcenter\u00a0\u00bb color=\u00a0\u00bb#fc9807&Prime; thickness=\u00a0\u00bb5&Prime;][\/vc_column][\/vc_row][vc_row css_animation=\u00a0\u00bb\u00a0\u00bb row_type=\u00a0\u00bbrow\u00a0\u00bb use_row_as_full_screen_section=\u00a0\u00bbno\u00a0\u00bb type=\u00a0\u00bbgrid\u00a0\u00bb angled_section=\u00a0\u00bbno\u00a0\u00bb text_align=\u00a0\u00bbleft\u00a0\u00bb background_image_as_pattern=\u00a0\u00bbwithout_pattern\u00a0\u00bb][vc_column css=\u00a0\u00bb.vc_custom_1467151542058{padding-top: 30px !important;padding-bottom: 20px !important;}\u00a0\u00bb][vc_column_text]\n<p style=\"text-align: center;\">Que vous ayez besoin de travailler<i> <\/i>sur des groupes musculaires sp\u00e9cifiques ou sur tout votre corps, ou m\u00eame sur certains \u00e9l\u00e9ments nutritionnels<i> <\/i>conseils pour peaufiner vos r\u00e9sultats, Rainbow Fitness est l\u00e0 pour vous.<\/p>\n<p style=\"text-align: center;\">Que diriez-vous d&rsquo;am\u00e9liorer vos performances actuelles\u00a0? Vous cherchez \u00e0 d\u00e9fier votre niveau de forme physique\u00a0?<\/p>\n[\/vc_column_text][\/vc_column][\/vc_row][vc_row css_animation=\u00a0\u00bb\u00a0\u00bb row_type=\u00a0\u00bbrow\u00a0\u00bb use_row_as_full_screen_section=\u00a0\u00bbno\u00a0\u00bb type=\u00a0\u00bbgrid\u00a0\u00bb angled_section=\u00a0\u00bbno\u00a0\u00bb text_align=\u00a0\u00bbleft\u00a0\u00bb background_image_as_pattern=\u00a0\u00bbwithout_pattern\u00a0\u00bb][vc_column width=\u00a0\u00bb1\/2&Prime; css=\u00a0\u00bb.vc_custom_1470415190722{padding-top: 20px !important;padding-bottom: 20px !important;}\u00a0\u00bb][vc_column_text css=\u00a0\u00bb.vc_custom_1470077313309{padding-bottom: 15px !important;}\u00a0\u00bb][\/vc_column_text][vc_column_text css=\u00a0\u00bb.vc_custom_1466869345464{padding-bottom: 15px !important;}\u00a0\u00bb]Rainbow Fitness, c&rsquo;est aussi l&rsquo;endroit o\u00f9 vous pouvez apprendre \u00e0 ma\u00eetriser totalement votre corps (respiration, vaincre la fatigue, niveau d&rsquo;\u00e9nergie, temps de r\u00e9action&#8230;), ou encore vous mettre en condition pour <i>un<\/i><i> <\/i>Bilan de sant\u00e9?[\/vc_column_text][vc_column_text css=\u00a0\u00bb.vc_custom_1466869374784{padding-bottom: 15px !important;}\u00a0\u00bb]Il y a peu de limites (si nous ne pouvons pas le faire, nous serons honn\u00eates avec vous) \u00e0 nos services pour vous assurer d&rsquo;obtenir exactement ce que vous voulez de votre plan d&rsquo;entra\u00eenement personnel.[\/vc_column_text][\/vc_column][vc_column width=\u00a0\u00bb1\/2&Prime; css=\u00a0\u00bb.vc_custom_1470415201815{padding-top: 25px !important;padding-bottom: 20px !important;}\u00a0\u00bb][vc_single_image image=\u00a0\u00bb2170&Prime; img_size=\u00a0\u00bbfull\u00a0\u00bb alignment=\u00a0\u00bbcenter\u00a0\u00bb qode_css_animation=\u00a0\u00bb\u00a0\u00bb qode_hover_animation=\u00a0\u00bbzoom_in\u00a0\u00bb][\/vc_column][\/vc_row][vc_row css_animation=\u00a0\u00bb\u00a0\u00bb row_type=\u00a0\u00bbrow\u00a0\u00bb use_row_as_full_screen_section=\u00a0\u00bbno\u00a0\u00bb type=\u00a0\u00bbgrid\u00a0\u00bb angled_section=\u00a0\u00bbno\u00a0\u00bb text_align=\u00a0\u00bbleft\u00a0\u00bb background_image_as_pattern=\u00a0\u00bbwithout_pattern\u00a0\u00bb background_color=\u00a0\u00bb#2c82c9&Prime;][vc_column css=\u00a0\u00bb.vc_custom_1467057759245{padding-top: 50px !important;padding-right: 15px !important;padding-bottom: 50px !important;padding-left: 15px !important;}\u00a0\u00bb][dt_carousel speed=\u00a0\u00bb1000&Prime; autoplay=\u00a0\u00bb1&Prime; interval=\u00a0\u00bb16000&Prime; pagination_color=\u00a0\u00bb#fc9807&Prime; pagination_size=\u00a0\u00bb23&Prime;][vc_column_text]\n<p style=\"text-align: center;\"><span style=\"font-size: 22px;\"><em>J&rsquo;ai d&rsquo;abord utilis\u00e9 Rainbow Fitness pour soutenir mon entra\u00eenement de course longue distance. Neil m&rsquo;a aid\u00e9 \u00e0 me concentrer sur mes objectifs personnels, \u00e0 canaliser ma respiration et \u00e0 me pr\u00e9parer aux attentes d&rsquo;une demi-journ\u00e9e de marathon. J&rsquo;ai continu\u00e9 mes s\u00e9ances de PT avec Rainbow Fitness parce que je veux rester concentr\u00e9 et am\u00e9liorer ma condition physique g\u00e9n\u00e9rale.<\/em><\/span><\/p>\n<p style=\"text-align: center;\"><span style=\"font-size: 18px;\">Holly Wicks<br \/>\n<\/span><\/p>\n[\/vc_column_text][vc_column_text]\n<p style=\"text-align: center;\"><em><span style=\"font-size: 22px;\">Merci pour ton aide Arc-en-ciel ! J&rsquo;ai suivi les suggestions, et bien qu&rsquo;elles aient \u00e9t\u00e9 vraiment difficiles et douloureuses au d\u00e9but, lentement mais s\u00fbrement, je les ai suivies comme conseill\u00e9. Je me sens beaucoup mieux maintenant et j&rsquo;ai repris le travail et le sport l\u00e9ger ! Excellent service et merci.<\/span><\/em><\/p>\n<p style=\"text-align: center;\"><span style=\"font-size: 18px;\">Jon<\/span><\/p>\n[\/vc_column_text][vc_column_text]\n<p style=\"text-align: center;\"><span style=\"font-size: 22px;\"><em>Je m&rsquo;entra\u00eene avec Neil depuis f\u00e9vrier 2011, \u00e0 partir de ce moment-l\u00e0 j&rsquo;\u00e9tais aussi enceinte. Tout au long des neuf mois, Neil m&rsquo;a tr\u00e8s bien pr\u00e9sent\u00e9 pour permettre \u00e0 la grossesse de se d\u00e9rouler en toute s\u00e9curit\u00e9 tout en maintenant mon niveau de forme physique.<\/em><\/span><\/p>\n<p style=\"text-align: center;\"><span style=\"font-size: 18px;\">Marie Williams<\/span><\/p>\n[\/vc_column_text][vc_column_text]\n<p style=\"text-align: center;\"><span style=\"font-size: 22px;\"><em>Je recommanderais Neil si vous recherchez un Coach\/PT qui a une approche \u00e9quilibr\u00e9e de l&rsquo;entra\u00eenement &#8211; forme physique, force et flexibilit\u00e9. Les Coach sont on\u00e9reux; mais mon exp\u00e9rience \u00e0 \u00e9t\u00e9 tr\u00e8s positive, deplus vous apprendrez beaucoup en seulement quelques mois d&rsquo;entrainement avec Neil.<\/em><\/span><\/p>\n<p style=\"text-align: center;\"><span style=\"font-size: 18px;\">Dylan<\/span><\/p>\n[\/vc_column_text][\/dt_carousel][\/vc_column][\/vc_row][vc_row css_animation=\u00a0\u00bb\u00a0\u00bb row_type=\u00a0\u00bbrow\u00a0\u00bb use_row_as_full_screen_section=\u00a0\u00bbno\u00a0\u00bb type=\u00a0\u00bbfull_width\u00a0\u00bb angled_section=\u00a0\u00bbno\u00a0\u00bb text_align=\u00a0\u00bbleft\u00a0\u00bb background_image_as_pattern=\u00a0\u00bbwithout_pattern\u00a0\u00bb][vc_column css=\u00a0\u00bb.vc_custom_1468592394228{padding-top: 60px !important;}\u00a0\u00bb][vc_column_text]\n<h1 style=\"text-align: center;\"><span style=\"color: #ffffff;\">Notre mission<\/span><\/h1>\n[\/vc_column_text][vc_separator type=\u00a0\u00bbsmall\u00a0\u00bb position=\u00a0\u00bbcenter\u00a0\u00bb color=\u00a0\u00bb#fc9807&Prime; thickness=\u00a0\u00bb5&Prime;][\/vc_column][\/vc_row][vc_row css_animation=\u00a0\u00bb\u00a0\u00bb row_type=\u00a0\u00bbrow\u00a0\u00bb use_row_as_full_screen_section=\u00a0\u00bbno\u00a0\u00bb type=\u00a0\u00bbfull_width\u00a0\u00bb angled_section=\u00a0\u00bbno\u00a0\u00bb text_align=\u00a0\u00bbleft\u00a0\u00bb background_image_as_pattern=\u00a0\u00bbwithout_pattern\u00a0\u00bb css=\u00a0\u00bb.vc_custom_1468592409354{padding-top: 30px !important;padding-bottom: 60px !important;}\u00a0\u00bb][vc_column width=\u00a0\u00bb1\/12&Prime;][\/vc_column][vc_column width=\u00a0\u00bb1\/6&Prime;]<span data-type=\"circle\" data-hover-bg-color=\"#2c82c9\" data-hover-icon-color=\"#ffffff\" class=\"qode_icon_shortcode fa-stack q_font_awsome_icon_stack fa-3x pull-center q_icon_animation\" style=\" \"><i class=\"fa fa-circle fa-stack-base fa-stack-2x\" style=\"color: #2c82c9;\"><\/i><i class=\"qode_icon_font_awesome fa fa-check qode_icon_element fa-stack-1x\" style=\"color: #ffffff;\" ><\/i><\/span>[vc_column_text css=\u00a0\u00bb.vc_custom_1467139945264{padding-top: 20px !important;}\u00a0\u00bb]\n<p style=\"text-align: center;\">Les clients de Rainbow Fitness se sentent heureux et positivement motiv\u00e9s<\/p>\n[\/vc_column_text][\/vc_column][vc_column width=\u00a0\u00bb1\/6&Prime;]<span data-type=\"circle\" data-hover-bg-color=\"#2c82c9\" data-hover-icon-color=\"#ffffff\" class=\"qode_icon_shortcode fa-stack q_font_awsome_icon_stack fa-3x pull-center q_icon_animation\" style=\" transition-delay: 200ms; -webkit-transition-delay: 200ms; -moz-transition-delay: 200ms; -o-transition-delay: 200ms;\"><i class=\"fa fa-circle fa-stack-base fa-stack-2x\" style=\"color: #2c82c9;\"><\/i><i class=\"qode_icon_font_awesome fa fa-check qode_icon_element fa-stack-1x\" style=\"color: #ffffff;\" ><\/i><\/span>[vc_column_text css=\u00a0\u00bb.vc_custom_1467139951997{padding-top: 20px !important;}\u00a0\u00bb]\n<p style=\"text-align: center;\">Nous offrons un service client de qualit\u00e9 sup\u00e9rieure, mais maintenons \u00e9galement une attitude amusante pendant les s\u00e9ances.<\/p>\n[\/vc_column_text][\/vc_column][vc_column width=\u00a0\u00bb1\/6&Prime;]<span data-type=\"circle\" data-hover-bg-color=\"#2c82c9\" data-hover-icon-color=\"#ffffff\" class=\"qode_icon_shortcode fa-stack q_font_awsome_icon_stack fa-3x pull-center q_icon_animation\" style=\" transition-delay: 400ms; -webkit-transition-delay: 400ms; -moz-transition-delay: 400ms; -o-transition-delay: 400ms;\"><i class=\"fa fa-circle fa-stack-base fa-stack-2x\" style=\"color: #2c82c9;\"><\/i><i class=\"qode_icon_font_awesome fa fa-check qode_icon_element fa-stack-1x\" style=\"color: #ffffff;\" ><\/i><\/span>[vc_column_text css=\u00a0\u00bb.vc_custom_1467139958904{padding-top: 20px !important;}\u00a0\u00bb]\n<p style=\"text-align: center;\">Nos services restent professionnels et sont adapt\u00e9s aux besoins sp\u00e9cifiques de chaque client.<\/p>\n[\/vc_column_text][\/vc_column][vc_column width=\u00a0\u00bb1\/6&Prime;]<span data-type=\"circle\" data-hover-bg-color=\"#2c82c9\" data-hover-icon-color=\"#ffffff\" class=\"qode_icon_shortcode fa-stack q_font_awsome_icon_stack fa-3x pull-center q_icon_animation\" style=\" transition-delay: 600ms; -webkit-transition-delay: 600ms; -moz-transition-delay: 600ms; -o-transition-delay: 600ms;\"><i class=\"fa fa-circle fa-stack-base fa-stack-2x\" style=\"color: #2c82c9;\"><\/i><i class=\"qode_icon_font_awesome fa fa-check qode_icon_element fa-stack-1x\" style=\"color: #ffffff;\" ><\/i><\/span>[vc_column_text css=\u00a0\u00bb.vc_custom_1467139965717{padding-top: 20px !important;}\u00a0\u00bb]\n<p style=\"text-align: center;\">Nous sommes pr\u00eats \u00e0 fournir des objectifs \u00e0 court et \u00e0 long terme aux clients, afin qu&rsquo;ils puissent atteindre des r\u00e9sultats incroyables qui changent leur vie.<\/p>\n[\/vc_column_text][\/vc_column][vc_column width=\u00a0\u00bb1\/6&Prime;]<span data-type=\"circle\" data-hover-bg-color=\"#2c82c9\" data-hover-icon-color=\"#ffffff\" class=\"qode_icon_shortcode fa-stack q_font_awsome_icon_stack fa-3x pull-center q_icon_animation\" style=\" transition-delay: 800ms; -webkit-transition-delay: 800ms; -moz-transition-delay: 800ms; -o-transition-delay: 800ms;\"><i class=\"fa fa-circle fa-stack-base fa-stack-2x\" style=\"color: #2c82c9;\"><\/i><i class=\"qode_icon_font_awesome fa fa-check qode_icon_element fa-stack-1x\" style=\"color: #ffffff;\" ><\/i><\/span>[vc_column_text css=\u00a0\u00bb.vc_custom_1467139972547{padding-top: 20px !important;}\u00a0\u00bb]\n<p style=\"text-align: center;\">Rainbow fitness est ravi de vous pr\u00e9senter une approche \u00ab arc-en-ciel \u00bb color\u00e9e et vari\u00e9e de votre bien-\u00eatre physique.<\/p>\n[\/vc_column_text][\/vc_column][\/vc_row]\n","protected":false},"excerpt":{"rendered":"<p>[vc_row css_animation=\u00a0\u00bb\u00a0\u00bb row_type=\u00a0\u00bbrow\u00a0\u00bb use_row_as_full_screen_section=\u00a0\u00bbno\u00a0\u00bb type=\u00a0\u00bbfull_width\u00a0\u00bb angled_section=\u00a0\u00bbno\u00a0\u00bb text_align=\u00a0\u00bbleft\u00a0\u00bb background_image_as_pattern=\u00a0\u00bbwithout_pattern\u00a0\u00bb][vc_column][rev_slider_vc alias=\u00a0\u00bbhome-fr\u00a0\u00bb][\/vc_column][\/vc_row][vc_row css_animation=\u00a0\u00bb\u00a0\u00bb row_type=\u00a0\u00bbrow\u00a0\u00bb use_row_as_full_screen_section=\u00a0\u00bbno\u00a0\u00bb type=\u00a0\u00bbfull_width\u00a0\u00bb angled_section=\u00a0\u00bbno\u00a0\u00bb text_align=\u00a0\u00bbleft\u00a0\u00bb background_image_as_pattern=\u00a0\u00bbwithout_pattern\u00a0\u00bb][vc_column css=\u00a0\u00bb.vc_custom_1467151219424{padding-top: 60px !important;}\u00a0\u00bb][vc_column_text] Sp\u00e9cialiste de l&rsquo;activation musculaire et de la flexibilit\u00e9 [\/vc_column_text][vc_separator type=\u00a0\u00bbsmall\u00a0\u00bb position=\u00a0\u00bbcenter\u00a0\u00bb color=\u00a0\u00bb#fc9807&Prime; thickness=\u00a0\u00bb5&Prime;][\/vc_column][\/vc_row][vc_row css_animation=\u00a0\u00bb\u00a0\u00bb row_type=\u00a0\u00bbrow\u00a0\u00bb use_row_as_full_screen_section=\u00a0\u00bbno\u00a0\u00bb type=\u00a0\u00bbgrid\u00a0\u00bb angled_section=\u00a0\u00bbno\u00a0\u00bb text_align=\u00a0\u00bbleft\u00a0\u00bb background_image_as_pattern=\u00a0\u00bbwithout_pattern\u00a0\u00bb][vc_column css=\u00a0\u00bb.vc_custom_1467151542058{padding-top: 30px !important;padding-bottom: 20px !important;}\u00a0\u00bb][vc_column_text] Que&#8230;<\/p>\n","protected":false},"author":1,"featured_media":0,"parent":0,"menu_order":0,"comment_status":"closed","ping_status":"closed","template":"full_width.php","meta":{"footnotes":""},"class_list":["post-2248","page","type-page","status-publish","hentry"],"_links":{"self":[{"href":"https:\/\/rainbowfitness.org\/fr\/wp-json\/wp\/v2\/pages\/2248","targetHints":{"allow":["GET"]}}],"collection":[{"href":"https:\/\/rainbowfitness.org\/fr\/wp-json\/wp\/v2\/pages"}],"about":[{"href":"https:\/\/rainbowfitness.org\/fr\/wp-json\/wp\/v2\/types\/page"}],"author":[{"embeddable":true,"href":"https:\/\/rainbowfitness.org\/fr\/wp-json\/wp\/v2\/users\/1"}],"replies":[{"embeddable":true,"href":"https:\/\/rainbowfitness.org\/fr\/wp-json\/wp\/v2\/comments?post=2248"}],"version-history":[{"count":6,"href":"https:\/\/rainbowfitness.org\/fr\/wp-json\/wp\/v2\/pages\/2248\/revisions"}],"predecessor-version":[{"id":2699,"href":"https:\/\/rainbowfitness.org\/fr\/wp-json\/wp\/v2\/pages\/2248\/revisions\/2699"}],"wp:attachment":[{"href":"https:\/\/rainbowfitness.org\/fr\/wp-json\/wp\/v2\/media?parent=2248"}],"curies":[{"name":"wp","href":"https:\/\/api.w.org\/{rel}","templated":true}]}}