{"id":2223,"date":"2022-06-15T10:50:12","date_gmt":"2022-06-15T10:50:12","guid":{"rendered":"http:\/\/rainbowfitness.org\/etoile-de-cirque\/"},"modified":"2022-06-15T10:50:14","modified_gmt":"2022-06-15T10:50:14","slug":"etoile-de-cirque","status":"publish","type":"page","link":"https:\/\/rainbowfitness.org\/fr\/etoile-de-cirque\/","title":{"rendered":"\u00c9toile de cirque"},"content":{"rendered":"[vc_row row_type=\u00a0\u00bbrow\u00a0\u00bb use_row_as_full_screen_section=\u00a0\u00bbno\u00a0\u00bb type=\u00a0\u00bbfull_width\u00a0\u00bb angled_section=\u00a0\u00bbno\u00a0\u00bb text_align=\u00a0\u00bbleft\u00a0\u00bb background_image_as_pattern=\u00a0\u00bbwithout_pattern\u00a0\u00bb css_animation=\u00a0\u00bb\u00a0\u00bb][vc_column css=\u00a0\u00bb.vc_custom_1466687919046{padding-top: 20px !important;padding-bottom: 40px !important;}\u00a0\u00bb][vc_column_text]\n<h1 style=\"text-align: center;\"><span style=\"color: #2c82c9;\">\u00c9toile de cirque<\/span><\/h1>\n[\/vc_column_text][vc_separator type=\u00a0\u00bbsmall\u00a0\u00bb position=\u00a0\u00bbcenter\u00a0\u00bb color=\u00a0\u00bb#9365b8&Prime; thickness=\u00a0\u00bb5&Prime;][\/vc_column][\/vc_row][vc_row row_type=\u00a0\u00bbrow\u00a0\u00bb use_row_as_full_screen_section=\u00a0\u00bbno\u00a0\u00bb type=\u00a0\u00bbfull_width\u00a0\u00bb angled_section=\u00a0\u00bbno\u00a0\u00bb text_align=\u00a0\u00bbleft\u00a0\u00bb background_image_as_pattern=\u00a0\u00bbwithout_pattern\u00a0\u00bb css_animation=\u00a0\u00bb\u00a0\u00bb][vc_column css=\u00a0\u00bb.vc_custom_1470403140871{padding-bottom: 50px !important;}\u00a0\u00bb][vc_column_text css=\u00a0\u00bb.vc_custom_1470403341721{padding-bottom: 10px !important;}\u00a0\u00bb]<strong>Aidez Rainbow Fitness \u00e0 collecter des fonds pour <a href=\"http:\/\/www.circus-starr.co.uk\/\">Circus Starr<\/a> .<\/strong><img loading=\"lazy\" decoding=\"async\" class=\"alignright size-full wp-image-2226\" src=\"http:\/\/rainbowfitness.org\/wp-content\/uploads\/2016\/08\/Logo-CircusStarr.jpg\" alt=\"Logo-CircusStarr\" width=\"124\" height=\"83\">[\/vc_column_text][vc_column_text css=\u00a0\u00bb.vc_custom_1470403686784{padding-bottom: 10px !important;}\u00a0\u00bb]Circus Starr est une soci\u00e9t\u00e9 d&rsquo;int\u00e9r\u00eat communautaire qui organise des spectacles de cirque professionnels dans 75 villes du Royaume-Uni, collectant des fonds pour des \u0153uvres caritatives locales. Dans chaque lieu, <strong>ils fournissent 1 000 billets gratuits aux enfants qui n&rsquo;auraient normalement pas la chance de voir un spectacle en direct<\/strong> , leur offrant une <a href=\"http:\/\/rainbowfitness.org\/wp-content\/uploads\/2016\/08\/Owen-Foxs-Day-Out.pdf\">exp\u00e9rience enrichissante<\/a> et des souvenirs durables.[\/vc_column_text][vc_column_text css=\u00a0\u00bb.vc_custom_1470403723505{padding-bottom: 10px !important;}\u00a0\u00bb]Tous les enfants invit\u00e9s au spectacle de Bristol (13 juin) sont <strong>des enfants de votre propre communaut\u00e9 qui font face \u00e0 de nombreux d\u00e9fis<\/strong> . Certains ont des handicaps physiques ou des difficult\u00e9s d&rsquo;apprentissage. D&rsquo;autres ont des maladies limitant la vie ou vivent dans des circonstances moins chanceuses que la plupart des enfants. Certaines des organisations qui en b\u00e9n\u00e9ficient sont \u00e9num\u00e9r\u00e9es ci-dessous :[\/vc_column_text][vc_column_text css=\u00a0\u00bb.vc_custom_1470403730894{padding-bottom: 10px !important;}\u00a0\u00bb]\u00c9COLE SP\u00c9CIALE DE CLAREMONT<\/p>\n<p>NOUVELLE \u00c9COLE FOSSEWAY SPCL<\/p>\n<p>\u00c9COLE STEINER DE BRISTOL<\/p>\n<p>\u00c9COLE BRIARWOOD<\/p>\n<p>\u00c9COLE RAVENSWOOD<\/p>\n<p>\u00c9COLE DE SHEILING<\/p>\n<p>WOODSTOCK<\/p>\n<p>ST. \u00c9COLE CHRISTOPHE<\/p>\n<p>ECOLE DES SOURDS ELM FIELD<\/p>\n<p>SP\u00c9CIAL CLUB AMIS<\/p>\n<p>SUD DE BRISTOL D\u00c9POSE AU CENTRE<\/p>\n<p>HOMESTART BRISTOL<\/p>\n<p>SERVICE ENFANTS HANDICAP\u00c9S<\/p>\n<p>CENTRE D&rsquo;APPRENTISSAGE KNOWLE DGE<\/p>\n<p>DIRECTION DES SERVICES \u00c0 L&rsquo;ENFANCE[\/vc_column_text][vc_column_text css=\u00a0\u00bb.vc_custom_1470403545577{padding-bottom: 10px !important;}\u00a0\u00bb]Tous les b\u00e9n\u00e9fices du spectacle de Bristol vont au Children&rsquo;s Hospice South West, contribuant ainsi \u00e0 collecter les fonds n\u00e9cessaires chaque ann\u00e9e pour poursuivre le travail vital qu&rsquo;ils accomplissent.[\/vc_column_text][vc_single_image image=\u00a0\u00bb1193&Prime; img_size=\u00a0\u00bbfull\u00a0\u00bb alignment=\u00a0\u00bbcenter\u00a0\u00bb qode_css_animation=\u00a0\u00bb\u00a0\u00bb css=\u00a0\u00bb.vc_custom_1470403551862{padding-bottom: 10px !important;}\u00a0\u00bb][vc_column_text]Pour faire un don, <a href=\"http:\/\/www.circus-starr.co.uk\/contact-circus-starr.html\">contactez Circuss Starr<\/a> directement ou <a href=\"http:\/\/rainbowfitness.org\/contact-us\/\">contactez-nous<\/a> \u00e0 Rainbow fitness.[\/vc_column_text][\/vc_column][\/vc_row]\n","protected":false},"excerpt":{"rendered":"<p>[vc_row row_type=\u00a0\u00bbrow\u00a0\u00bb use_row_as_full_screen_section=\u00a0\u00bbno\u00a0\u00bb type=\u00a0\u00bbfull_width\u00a0\u00bb angled_section=\u00a0\u00bbno\u00a0\u00bb text_align=\u00a0\u00bbleft\u00a0\u00bb background_image_as_pattern=\u00a0\u00bbwithout_pattern\u00a0\u00bb css_animation=\u00a0\u00bb\u00a0\u00bb][vc_column css=\u00a0\u00bb.vc_custom_1466687919046{padding-top: 20px !important;padding-bottom: 40px !important;}\u00a0\u00bb][vc_column_text] \u00c9toile de cirque [\/vc_column_text][vc_separator type=\u00a0\u00bbsmall\u00a0\u00bb position=\u00a0\u00bbcenter\u00a0\u00bb color=\u00a0\u00bb#9365b8&Prime; thickness=\u00a0\u00bb5&Prime;][\/vc_column][\/vc_row][vc_row row_type=\u00a0\u00bbrow\u00a0\u00bb use_row_as_full_screen_section=\u00a0\u00bbno\u00a0\u00bb type=\u00a0\u00bbfull_width\u00a0\u00bb angled_section=\u00a0\u00bbno\u00a0\u00bb text_align=\u00a0\u00bbleft\u00a0\u00bb background_image_as_pattern=\u00a0\u00bbwithout_pattern\u00a0\u00bb css_animation=\u00a0\u00bb\u00a0\u00bb][vc_column css=\u00a0\u00bb.vc_custom_1470403140871{padding-bottom: 50px !important;}\u00a0\u00bb][vc_column_text css=\u00a0\u00bb.vc_custom_1470403341721{padding-bottom: 10px !important;}\u00a0\u00bb]Aidez Rainbow Fitness \u00e0 collecter des fonds pour Circus Starr .[\/vc_column_text][vc_column_text css=\u00a0\u00bb.vc_custom_1470403686784{padding-bottom:&#8230;<\/p>\n","protected":false},"author":1,"featured_media":0,"parent":0,"menu_order":0,"comment_status":"closed","ping_status":"closed","template":"","meta":{"footnotes":""},"class_list":["post-2223","page","type-page","status-publish","hentry"],"_links":{"self":[{"href":"https:\/\/rainbowfitness.org\/fr\/wp-json\/wp\/v2\/pages\/2223","targetHints":{"allow":["GET"]}}],"collection":[{"href":"https:\/\/rainbowfitness.org\/fr\/wp-json\/wp\/v2\/pages"}],"about":[{"href":"https:\/\/rainbowfitness.org\/fr\/wp-json\/wp\/v2\/types\/page"}],"author":[{"embeddable":true,"href":"https:\/\/rainbowfitness.org\/fr\/wp-json\/wp\/v2\/users\/1"}],"replies":[{"embeddable":true,"href":"https:\/\/rainbowfitness.org\/fr\/wp-json\/wp\/v2\/comments?post=2223"}],"version-history":[{"count":2,"href":"https:\/\/rainbowfitness.org\/fr\/wp-json\/wp\/v2\/pages\/2223\/revisions"}],"predecessor-version":[{"id":2234,"href":"https:\/\/rainbowfitness.org\/fr\/wp-json\/wp\/v2\/pages\/2223\/revisions\/2234"}],"wp:attachment":[{"href":"https:\/\/rainbowfitness.org\/fr\/wp-json\/wp\/v2\/media?parent=2223"}],"curies":[{"name":"wp","href":"https:\/\/api.w.org\/{rel}","templated":true}]}}