{"id":2209,"date":"2022-06-15T10:50:11","date_gmt":"2022-06-15T10:50:11","guid":{"rendered":"http:\/\/rainbowfitness.org\/evenements-de-collecte-de-fonds-caritatifs-2012\/"},"modified":"2022-06-15T10:50:13","modified_gmt":"2022-06-15T10:50:13","slug":"evenements-de-collecte-de-fonds-caritatifs-2012","status":"publish","type":"page","link":"https:\/\/rainbowfitness.org\/fr\/evenements-de-collecte-de-fonds-caritatifs-2012\/","title":{"rendered":"\u00c9v\u00e9nements de collecte de fonds caritatifs 2012."},"content":{"rendered":"[vc_row row_type=\u00a0\u00bbrow\u00a0\u00bb use_row_as_full_screen_section=\u00a0\u00bbno\u00a0\u00bb type=\u00a0\u00bbfull_width\u00a0\u00bb angled_section=\u00a0\u00bbno\u00a0\u00bb text_align=\u00a0\u00bbleft\u00a0\u00bb background_image_as_pattern=\u00a0\u00bbwithout_pattern\u00a0\u00bb css_animation=\u00a0\u00bb\u00a0\u00bb][vc_column css=\u00a0\u00bb.vc_custom_1466687919046{padding-top: 20px !important;padding-bottom: 40px !important;}\u00a0\u00bb][vc_column_text]\n<h1 style=\"text-align: center;\"><span style=\"color: #2c82c9;\">\u00c9v\u00e9nements de collecte de fonds caritatifs 2012.<\/span><\/h1>\n[\/vc_column_text][vc_separator type=\u00a0\u00bbsmall\u00a0\u00bb position=\u00a0\u00bbcenter\u00a0\u00bb color=\u00a0\u00bb#9365b8&Prime; thickness=\u00a0\u00bb5&Prime;][\/vc_column][\/vc_row][vc_row row_type=\u00a0\u00bbrow\u00a0\u00bb use_row_as_full_screen_section=\u00a0\u00bbno\u00a0\u00bb type=\u00a0\u00bbfull_width\u00a0\u00bb angled_section=\u00a0\u00bbno\u00a0\u00bb text_align=\u00a0\u00bbleft\u00a0\u00bb background_image_as_pattern=\u00a0\u00bbwithout_pattern\u00a0\u00bb css_animation=\u00a0\u00bb\u00a0\u00bb][vc_column css=\u00a0\u00bb.vc_custom_1470404590750{padding-bottom: 50px !important;}\u00a0\u00bb][vc_column_text css=\u00a0\u00bb.vc_custom_1470404667737{padding-bottom: 10px !important;}\u00a0\u00bb]Dimanche 20 mai, <a href=\"http:\/\/www.runbristol.com\/App_Errors\/404.aspx?aspxerrorpath=\/10K\/5\/Home.aspx\">Bristol 10km<\/a> , Rainbow Fitness a fait de la sensibilisation sur les bonnes m\u00e9thodes d&rsquo;\u00e9tirements ainsi que des s\u00e9ances gratuites d&rsquo;\u00e9tirements assist\u00e9s. Retrouvez-nous \u00e0 c\u00f4t\u00e9 de la tente de <a href=\"http:\/\/www.runbristol.com\/App_Errors\/404.aspx?aspxerrorpath=\/10K\/5\/Home.aspx\">Penny Brohn Cancer Care<\/a> .[\/vc_column_text][vc_column_text css=\u00a0\u00bb.vc_custom_1470404720117{padding-bottom: 10px !important;}\u00a0\u00bb]Samedi 9 et dimanche 10 juin, <a href=\"http:\/\/raceforlife.cancerresearchuk.org\/index.html?utm_source=msn&amp;utm_medium=cpc&amp;utm_term=race_for_life&amp;utm_campaign=MN_race_for_life_Broad\">Race for Life<\/a> 5 et 10km, Rainbow Fitness a collect\u00e9 des fonds pour <a href=\"http:\/\/www.pennybrohn.org.uk\/\">des \u0153uvres caritatives<\/a> et sensibilis\u00e9 aux bonnes m\u00e9thodes d&rsquo;\u00e9tirement.[\/vc_column_text][vc_column_text css=\u00a0\u00bb.vc_custom_1470404857310{padding-bottom: 10px !important;}\u00a0\u00bb]<strong>Samedi 8 septembre<\/strong> , course <strong><a href=\"http:\/\/www.spartan.com\/midlands-obstacle-racing-super-spartan-2012.html\">Super Spartan<\/a><\/strong> , Rainbow forme une <strong>\u00e9quipe pour concourir<\/strong> et participer \u00e0 une collecte de fonds pour une <a href=\"http:\/\/www.spartan.com\/spartan-race-team-macmillan.html\">\u0153uvre caritative<\/a> . Venez vous entra\u00eener avec nous.[\/vc_column_text][vc_column_text css=\u00a0\u00bb.vc_custom_1470404984776{padding-bottom: 10px !important;}\u00a0\u00bb]<strong>16 septembre, <a href=\"http:\/\/www.runforthefuture.org\/\">Run for the Future<\/a><\/strong> , \u00e9v\u00e9nement parfait pour toute la famille pour participer sur les Downs&nbsp;! Rainbow Fitness <strong>collecte des fonds pour une association caritative<\/strong> [ <a href=\"https:\/\/www.nbt.nhs.uk\/bristol-urological-institute\">Bristol Urological Institute Prostate Cancer Appeal<\/a> ] en <strong>vous offrant en retour un \u00e9tirement de qualit\u00e9<\/strong> pour vous-m\u00eame ou votre groupe., retrouvez-nous sous notre tente.[\/vc_column_text][vc_column_text css=\u00a0\u00bb.vc_custom_1470405142326{padding-bottom: 10px !important;}\u00a0\u00bb]<strong>Dimanche 30 septembre, <a href=\"http:\/\/www.greatrun.org\/great-bristol-half-marathon\">Semi-Marathon de Bristol<\/a><\/strong> 13miles [~21.6km], Rainbow Fitness cherche \u00e0 <strong>sensibiliser<\/strong> \u00e0 l&rsquo;option saine d&rsquo; <a href=\"\/?page_id=2289\">\u00e9tirer<\/a> les muscles&nbsp;: avant la course, nous sommes l\u00e0 pour vous fournir des \u00e9chauffements efficaces et <strong>r\u00e9pondre \u00e0 vos questions<\/strong> . Apr\u00e8s la course, <strong>des \u00e9tirements collectifs de qualit\u00e9 et des \u00e9tirements<\/strong> <strong>assist\u00e9s gratuits<\/strong>[1to1] . Retrouvez-nous \u00e0 c\u00f4t\u00e9 de la tente de <a href=\"http:\/\/www.pennybrohn.org.uk\/\">Penny Brohn Cancer Care<\/a> .[\/vc_column_text][vc_column_text css=\u00a0\u00bb.vc_custom_1470405217217{padding-bottom: 10px !important;}\u00a0\u00bb]Samedi 27 octobre, <a href=\"http:\/\/runbristol.com\/App_Errors\/404.aspx?aspxerrorpath=\/AshtonCourt\/81\/Welcome.aspx\">Ashton court Run 10km<\/a> , soutenant <a href=\"http:\/\/www.cancerresearchuk.org\/\">Cancer Research UK<\/a> , Rainbow Fitness sera l\u00e0 <strong>pour fournir une \u00ab\u00a0station d&rsquo;\u00e9tirement\u00a0\u00bb<\/strong> au public.[\/vc_column_text][vc_column_text css=\u00a0\u00bb.vc_custom_1470405386934{padding-bottom: 10px !important;}\u00a0\u00bb]Dimanche 18 novembre, Blaise Castle estate, <a href=\"https:\/\/www.stroke.org.uk\/fundraising\/annual-fundraising-events\/resolution-run-series\">Resolution 5k\/10k\/15km<\/a> , soutenant <a href=\"https:\/\/www.stroke.org.uk\/\">Stroke Association<\/a> , Rainbow Fitness sera l\u00e0 <strong>pour fournir une \u00ab\u00a0station d&rsquo;\u00e9tirement\u00a0\u00bb<\/strong> au public.[\/vc_column_text][vc_single_image image=\u00a0\u00bb1201&Prime; img_size=\u00a0\u00bblarge\u00a0\u00bb alignment=\u00a0\u00bbcenter\u00a0\u00bb qode_css_animation=\u00a0\u00bb\u00a0\u00bb][\/vc_column][\/vc_row]\n","protected":false},"excerpt":{"rendered":"<p>[vc_row row_type=\u00a0\u00bbrow\u00a0\u00bb use_row_as_full_screen_section=\u00a0\u00bbno\u00a0\u00bb type=\u00a0\u00bbfull_width\u00a0\u00bb angled_section=\u00a0\u00bbno\u00a0\u00bb text_align=\u00a0\u00bbleft\u00a0\u00bb background_image_as_pattern=\u00a0\u00bbwithout_pattern\u00a0\u00bb css_animation=\u00a0\u00bb\u00a0\u00bb][vc_column css=\u00a0\u00bb.vc_custom_1466687919046{padding-top: 20px !important;padding-bottom: 40px !important;}\u00a0\u00bb][vc_column_text] \u00c9v\u00e9nements de collecte de fonds caritatifs 2012. [\/vc_column_text][vc_separator type=\u00a0\u00bbsmall\u00a0\u00bb position=\u00a0\u00bbcenter\u00a0\u00bb color=\u00a0\u00bb#9365b8&Prime; thickness=\u00a0\u00bb5&Prime;][\/vc_column][\/vc_row][vc_row row_type=\u00a0\u00bbrow\u00a0\u00bb use_row_as_full_screen_section=\u00a0\u00bbno\u00a0\u00bb type=\u00a0\u00bbfull_width\u00a0\u00bb angled_section=\u00a0\u00bbno\u00a0\u00bb text_align=\u00a0\u00bbleft\u00a0\u00bb background_image_as_pattern=\u00a0\u00bbwithout_pattern\u00a0\u00bb css_animation=\u00a0\u00bb\u00a0\u00bb][vc_column css=\u00a0\u00bb.vc_custom_1470404590750{padding-bottom: 50px !important;}\u00a0\u00bb][vc_column_text css=\u00a0\u00bb.vc_custom_1470404667737{padding-bottom: 10px !important;}\u00a0\u00bb]Dimanche 20 mai, Bristol 10km , Rainbow Fitness&#8230;<\/p>\n","protected":false},"author":1,"featured_media":0,"parent":0,"menu_order":0,"comment_status":"closed","ping_status":"closed","template":"","meta":{"footnotes":""},"class_list":["post-2209","page","type-page","status-publish","hentry"],"_links":{"self":[{"href":"https:\/\/rainbowfitness.org\/fr\/wp-json\/wp\/v2\/pages\/2209","targetHints":{"allow":["GET"]}}],"collection":[{"href":"https:\/\/rainbowfitness.org\/fr\/wp-json\/wp\/v2\/pages"}],"about":[{"href":"https:\/\/rainbowfitness.org\/fr\/wp-json\/wp\/v2\/types\/page"}],"author":[{"embeddable":true,"href":"https:\/\/rainbowfitness.org\/fr\/wp-json\/wp\/v2\/users\/1"}],"replies":[{"embeddable":true,"href":"https:\/\/rainbowfitness.org\/fr\/wp-json\/wp\/v2\/comments?post=2209"}],"version-history":[{"count":2,"href":"https:\/\/rainbowfitness.org\/fr\/wp-json\/wp\/v2\/pages\/2209\/revisions"}],"predecessor-version":[{"id":2220,"href":"https:\/\/rainbowfitness.org\/fr\/wp-json\/wp\/v2\/pages\/2209\/revisions\/2220"}],"wp:attachment":[{"href":"https:\/\/rainbowfitness.org\/fr\/wp-json\/wp\/v2\/media?parent=2209"}],"curies":[{"name":"wp","href":"https:\/\/api.w.org\/{rel}","templated":true}]}}